{"id":21999,"date":"2025-11-28T12:56:34","date_gmt":"2025-11-28T12:56:34","guid":{"rendered":"https:\/\/esentyaestate.com\/?page_id=21999"},"modified":"2025-11-28T12:57:13","modified_gmt":"2025-11-28T12:57:13","slug":"register-user","status":"publish","type":"page","link":"https:\/\/esentyaestate.com\/fr\/register-user\/","title":{"rendered":"Utilisateur enregistr\u00e9"},"content":{"rendered":"<div data-elementor-type=\"wp-page\" data-elementor-id=\"21999\" class=\"elementor elementor-21999\" data-elementor-post-type=\"page\">\n\t\t\t\t<div class=\"elementor-element elementor-element-338679b e-flex e-con-boxed e-con e-parent\" data-id=\"338679b\" data-element_type=\"container\">\n\t\t\t\t\t<div class=\"e-con-inner\">\n\t\t\t\t<div class=\"elementor-element elementor-element-fe1b2ff elementor-widget elementor-widget-WpResidence_Login\" data-id=\"fe1b2ff\" data-element_type=\"widget\" data-widget_type=\"WpResidence_Login.default\">\n\t\t\t\t<div class=\"elementor-widget-container\">\n\t\t\t\t\t<div class=\"login_form wpestate_login_form_wrapper\">\n    <div class=\"login_register_div_title\">Connectez-vous \u00e0 votre compte<\/div>\n    <div class=\"loginalert login_register_message_area\" ><\/div>\n    <input type=\"text\" class=\"form-control wpestate_login_form_username\" name=\"log\"  placeholder=\"Nom d&#039;utilisateur\"\/>\n\n    <div class=\"password_holder\">\n        <input type=\"password\" class=\"form-control wpestate_login_form_password\" name=\"pwd\" placeholder=\"Mot de passe\"\/>\n        <i class=\"far fa-eye-slash show_hide_password\"><\/i>\n    <\/div>\n    <input type=\"hidden\" name=\"loginpop\" class=\"loginpop\" value=\"0\">\n    <input type=\"hidden\" class=\"wpestate_login_form_security\" name=\"security-login-topbar\" \n            value=\"7faf8b9430\">\n    <button class=\"wpresidence_button wpestate_login_submit_button\" >Se connecter<\/button>\n        <input type=\"hidden\" class=\"wpestate_social_login_nonce\" value=\"d2bd5a4926\">\n\n    \n        \n\n    <\/div>\n<div class=\"login_form wpestate_register_form_wrapper\" >\n\n\n\n    \n\n    <div class=\"login_register_div_title\">Cr\u00e9er un compte<\/div>\n    <div class=\"loginalert wpestate_register_message_area\"><\/div>\n    \n    <input type=\"text\" name=\"user_login_register\"  class=\"form-control wpestate_register_form_usenmame\" placeholder=\"Nom d&#039;utilisateur\"\/>\n    <input type=\"email\" name=\"user_email_register\" class=\"form-control wpestate_register_form_email\" placeholder=\"E-mail\" \/>\n\n    \n            <select  name=\"new_user_type_topbar\" class=\"form-select wpestate_register_form_user_type\">\n            <option value=\"0\">S\u00e9lectionnez le type d&#039;utilisateur<\/option>\n                                <option value=\"subscriber\">Utilisateur<\/option>\n                                <option value=\"wpresidence_agency_role\">Agence<\/option>\n                                <option value=\"wpresidence_developer_role\">Promoteur<\/option>\n                    <\/select>\n    \n    <div class=\"wpestate_register_form_agree_terms_label_wrapper\">\n        <input type=\"checkbox\" name=\"terms\" id=\"user_terms_register_topbar_\" class=\"wpestate_register_form_agree_terms\" \/>\n        <label class=\"wpestate_register_form_agree_terms_label\" for=\"user_terms_register_topbar_\">\n            Je suis d&#039;accord avec <a href=\"https:\/\/esentyaestate.com\/fr\/legal-notice\/\" target=\"_blank\" class=\"wpestate_register_form_agree_terms_link\">conditions g\u00e9n\u00e9rales<\/a>        <\/label>\n    <\/div>\n\n            <p class=\"wpestate_register_form_request_password\"\">Un mot de passe vous sera envoy\u00e9 par courriel.<\/p>\n    \n    <input type=\"hidden\" class=\"wpestate_register_form_security\" name=\"security-register-topbar\" value=\"ac57657b10\">\n    <button class=\"wpresidence_button wpestate_register_submit_button\">Registre<\/button>\n\n    <\/div><div class=\"login_form wpestate_forgot_form_wrapper\">\n    <div class=\"login_register_div_title\">R\u00e9initialiser le mot de passe<\/div>\n    <div class=\"loginalert login_register_message_area\" ><\/div>\n\n    <input type=\"email\" class=\"form-control wpestate_forgot_form_email\" name=\"forgot_email\" placeholder=\"Saisissez votre adresse e-mail\" size=\"20\" \/>\n  \n    <input type=\"hidden\" id=\"security-forgot-topbar\" name=\"security-forgot-topbar\" value=\"34878f8f22\" \/><input type=\"hidden\" name=\"_wp_http_referer\" value=\"\/fr\/wp-json\/wp\/v2\/pages\/21999\" \/>\n\n    <input type=\"hidden\" class=\"wpestate_forgot_form_security\" name=\"security-login-topbar\" \n            value=\"ff2b364f59\">\n\n    \n    <input type=\"hidden\" class=\"wpestate_auth_postid\" value=\"21999\">\n    <button class=\"wpresidence_button wpestate_forgot_password_submit_button\" name=\"forgot\">R\u00e9initialiser le mot de passe<\/button>\n<\/div><div class=\"login_modal_control\">\n    <a href=\"#\" class=\"wpestate_login_form_switch_login\">Retour \u00e0 la page de connexion<\/a>\n    <a href=\"#\" class=\"wpestate_login_form_switch_register\">Inscrivez-vous ici !<\/a>\n    <a href=\"#\" class=\"wpestate_login_form_switch_forgot\">Mot de passe oubli\u00e9 ?<\/a>\n\n\n    <input type=\"hidden\" name=\"loginpop\" class=\"loginpop\" value=\"0\">\n<\/div>\t\t\t\t<\/div>\n\t\t\t\t<\/div>\n\t\t\t\t\t<\/div>\n\t\t\t\t<\/div>\n\t\t\t\t<\/div>","protected":false},"excerpt":{"rendered":"<p>Connectez-vous \u00e0 votre compte Connexion Cr\u00e9er un compte S\u00e9lectionnez votre type d&#039;utilisateur Utilisateur Agence D\u00e9veloppeur J&#039;accepte les conditions g\u00e9n\u00e9rales<\/p>","protected":false},"author":1,"featured_media":0,"parent":0,"menu_order":0,"comment_status":"closed","ping_status":"closed","template":"","meta":{"inline_featured_image":false,"footnotes":""},"class_list":["post-21999","page","type-page","status-publish","hentry"],"_links":{"self":[{"href":"https:\/\/esentyaestate.com\/fr\/wp-json\/wp\/v2\/pages\/21999","targetHints":{"allow":["GET"]}}],"collection":[{"href":"https:\/\/esentyaestate.com\/fr\/wp-json\/wp\/v2\/pages"}],"about":[{"href":"https:\/\/esentyaestate.com\/fr\/wp-json\/wp\/v2\/types\/page"}],"author":[{"embeddable":true,"href":"https:\/\/esentyaestate.com\/fr\/wp-json\/wp\/v2\/users\/1"}],"replies":[{"embeddable":true,"href":"https:\/\/esentyaestate.com\/fr\/wp-json\/wp\/v2\/comments?post=21999"}],"version-history":[{"count":0,"href":"https:\/\/esentyaestate.com\/fr\/wp-json\/wp\/v2\/pages\/21999\/revisions"}],"wp:attachment":[{"href":"https:\/\/esentyaestate.com\/fr\/wp-json\/wp\/v2\/media?parent=21999"}],"curies":[{"name":"wp","href":"https:\/\/api.w.org\/{rel}","templated":true}]}}