{"id":26589,"date":"2025-12-16T13:40:28","date_gmt":"2025-12-16T13:40:28","guid":{"rendered":"https:\/\/esentyaestate.com\/?page_id=26589"},"modified":"2025-12-23T08:05:34","modified_gmt":"2025-12-23T08:05:34","slug":"free-property-sale","status":"publish","type":"page","link":"https:\/\/esentyaestate.com\/fr\/free-property-sale\/","title":{"rendered":"Vente immobili\u00e8re gratuite"},"content":{"rendered":"<div data-elementor-type=\"wp-page\" data-elementor-id=\"26589\" class=\"elementor elementor-26589\" data-elementor-post-type=\"page\">\n\t\t\t\t\t\t<section class=\"elementor-section elementor-top-section elementor-element elementor-element-33eb9a76 elementor-section-boxed elementor-section-height-default elementor-section-height-default\" data-id=\"33eb9a76\" data-element_type=\"section\">\n\t\t\t\t\t\t<div class=\"elementor-container elementor-column-gap-default\">\n\t\t\t\t\t<div class=\"elementor-column elementor-col-100 elementor-top-column elementor-element elementor-element-4e4fe8d3\" data-id=\"4e4fe8d3\" data-element_type=\"column\" data-settings=\"{&quot;background_background&quot;:&quot;slideshow&quot;,&quot;background_slideshow_gallery&quot;:[{&quot;id&quot;:26594,&quot;url&quot;:&quot;https:\\\/\\\/esentyaestate.com\\\/wp-content\\\/uploads\\\/2025\\\/12\\\/property-free-sale.jpg&quot;}],&quot;background_slideshow_loop&quot;:&quot;yes&quot;,&quot;background_slideshow_slide_duration&quot;:5000,&quot;background_slideshow_slide_transition&quot;:&quot;fade&quot;,&quot;background_slideshow_transition_duration&quot;:500}\">\n\t\t\t<div class=\"elementor-widget-wrap elementor-element-populated\">\n\t\t\t\t\t\t<div class=\"elementor-element elementor-element-bba19bb elementor-widget elementor-widget-spacer\" data-id=\"bba19bb\" data-element_type=\"widget\" data-widget_type=\"spacer.default\">\n\t\t\t\t\t\t\t<div class=\"elementor-spacer\">\n\t\t\t<div class=\"elementor-spacer-inner\"><\/div>\n\t\t<\/div>\n\t\t\t\t\t\t<\/div>\n\t\t\t\t<div class=\"elementor-element elementor-element-5c6fd94b elementor-widget elementor-widget-heading\" data-id=\"5c6fd94b\" data-element_type=\"widget\" data-widget_type=\"heading.default\">\n\t\t\t\t\t<h1 class=\"elementor-heading-title elementor-size-default\">Gagnez une vente immobili\u00e8re gratuite !<\/h1>\t\t\t\t<\/div>\n\t\t\t\t<div class=\"elementor-element elementor-element-5d2fb7f4 elementor-widget elementor-widget-heading\" data-id=\"5d2fb7f4\" data-element_type=\"widget\" data-widget_type=\"heading.default\">\n\t\t\t\t\t<h2 class=\"elementor-heading-title elementor-size-default\">Esentya Estate offre une vente immobili\u00e8re gratuite.<\/h2>\t\t\t\t<\/div>\n\t\t\t\t<div class=\"elementor-element elementor-element-6a7bde84 elementor-widget elementor-widget-spacer\" data-id=\"6a7bde84\" data-element_type=\"widget\" data-widget_type=\"spacer.default\">\n\t\t\t\t\t\t\t<div class=\"elementor-spacer\">\n\t\t\t<div class=\"elementor-spacer-inner\"><\/div>\n\t\t<\/div>\n\t\t\t\t\t\t<\/div>\n\t\t\t\t\t<\/div>\n\t\t<\/div>\n\t\t\t\t\t<\/div>\n\t\t<\/section>\n\t\t\t\t<section class=\"elementor-section elementor-top-section elementor-element elementor-element-1612cbe7 elementor-section-boxed elementor-section-height-default elementor-section-height-default\" data-id=\"1612cbe7\" data-element_type=\"section\">\n\t\t\t\t\t\t<div class=\"elementor-container elementor-column-gap-default\">\n\t\t\t\t\t<div class=\"elementor-column elementor-col-100 elementor-top-column elementor-element elementor-element-aa27c5f\" data-id=\"aa27c5f\" data-element_type=\"column\">\n\t\t\t<div class=\"elementor-widget-wrap elementor-element-populated\">\n\t\t\t\t\t\t<div class=\"elementor-element elementor-element-3304b504 elementor-widget elementor-widget-heading\" data-id=\"3304b504\" data-element_type=\"widget\" data-widget_type=\"heading.default\">\n\t\t\t\t\t<h3 class=\"elementor-heading-title elementor-size-default\">Remplissez le formulaire pour participer au concours.<\/h3>\t\t\t\t<\/div>\n\t\t\t\t\t<\/div>\n\t\t<\/div>\n\t\t\t\t\t<\/div>\n\t\t<\/section>\n\t\t\t\t<section class=\"elementor-section elementor-top-section elementor-element elementor-element-1630f8c2 elementor-section-full_width elementor-section-height-default elementor-section-height-default\" data-id=\"1630f8c2\" data-element_type=\"section\" data-settings=\"{&quot;background_background&quot;:&quot;classic&quot;}\">\n\t\t\t\t\t\t\t<div class=\"elementor-background-overlay\"><\/div>\n\t\t\t\t\t\t\t<div class=\"elementor-container elementor-column-gap-default\">\n\t\t\t\t\t<div class=\"elementor-column elementor-col-100 elementor-top-column elementor-element elementor-element-6cc9f8fc\" data-id=\"6cc9f8fc\" data-element_type=\"column\" data-settings=\"{&quot;background_background&quot;:&quot;slideshow&quot;,&quot;background_slideshow_gallery&quot;:[],&quot;background_slideshow_slide_duration&quot;:5000,&quot;background_slideshow_slide_transition&quot;:&quot;fade&quot;,&quot;background_slideshow_transition_duration&quot;:500}\">\n\t\t\t<div class=\"elementor-widget-wrap elementor-element-populated\">\n\t\t\t\t\t\t<div class=\"elementor-element elementor-element-6079aecf elementor-button-align-stretch elementor-widget elementor-widget-form\" data-id=\"6079aecf\" data-element_type=\"widget\" data-settings=\"{&quot;step_next_label&quot;:&quot;Next&quot;,&quot;step_previous_label&quot;:&quot;Previous&quot;,&quot;button_width&quot;:&quot;100&quot;,&quot;step_type&quot;:&quot;number_text&quot;,&quot;step_icon_shape&quot;:&quot;circle&quot;}\" data-widget_type=\"form.default\">\n\t\t\t\t\t\t\t<form class=\"elementor-form\" method=\"post\" name=\"New Form\" aria-label=\"Nouvelle forme\" action=\"\">\n\t\t\t<input type=\"hidden\" name=\"post_id\" value=\"26589\"\/>\n\t\t\t<input type=\"hidden\" name=\"form_id\" value=\"6079aecf\"\/>\n\t\t\t<input type=\"hidden\" name=\"referer_title\" value=\"\" \/>\n\n\t\t\t\n\t\t\t<div class=\"elementor-form-fields-wrapper elementor-labels-\">\n\t\t\t\t\t\t\t\t<div class=\"elementor-field-type-text elementor-field-group elementor-column elementor-field-group-name elementor-col-100 elementor-field-required\">\n\t\t\t\t\t\t\t\t\t\t\t\t<label for=\"form-field-name\" class=\"elementor-field-label elementor-screen-only\">\n\t\t\t\t\t\t\t\tNom\t\t\t\t\t\t\t<\/label>\n\t\t\t\t\t\t\t\t\t\t\t\t\t\t<input size=\"1\" type=\"text\" name=\"form_fields[name]\" id=\"form-field-name\" class=\"elementor-field elementor-size-sm  elementor-field-textual\" placeholder=\"Nom et pr\u00e9nom\" required=\"required\">\n\t\t\t\t\t\t\t\t\t\t\t<\/div>\n\t\t\t\t\t\t\t\t<div class=\"elementor-field-type-email elementor-field-group elementor-column elementor-field-group-email elementor-col-100 elementor-field-required\">\n\t\t\t\t\t\t\t\t\t\t\t\t<label for=\"form-field-email\" class=\"elementor-field-label elementor-screen-only\">\n\t\t\t\t\t\t\t\tE-mail\t\t\t\t\t\t\t<\/label>\n\t\t\t\t\t\t\t\t\t\t\t\t\t\t<input size=\"1\" type=\"email\" name=\"form_fields[email]\" id=\"form-field-email\" class=\"elementor-field elementor-size-sm  elementor-field-textual\" placeholder=\"E-mail\" required=\"required\">\n\t\t\t\t\t\t\t\t\t\t\t<\/div>\n\t\t\t\t\t\t\t\t<div class=\"elementor-field-type-tel elementor-field-group elementor-column elementor-field-group-field_0f17aba elementor-col-100 elementor-field-required\">\n\t\t\t\t\t\t\t\t\t\t\t\t<label for=\"form-field-field_0f17aba\" class=\"elementor-field-label elementor-screen-only\">\n\t\t\t\t\t\t\t\tT\u00e9l\u00e9phone\t\t\t\t\t\t\t<\/label>\n\t\t\t\t\t\t\t\t<input size=\"1\" type=\"tel\" name=\"form_fields[field_0f17aba]\" id=\"form-field-field_0f17aba\" class=\"elementor-field elementor-size-sm  elementor-field-textual\" placeholder=\"T\u00e9l\u00e9phone\" required=\"required\" pattern=\"[0-9()#&amp;+*-=.]+\" title=\"Seuls les chiffres et les caract\u00e8res t\u00e9l\u00e9phoniques (#, -, *, etc.) sont accept\u00e9s.\">\n\n\t\t\t\t\t\t<\/div>\n\t\t\t\t\t\t\t\t<div class=\"elementor-field-type-text elementor-field-group elementor-column elementor-field-group-field_c3807a2 elementor-col-100 elementor-field-required\">\n\t\t\t\t\t\t\t\t\t\t\t\t<label for=\"form-field-field_c3807a2\" class=\"elementor-field-label elementor-screen-only\">\n\t\t\t\t\t\t\t\tEmplacement\t\t\t\t\t\t\t<\/label>\n\t\t\t\t\t\t\t\t\t\t\t\t\t\t<input size=\"1\" type=\"text\" name=\"form_fields[field_c3807a2]\" id=\"form-field-field_c3807a2\" class=\"elementor-field elementor-size-sm  elementor-field-textual\" placeholder=\"Ville \/ Zone \/ Urbanisation\" required=\"required\">\n\t\t\t\t\t\t\t\t\t\t\t<\/div>\n\t\t\t\t\t\t\t\t<div class=\"elementor-field-type-textarea elementor-field-group elementor-column elementor-field-group-message elementor-col-100\">\n\t\t\t\t\t\t\t\t\t\t\t\t<label for=\"form-field-message\" class=\"elementor-field-label elementor-screen-only\">\n\t\t\t\t\t\t\t\tMessage\t\t\t\t\t\t\t<\/label>\n\t\t\t\t\t\t<textarea class=\"elementor-field-textual elementor-field  elementor-size-sm\" name=\"form_fields[message]\" id=\"form-field-message\" rows=\"4\" placeholder=\"Ajoutez une br\u00e8ve description de votre maison\"><\/textarea>\t\t\t\t<\/div>\n\t\t\t\t\t\t\t\t<div class=\"elementor-field-type-recaptcha_v3 elementor-field-group elementor-column elementor-field-group-field_6134f3f elementor-col-100 recaptcha_v3-bottomright\">\n\t\t\t\t\t<div class=\"elementor-field\" id=\"form-field-field_6134f3f\"><div class=\"elementor-g-recaptcha\" data-sitekey=\"6LezZTQsAAAAAOKt42u1Kv9XH3fmnFRCYeNTuqmV\" data-type=\"v3\" data-action=\"Form\" data-badge=\"bottomright\" data-size=\"invisible\"><\/div><\/div>\t\t\t\t<\/div>\n\t\t\t\t\t\t\t\t<div class=\"elementor-field-group elementor-column elementor-field-type-submit elementor-col-100 e-form__buttons\">\n\t\t\t\t\t<button class=\"elementor-button elementor-size-sm\" type=\"submit\">\n\t\t\t\t\t\t<span class=\"elementor-button-content-wrapper\">\n\t\t\t\t\t\t\t\t\t\t\t\t\t\t\t\t\t\t\t\t\t\t<span class=\"elementor-button-text\">Envoyer<\/span>\n\t\t\t\t\t\t\t\t\t\t\t\t\t<\/span>\n\t\t\t\t\t<\/button>\n\t\t\t\t<\/div>\n\t\t\t<\/div>\n\t\t<input type=\"hidden\" name=\"trp-form-language\" value=\"fr\"\/><\/form>\n\t\t\t\t\t\t<\/div>\n\t\t\t\t\t<\/div>\n\t\t<\/div>\n\t\t\t\t\t<\/div>\n\t\t<\/section>\n\t\t\t\t<section class=\"elementor-section elementor-top-section elementor-element elementor-element-65998217 elementor-section-boxed elementor-section-height-default elementor-section-height-default\" data-id=\"65998217\" data-element_type=\"section\">\n\t\t\t\t\t\t<div class=\"elementor-container elementor-column-gap-default\">\n\t\t\t\t\t<div class=\"elementor-column elementor-col-100 elementor-top-column elementor-element elementor-element-3692d0ea\" data-id=\"3692d0ea\" data-element_type=\"column\">\n\t\t\t<div class=\"elementor-widget-wrap elementor-element-populated\">\n\t\t\t\t\t\t<div class=\"elementor-element elementor-element-6025cfdd elementor-widget elementor-widget-heading\" data-id=\"6025cfdd\" data-element_type=\"widget\" data-widget_type=\"heading.default\">\n\t\t\t\t\t<h3 class=\"elementor-heading-title elementor-size-default\">Du 15 D\u00e9cembre 2025 au 30 Janvier 2026, vous pouvez participer au tirage au sort pour gagner une vente immobili\u00e8re gratuite d\u2019une valeur comprise entre 5 000 \u20ac et 50 000 \u20ac.<\/h3>\t\t\t\t<\/div>\n\t\t\t\t<div class=\"elementor-element elementor-element-153c311 elementor-widget elementor-widget-text-editor\" data-id=\"153c311\" data-element_type=\"widget\" data-widget_type=\"text-editor.default\">\n\t\t\t\t\t\t\t\t\t<p>Voici ce que nous prenons en charge pour le gagnant :<\/p><ul><li>Commission<\/li><li>Frais de facilitation<\/li><li>Frais de r\u00e8glement<\/li><li>Visites<\/li><li>Commercialisation<\/li><li>Photographe professionnel<\/li><\/ul><p>(L\u2019assistance juridique via un avocat externe n\u2019est pas incluse)<\/p><p>Tirage au sort : Lundi 30 janvier 2026. Les gagnants seront contact\u00e9s directement et annonc\u00e9s sur notre page Facebook.<\/p><p>Conditions g\u00e9n\u00e9rales du concours\u00a0: <br \/>Toute personne s&#039;inscrivant avant le 30 janvier participera au tirage au sort pour gagner une vente immobili\u00e8re gratuite. <br \/>Le gagnant devra inscrire le bien en vente en exclusivit\u00e9 aupr\u00e8s d&#039;Esentya au cours de l&#039;ann\u00e9e 2026. Le prix est personnel et ne peut \u00eatre ni transf\u00e9r\u00e9 ni \u00e9chang\u00e9 contre de l&#039;argent. <br \/>Ce concours n&#039;est ni sponsoris\u00e9 ni administr\u00e9 par Instagram ou Facebook.<\/p><p>\ud83d\udc49 Inscrivez-vous maintenant et participez au tirage au sort ! <br \/><br \/>N&#039;h\u00e9sitez pas \u00e0 nous contacter pour une estimation gratuite ou des conseils sur l&#039;achat et la vente.<\/p>\t\t\t\t\t\t\t\t<\/div>\n\t\t\t\t\t<\/div>\n\t\t<\/div>\n\t\t\t\t\t<\/div>\n\t\t<\/section>\n\t\t\t\t<\/div>","protected":false},"excerpt":{"rendered":"<p>Gagnez une vente immobili\u00e8re gratuite ! Esentya Estate vous offre une vente immobili\u00e8re. Remplissez le formulaire pour participer au concours. Du 15 d\u00e9cembre 2025 au 29 janvier 2026, vous pouvez participer au tirage au sort pour tenter de gagner une vente immobili\u00e8re d&#039;une valeur comprise entre 5\u00a0000 \u20ac et 50\u00a0000 \u20ac. Voici ce que nous prenons en charge pour le gagnant\u00a0: commission, frais de mise en relation, frais de r\u00e8glement, visites, marketing, photographe professionnel\u2026<\/p>","protected":false},"author":1,"featured_media":0,"parent":0,"menu_order":0,"comment_status":"closed","ping_status":"closed","template":"elementor_header_footer","meta":{"inline_featured_image":false,"footnotes":""},"class_list":["post-26589","page","type-page","status-publish","hentry"],"_links":{"self":[{"href":"https:\/\/esentyaestate.com\/fr\/wp-json\/wp\/v2\/pages\/26589","targetHints":{"allow":["GET"]}}],"collection":[{"href":"https:\/\/esentyaestate.com\/fr\/wp-json\/wp\/v2\/pages"}],"about":[{"href":"https:\/\/esentyaestate.com\/fr\/wp-json\/wp\/v2\/types\/page"}],"author":[{"embeddable":true,"href":"https:\/\/esentyaestate.com\/fr\/wp-json\/wp\/v2\/users\/1"}],"replies":[{"embeddable":true,"href":"https:\/\/esentyaestate.com\/fr\/wp-json\/wp\/v2\/comments?post=26589"}],"version-history":[{"count":0,"href":"https:\/\/esentyaestate.com\/fr\/wp-json\/wp\/v2\/pages\/26589\/revisions"}],"wp:attachment":[{"href":"https:\/\/esentyaestate.com\/fr\/wp-json\/wp\/v2\/media?parent=26589"}],"curies":[{"name":"wp","href":"https:\/\/api.w.org\/{rel}","templated":true}]}}