{"id":148083,"date":"2026-03-09T11:02:21","date_gmt":"2026-03-09T11:02:21","guid":{"rendered":"https:\/\/esentyaestate.com\/?page_id=148083"},"modified":"2026-04-09T14:19:30","modified_gmt":"2026-04-09T13:19:30","slug":"why-sell-with-esentya","status":"publish","type":"page","link":"https:\/\/esentyaestate.com\/pl\/why-sell-with-esentya\/","title":{"rendered":"Dlaczego warto sprzedawa\u0107 z Esentya"},"content":{"rendered":"<div data-elementor-type=\"wp-page\" data-elementor-id=\"148083\" class=\"elementor elementor-148083\" data-elementor-post-type=\"page\">\n\t\t\t\t<div class=\"elementor-element elementor-element-1f8c4a0d e-flex e-con-boxed e-con e-parent\" data-id=\"1f8c4a0d\" data-element_type=\"container\" data-settings=\"{&quot;background_background&quot;:&quot;slideshow&quot;,&quot;background_slideshow_slide_duration&quot;:10000,&quot;background_slideshow_gallery&quot;:[{&quot;id&quot;:188880,&quot;url&quot;:&quot;https:\\\/\\\/esentyaestate.com\\\/wp-content\\\/uploads\\\/2026\\\/04\\\/category-footer3-webp.webp&quot;},{&quot;id&quot;:188881,&quot;url&quot;:&quot;https:\\\/\\\/esentyaestate.com\\\/wp-content\\\/uploads\\\/2026\\\/04\\\/category-footer2-webp.webp&quot;}],&quot;background_slideshow_lazyload&quot;:&quot;yes&quot;,&quot;background_slideshow_ken_burns&quot;:&quot;yes&quot;,&quot;background_slideshow_loop&quot;:&quot;yes&quot;,&quot;background_slideshow_slide_transition&quot;:&quot;fade&quot;,&quot;background_slideshow_transition_duration&quot;:500,&quot;background_slideshow_ken_burns_zoom_direction&quot;:&quot;in&quot;}\">\n\t\t\t\t\t<div class=\"e-con-inner\">\n\t\t<div class=\"elementor-element elementor-element-1029d59 e-con-full e-flex e-con e-child\" data-id=\"1029d59\" data-element_type=\"container\">\n\t\t\t\t<div class=\"elementor-element elementor-element-17c471c7 elementor-widget elementor-widget-heading\" data-id=\"17c471c7\" data-element_type=\"widget\" data-widget_type=\"heading.default\">\n\t\t\t\t\t<h2 class=\"elementor-heading-title elementor-size-default\">Chcesz pozna\u0107 warto\u015b\u0107 swojej nieruchomo\u015bci?<\/h2>\t\t\t\t<\/div>\n\t\t\t\t<div class=\"elementor-element elementor-element-24322dd7 elementor-widget elementor-widget-heading\" data-id=\"24322dd7\" data-element_type=\"widget\" data-widget_type=\"heading.default\">\n\t\t\t\t\t<h2 class=\"elementor-heading-title elementor-size-default\">Uzyskaj wgl\u0105d w rzeczywist\u0105 warto\u015b\u0107 swojej nieruchomo\u015bci dzi\u0119ki gruntownemu i profesjonalnemu procesowi wyceny. Nasz zesp\u00f3\u0142 ekspert\u00f3w skrupulatnie ocenia r\u00f3\u017cne czynniki, takie jak lokalizacja, wielko\u015b\u0107, stan i aktualne trendy rynkowe, aby przedstawi\u0107 Ci dok\u0142adn\u0105 wycen\u0119 Twojego domu.<\/h2>\t\t\t\t<\/div>\n\t\t\t\t<\/div>\n\t\t<div class=\"elementor-element elementor-element-55baafb3 e-flex e-con-boxed e-con e-child\" data-id=\"55baafb3\" data-element_type=\"container\" data-settings=\"{&quot;background_background&quot;:&quot;classic&quot;}\">\n\t\t\t\t\t<div class=\"e-con-inner\">\n\t\t\t\t<div class=\"elementor-element elementor-element-cd57d6e elementor-button-align-center elementor-widget elementor-widget-WpResidence_Contact_Form_Builder\" data-id=\"cd57d6e\" data-element_type=\"widget\" data-widget_type=\"WpResidence_Contact_Form_Builder.default\">\n\t\t\t\t<div class=\"elementor-widget-container\">\n\t\t\t\t\t\n\n\n\n\n        <form class=\"elementor-form wpresidence_elementor_form wpestate_contact_form_parent\"  id=\"wpresidence-elementor-form-cd57d6e\" method=\"post\" action=\"\" >\n            <div class=\"alert-box error\">\n                <div class=\"alert-message\" id=\"alert-agent-contact\"><\/div>\n            <\/div>\n            <input name=\"prop_id\" type=\"hidden\"  id=\"agent_property_id\" value=\"\">\n            <input name=\"prop_id\" type=\"hidden\"  id=\"agent_id\" value=\"\">\n            <input name=\"prop_id\" type=\"hidden\"  id=\"contact_form_elementor\" value=\"1\">\n            <input type=\"hidden\" name=\"contact_ajax_nonce\" id=\"agent_property_ajax_nonce\"  value=\"d87a04575a\" \/>\n\n            \n            \n            <input type=\"hidden\" id=\"wpresidence_form_id\" name=\"wpresidence_form_id\" value=\"wpresidence_form_7934\" \/>\n        \n            <input type=\"hidden\" id=\"elementor_email_subject\" name=\"email_suject\" value=\"New email from Why sell with Esentya\" \/>\n\n\n            <div class=\"elementor-form-fields-wrapper elementor-labels-above\">\n        <div class=\"elementor-field-group elementor-column form-group elementor-field-group-24f699d elementor-col-100\"><label for=\"form-field-24f699d\" class=\"elementor-field-label elementor-screen-only\">Imi\u0119<\/label><input type=\"text\" name=\"name\" id=\"form-field-24f699d\" class=\"elementor-field form-control elementor-size-md elementor-field-textual\" placeholder=\"Pe\u0142ne imi\u0119 i nazwisko\"><\/div><div class=\"elementor-field-group elementor-column form-group elementor-field-group-email elementor-field-required elementor-col-100\"><label for=\"form-field-email\" class=\"elementor-field-label elementor-screen-only\">E-mail*<\/label><input type=\"email\" name=\"email\" id=\"form-field-email\" class=\"elementor-field form-control elementor-size-md elementor-field-textual\" required=\"required\" placeholder=\"E-mail\"><\/div><div class=\"elementor-field-group elementor-column form-group elementor-field-group-message elementor-field-required elementor-col-100\"><label for=\"form-field-message\" class=\"elementor-field-label elementor-screen-only\">Przeno\u015bny*<\/label><input type=\"text\" name=\"mobile\" id=\"form-field-message\" class=\"elementor-field form-control elementor-size-md elementor-field-textual\" required=\"required\" placeholder=\"Telefon\"><\/div><div class=\"elementor-field-group elementor-column form-group elementor-field-group-f1e07cd elementor-field-required elementor-col-100\"><label for=\"form-field-f1e07cd\" class=\"elementor-field-label elementor-screen-only\">Wiadomo\u015b\u0107*<\/label><textarea class=\"form-control elementor-field-textual elementor-field elementor-size-md\" name=\"message\" id=\"form-field-f1e07cd\" rows=\"4\" required=\"required\" placeholder=\"Dodaj kr\u00f3tki opis swojej nieruchomo\u015bci\"><\/textarea><\/div>\n                <div class=\"elementor-field-group elementor-column elementor-field-type-submit elementor-col-100\">\n        <div class=\"gpr_wrapper\"><input type=\"checkbox\"  role=\"checkbox\" aria-checked=\"false\" id=\"wpestate_agree_gdpr\" class=\"wpestate_agree_gdpr\" name=\"wpestate_agree_gdpr\" \/>\n                    <label for=\"wpestate_agree_gdpr\"><a target=\"_blank\" href=\"https:\/\/esentyaestate.com\/pl\/\">Zaznaczaj\u0105c pole \u201ePrzeczyta\u0142em i akceptuj\u0119\u201d w naszej Polityce Prywatno\u015bci, o\u015bwiadczasz, \u017ce przeczyta\u0142e\u015b, zrozumia\u0142e\u015b, zaakceptowa\u0142e\u015b i autoryzowa\u0142e\u015b wszystkie klauzule dotycz\u0105ce gromadzenia, przechowywania i przetwarzania Twoich danych osobowych. Zapoznaj si\u0119 z nasz\u0105 Polityk\u0105 Prywatno\u015bci.<\/a><\/label><\/div>\n\t\t\t\t\t\t\t\t\t\t\t\t                    <button type=\"submit\" class=\"agent_submit_class_elementor wpresidence_button wpresidence_button_elementor elementor-button elementor-size-md\">\n                    Wy\u015blij e-mail                            <\/button>\n\n                <\/div>\n            <\/div>\n\n\n\n        <input type=\"hidden\" name=\"trp-form-language\" value=\"pl\"\/><\/form>\n\n\n\n\n        \t\t\t\t<\/div>\n\t\t\t\t<\/div>\n\t\t\t\t\t<\/div>\n\t\t\t\t<\/div>\n\t\t\t\t\t<\/div>\n\t\t\t\t<\/div>\n\t\t<div class=\"elementor-element elementor-element-d343009 e-flex e-con-boxed e-con e-parent\" data-id=\"d343009\" data-element_type=\"container\">\n\t\t\t\t\t<div class=\"e-con-inner\">\n\t\t\t\t<div class=\"elementor-element elementor-element-5da680a elementor-widget elementor-widget-heading\" data-id=\"5da680a\" data-element_type=\"widget\" data-widget_type=\"heading.default\">\n\t\t\t\t\t<h1 class=\"elementor-heading-title elementor-size-default\">DLACZEGO WARTO SPRZEDAWA\u0106 Z ESENTYA<\/h1>\t\t\t\t<\/div>\n\t\t\t\t\t<\/div>\n\t\t\t\t<\/div>\n\t\t<div class=\"elementor-element elementor-element-0c51110 e-flex e-con-boxed e-con e-parent\" data-id=\"0c51110\" data-element_type=\"container\">\n\t\t\t\t\t<div class=\"e-con-inner\">\n\t\t\t\t<div class=\"elementor-element elementor-element-0727f5c elementor-widget elementor-widget-shortcode\" data-id=\"0727f5c\" data-element_type=\"widget\" data-widget_type=\"shortcode.default\">\n\t\t\t\t\t\t\t<div class=\"elementor-shortcode\"><div class=\"_df_book df-lite\" id=\"df_148085\"  _slug=\"148085\" data-title=\"why-sell-with-esentya-eng\" wpoptions=\"true\" thumbtype=\"\" ><\/div><script class=\"df-shortcode-script\" nowprocket type=\"application\/javascript\">window.option_df_148085 = {\"outline\":[],\"autoEnableOutline\":\"false\",\"autoEnableThumbnail\":\"false\",\"overwritePDFOutline\":\"false\",\"direction\":\"1\",\"pageSize\":\"0\",\"source\":\"https:\\\/\\\/esentyaestate.com\\\/wp-content\\\/uploads\\\/2026\\\/03\\\/Esentya-Estate-Magazine.pdf\",\"wpOptions\":\"true\"}; if(window.DFLIP && window.DFLIP.parseBooks){window.DFLIP.parseBooks();}<\/script><\/div>\n\t\t\t\t\t\t<\/div>\n\t\t\t\t\t<\/div>\n\t\t\t\t<\/div>\n\t\t\t\t<\/div>","protected":false},"excerpt":{"rendered":"<p>Chcesz pozna\u0107 warto\u015b\u0107 swojej nieruchomo\u015bci? Uzyskaj wgl\u0105d w rzeczywist\u0105 warto\u015b\u0107 swojej nieruchomo\u015bci dzi\u0119ki dok\u0142adnemu i profesjonalnemu procesowi wyceny. Nasz zesp\u00f3\u0142 ekspert\u00f3w skrupulatnie ocenia r\u00f3\u017cne czynniki, takie jak lokalizacja, wielko\u015b\u0107, stan i aktualne trendy rynkowe, aby zapewni\u0107 Ci dok\u0142adn\u0105 wycen\u0119 Twojego domu. Imi\u0119E-mail*Telefon kom\u00f3rkowy*Wiadomo\u015b\u0107* Zaznaczaj\u0105c pole \u201ePrzeczyta\u0142em i akceptuj\u0119\u201d w naszej Polityce Prywatno\u015bci,\u2026<\/p>","protected":false},"author":1,"featured_media":0,"parent":0,"menu_order":0,"comment_status":"closed","ping_status":"closed","template":"elementor_header_footer","meta":{"inline_featured_image":false,"footnotes":""},"class_list":["post-148083","page","type-page","status-publish","hentry"],"_links":{"self":[{"href":"https:\/\/esentyaestate.com\/pl\/wp-json\/wp\/v2\/pages\/148083","targetHints":{"allow":["GET"]}}],"collection":[{"href":"https:\/\/esentyaestate.com\/pl\/wp-json\/wp\/v2\/pages"}],"about":[{"href":"https:\/\/esentyaestate.com\/pl\/wp-json\/wp\/v2\/types\/page"}],"author":[{"embeddable":true,"href":"https:\/\/esentyaestate.com\/pl\/wp-json\/wp\/v2\/users\/1"}],"replies":[{"embeddable":true,"href":"https:\/\/esentyaestate.com\/pl\/wp-json\/wp\/v2\/comments?post=148083"}],"version-history":[{"count":6,"href":"https:\/\/esentyaestate.com\/pl\/wp-json\/wp\/v2\/pages\/148083\/revisions"}],"predecessor-version":[{"id":188887,"href":"https:\/\/esentyaestate.com\/pl\/wp-json\/wp\/v2\/pages\/148083\/revisions\/188887"}],"wp:attachment":[{"href":"https:\/\/esentyaestate.com\/pl\/wp-json\/wp\/v2\/media?parent=148083"}],"curies":[{"name":"wp","href":"https:\/\/api.w.org\/{rel}","templated":true}]}}