{"id":18153,"date":"2014-05-24T13:54:01","date_gmt":"2014-05-24T13:54:01","guid":{"rendered":"http:\/\/wpresidence.net\/?page_id=13"},"modified":"2025-11-27T08:43:34","modified_gmt":"2025-11-27T08:43:34","slug":"privacy-policy","status":"publish","type":"page","link":"https:\/\/esentyaestate.com\/pl\/privacy-policy\/","title":{"rendered":"Polityka prywatno\u015bci"},"content":{"rendered":"<p data-start=\"305\" data-end=\"596\">Zgodnie z przepisami obowi\u0105zuj\u0105cego prawa, <a class=\"decorated-link\" href=\"https:\/\/esentyaestate.com\/pl\" target=\"_new\" rel=\"noopener\" data-start=\"384\" data-end=\"410\">https:\/\/esentyaestate.com\/<\/a> (dalej r\u00f3wnie\u017c Serwis) zobowi\u0105zuje si\u0119 do podj\u0119cia niezb\u0119dnych \u015brodk\u00f3w technicznych i organizacyjnych, dostosowanych do poziomu bezpiecze\u0144stwa i ryzyka, jakiemu poddawane s\u0105 gromadzone dane.<\/p>\n<p data-start=\"598\" data-end=\"831\"><strong data-start=\"598\" data-end=\"644\">Przepisy prawa w\u0142\u0105czone do niniejszej polityki prywatno\u015bci<\/strong><br data-start=\"644\" data-end=\"647\" \/>Niniejsza polityka prywatno\u015bci jest dostosowana do obowi\u0105zuj\u0105cych hiszpa\u0144skich i europejskich przepis\u00f3w dotycz\u0105cych ochrony danych osobowych w Internecie. W szczeg\u00f3lno\u015bci jest ona zgodna z nast\u0119puj\u0105cymi przepisami:<\/p>\n<ul data-start=\"833\" data-end=\"1369\">\n<li data-start=\"833\" data-end=\"1056\">\n<p data-start=\"835\" data-end=\"1056\">Rozporz\u0105dzenie Parlamentu Europejskiego i Rady (UE) 2016\/679 z dnia 27 kwietnia 2016 r. w sprawie ochrony os\u00f3b fizycznych w zwi\u0105zku z przetwarzaniem danych osobowych i w sprawie swobodnego przep\u0142ywu takich danych (RODO).<\/p>\n<\/li>\n<li data-start=\"1057\" data-end=\"1220\">\n<p data-start=\"1059\" data-end=\"1220\">Dekret kr\u00f3lewski 1720\/2007 z dnia 21 grudnia zatwierdzaj\u0105cy rozporz\u0105dzenie wykonawcze do ustawy organicznej 15\/1999 z dnia 13 grudnia o ochronie danych osobowych (RDLOPD).<\/p>\n<\/li>\n<li data-start=\"1221\" data-end=\"1323\">\n<p data-start=\"1223\" data-end=\"1323\">Ustawa 34\/2002 z dnia 11 lipca o us\u0142ugach spo\u0142ecze\u0144stwa informacyjnego i handlu elektronicznym (LSSI-CE).<\/p>\n<\/li>\n<li data-start=\"1324\" data-end=\"1369\">\n<p data-start=\"1326\" data-end=\"1369\">Ustawa organiczna 3\/2018 z dnia 5 grudnia (LOPDGDD).<\/p>\n<\/li>\n<\/ul>\n<p data-start=\"1371\" data-end=\"1759\"><strong data-start=\"1371\" data-end=\"1418\">To\u017csamo\u015b\u0107 administratora danych osobowych<\/strong><br data-start=\"1418\" data-end=\"1421\" \/>Administratorem danych osobowych zebranych w dniu <a class=\"decorated-link\" href=\"https:\/\/esentyaestate.com\/pl\" target=\"_new\" rel=\"noopener\" data-start=\"1470\" data-end=\"1496\">https:\/\/esentyaestate.com\/<\/a> ESENTYA ESTATE &amp; PROMOTIONS SL to sp\u00f3\u0142ka z ograniczon\u0105 odpowiedzialno\u015bci\u0105 o numerze identyfikacji podatkowej: B10715092 (zwana dalej \u201eAdministratorem Danych\u201d). Jej dane kontaktowe s\u0105 nast\u0119puj\u0105ce:<br data-start=\"1627\" data-end=\"1630\" \/>Adres: CALLE MAYOR, N.11, Torrevieja, 03188, Alicante.<br data-start=\"1686\" data-end=\"1689\" \/>Adres e-mail kontaktowy: <a class=\"decorated-link cursor-pointer\" rel=\"noopener\" data-start=\"1704\" data-end=\"1736\">administracion@esentyaestate.com<\/a><br data-start=\"1736\" data-end=\"1739\" \/>Telefon: 634205959<\/p>\n<p data-start=\"1761\" data-end=\"1947\"><strong data-start=\"1761\" data-end=\"1821\">Zasady maj\u0105ce zastosowanie przy przetwarzaniu danych osobowych<\/strong><br data-start=\"1821\" data-end=\"1824\" \/>Przetwarzanie danych osobowych U\u017cytkownika podlega nast\u0119puj\u0105cym zasadom okre\u015blonym w art. 5 RODO:<\/p>\n<ul data-start=\"1948\" data-end=\"2998\">\n<li data-start=\"1948\" data-end=\"2157\">\n<p data-start=\"1950\" data-end=\"2157\"><strong data-start=\"1950\" data-end=\"2005\">Zasada legalno\u015bci, uczciwo\u015bci i przejrzysto\u015bci:<\/strong> zgoda U\u017cytkownika b\u0119dzie zawsze wymagana po uzyskaniu ca\u0142kowicie przejrzystej informacji o celach, w jakich zbierane s\u0105 dane osobowe.<\/p>\n<\/li>\n<li data-start=\"2158\" data-end=\"2280\">\n<p data-start=\"2160\" data-end=\"2280\"><strong data-start=\"2160\" data-end=\"2196\">Zasada ograniczenia celu:<\/strong> dane osobowe b\u0119d\u0105 zbierane w okre\u015blonych, wyra\u017anych i prawnie uzasadnionych celach.<\/p>\n<\/li>\n<li data-start=\"2281\" data-end=\"2445\">\n<p data-start=\"2283\" data-end=\"2445\"><strong data-start=\"2283\" data-end=\"2318\">Zasada minimalizacji danych:<\/strong> zbierane b\u0119d\u0105 wy\u0142\u0105cznie dane osobowe niezb\u0119dne do realizacji cel\u00f3w, w kt\u00f3rych s\u0105 przetwarzane.<\/p>\n<\/li>\n<li data-start=\"2446\" data-end=\"2530\">\n<p data-start=\"2448\" data-end=\"2530\"><strong data-start=\"2448\" data-end=\"2474\">Zasada dok\u0142adno\u015bci:<\/strong> dane osobowe musz\u0105 by\u0107 dok\u0142adne i zawsze aktualne.<\/p>\n<\/li>\n<li data-start=\"2531\" data-end=\"2715\">\n<p data-start=\"2533\" data-end=\"2715\"><strong data-start=\"2533\" data-end=\"2569\">Zasada ograniczenia przechowywania:<\/strong> dane osobowe b\u0119d\u0105 przechowywane wy\u0142\u0105cznie w formie umo\u017cliwiaj\u0105cej identyfikacj\u0119 U\u017cytkownika przez okres niezb\u0119dny do realizacji cel\u00f3w ich przetwarzania.<\/p>\n<\/li>\n<li data-start=\"2716\" data-end=\"2861\">\n<p data-start=\"2718\" data-end=\"2861\"><strong data-start=\"2718\" data-end=\"2765\">Zasada integralno\u015bci i poufno\u015bci:<\/strong> dane osobowe b\u0119d\u0105 przetwarzane w spos\u00f3b zapewniaj\u0105cy ich bezpiecze\u0144stwo i poufno\u015b\u0107.<\/p>\n<\/li>\n<li data-start=\"2862\" data-end=\"2998\">\n<p data-start=\"2864\" data-end=\"2998\"><strong data-start=\"2864\" data-end=\"2906\">Zasada proaktywnej odpowiedzialno\u015bci:<\/strong> Administrator Danych jest odpowiedzialny za zapewnienie przestrzegania powy\u017cszych zasad.<\/p>\n<\/li>\n<\/ul>\n<p data-start=\"3000\" data-end=\"3234\"><strong data-start=\"3000\" data-end=\"3031\">Kategorie danych osobowych<\/strong><br data-start=\"3031\" data-end=\"3034\" \/>Kategorie przetwarzanych danych <a class=\"decorated-link\" href=\"https:\/\/esentyaestate.com\/pl\" target=\"_new\" rel=\"noopener\" data-start=\"3070\" data-end=\"3096\">https:\/\/esentyaestate.com\/<\/a> stanowi\u0105 wy\u0142\u0105cznie dane identyfikacyjne. W \u017cadnym wypadku nie przetwarza si\u0119 szczeg\u00f3lnych kategorii danych osobowych w rozumieniu art. 9 RODO.<\/p>\n<p data-start=\"3236\" data-end=\"3505\"><strong data-start=\"3236\" data-end=\"3280\">Podstawa prawna przetwarzania danych osobowych<\/strong><br data-start=\"3280\" data-end=\"3283\" \/>Podstaw\u0105 prawn\u0105 przetwarzania danych osobowych jest zgoda. <a class=\"decorated-link\" href=\"https:\/\/esentyaestate.com\/pl\" target=\"_new\" rel=\"noopener\" data-start=\"3340\" data-end=\"3366\">https:\/\/esentyaestate.com\/<\/a> zobowi\u0105zuje si\u0119 do uzyskania wyra\u017anej i weryfikowalnej zgody U\u017cytkownika na przetwarzanie jego danych osobowych w jednym lub wi\u0119kszej liczbie okre\u015blonych cel\u00f3w.<\/p>\n<p data-start=\"3507\" data-end=\"3711\">U\u017cytkownik ma prawo w dowolnym momencie cofn\u0105\u0107 swoj\u0105 zgod\u0119. Cofni\u0119cie zgody jest r\u00f3wnie proste, jak jej udzielenie. Co do zasady, cofni\u0119cie zgody nie warunkuje korzystania ze Strony Internetowej.<\/p>\n<p data-start=\"3713\" data-end=\"4064\">W przypadkach, gdy U\u017cytkownik musi lub mo\u017ce poda\u0107 swoje dane za pomoc\u0105 formularzy w celu z\u0142o\u017cenia zapytania, za\u017c\u0105dania informacji lub z powod\u00f3w zwi\u0105zanych z tre\u015bci\u0105 Witryny, U\u017cytkownik zostanie poinformowany, czy wype\u0142nienie kt\u00f3regokolwiek z takich formularzy jest obowi\u0105zkowe ze wzgl\u0119du na fakt, \u017ce takie dane s\u0105 niezb\u0119dne do prawid\u0142owego wykonania wykonywanej operacji.<\/p>\n<p data-start=\"4066\" data-end=\"4425\"><strong data-start=\"4066\" data-end=\"4113\">Cele przetwarzania danych osobowych<\/strong><br data-start=\"4113\" data-end=\"4116\" \/>Dane osobowe s\u0105 gromadzone i zarz\u0105dzane przez <a class=\"decorated-link\" href=\"https:\/\/esentyaestate.com\/pl\" target=\"_new\" rel=\"noopener\" data-start=\"4159\" data-end=\"4185\">https:\/\/esentyaestate.com\/<\/a> w celu u\u0142atwienia, usprawnienia i wype\u0142nienia zobowi\u0105za\u0144 ustalonych pomi\u0119dzy Stron\u0105 internetow\u0105 a U\u017cytkownikiem lub podtrzymywania relacji ustalonej w formularzach wype\u0142nianych przez tego ostatniego lub w celu obs\u0142ugi \u017c\u0105dania lub zapytania.<\/p>\n<p data-start=\"4427\" data-end=\"4784\">Dane mog\u0105 by\u0107 r\u00f3wnie\u017c wykorzystywane do cel\u00f3w komercyjnych, operacyjnych i statystycznych oraz dzia\u0142a\u0144 zwi\u0105zanych z celami korporacyjnymi <a class=\"decorated-link\" href=\"https:\/\/esentyaestate.com\/pl\" target=\"_new\" rel=\"noopener\" data-start=\"4563\" data-end=\"4589\">https:\/\/esentyaestate.com\/<\/a>, a tak\u017ce w celu wyodr\u0119bniania, przechowywania danych i przeprowadzania bada\u0144 marketingowych w celu dostosowania oferowanych Tre\u015bci do U\u017cytkownika, a tak\u017ce poprawy jako\u015bci, dzia\u0142ania i do\u015bwiadczenia przegl\u0105dania Witryny.<\/p>\n<p data-start=\"4786\" data-end=\"4996\">W momencie pozyskiwania danych osobowych U\u017cytkownik zostanie poinformowany o konkretnym celu lub celach, w jakich dane osobowe b\u0119d\u0105 przetwarzane, tj. o sposobie lub sposobach wykorzystania zebranych informacji.<\/p>\n<p data-start=\"4998\" data-end=\"5292\"><strong data-start=\"4998\" data-end=\"5037\">Okresy przechowywania danych osobowych<\/strong><br data-start=\"5037\" data-end=\"5040\" \/>Dane osobowe b\u0119d\u0105 przechowywane wy\u0142\u0105cznie przez minimalny czas niezb\u0119dny do realizacji cel\u00f3w ich przetwarzania, a w ka\u017cdym razie tylko przez okres: niezb\u0119dny do wykonania czynno\u015bci wynikaj\u0105cych z umowy lub do czasu z\u0142o\u017cenia przez U\u017cytkownika \u017c\u0105dania o ich usuni\u0119cie.<\/p>\n<p data-start=\"5294\" data-end=\"5498\">W momencie pozyskania danych osobowych U\u017cytkownik zostanie poinformowany o okresie, w kt\u00f3rym dane osobowe b\u0119d\u0105 przechowywane, a gdy nie b\u0119dzie to mo\u017cliwe, o kryteriach ustalania tego okresu.<\/p>\n<p data-start=\"5500\" data-end=\"5598\"><strong data-start=\"5500\" data-end=\"5531\">Odbiorcy danych osobowych<\/strong><br data-start=\"5531\" data-end=\"5534\" \/>Dane osobowe U\u017cytkownika nie b\u0119d\u0105 udost\u0119pniane osobom trzecim.<\/p>\n<p data-start=\"5600\" data-end=\"5755\">W ka\u017cdym przypadku w momencie pozyskiwania danych osobowych U\u017cytkownik zostanie poinformowany o odbiorcach lub kategoriach odbiorc\u00f3w danych osobowych.<\/p>\n<p data-start=\"5757\" data-end=\"6180\"><strong data-start=\"5757\" data-end=\"5784\">Dane osobowe os\u00f3b niepe\u0142noletnich<\/strong><br data-start=\"5784\" data-end=\"5787\" \/>Zgodnie z artyku\u0142ami 8 RODO i 13 RODO, zgod\u0119 na przetwarzanie danych osobowych mog\u0105 zgodnie z prawem wyrazi\u0107 wy\u0142\u0105cznie osoby, kt\u00f3re uko\u0144czy\u0142y 14 lat. <a class=\"decorated-link\" href=\"https:\/\/esentyaestate.com\/pl\" target=\"_new\" rel=\"noopener\" data-start=\"5961\" data-end=\"5987\">https:\/\/esentyaestate.com\/<\/a>Je\u017celi U\u017cytkownik ma mniej ni\u017c 14 lat, wymagana jest zgoda rodzica lub opiekuna na przetwarzanie, a przetwarzanie takie b\u0119dzie uznawane za zgodne z prawem wy\u0142\u0105cznie w zakresie, w jakim wyrazi\u0142 na nie zgod\u0119.<\/p>\n<p data-start=\"6182\" data-end=\"6581\"><strong data-start=\"6182\" data-end=\"6223\">Tajemnica i bezpiecze\u0144stwo danych osobowych<\/strong><br data-start=\"6223\" data-end=\"6226\" \/><a class=\"decorated-link\" href=\"https:\/\/esentyaestate.com\/pl\" target=\"_new\" rel=\"noopener\" data-start=\"6226\" data-end=\"6252\">https:\/\/esentyaestate.com\/<\/a> zobowi\u0105zuje si\u0119 do podj\u0119cia niezb\u0119dnych \u015brodk\u00f3w technicznych i organizacyjnych, zgodnie z odpowiednim poziomem bezpiecze\u0144stwa do ryzyka zwi\u0105zanego z gromadzonymi danymi, w celu zapewnienia bezpiecze\u0144stwa danych osobowych i zapobie\u017cenia ich przypadkowemu lub niezgodnemu z prawem zniszczeniu, utracie lub zmianie, a tak\u017ce nieuprawnionemu ujawnieniu lub dost\u0119powi do takich danych.<\/p>\n<p data-start=\"6583\" data-end=\"6809\">Strona internetowa posiada certyfikat SSL (Secure Socket Layer), kt\u00f3ry zapewnia bezpieczne i poufne przesy\u0142anie danych osobowych, gdy\u017c transmisja danych mi\u0119dzy serwerem i U\u017cytkownikiem oraz w komunikacji zwrotnej jest w pe\u0142ni szyfrowana.<\/p>\n<p data-start=\"6811\" data-end=\"7466\">Jednak\u017ce, jako <a class=\"decorated-link\" href=\"https:\/\/esentyaestate.com\/pl\" target=\"_new\" rel=\"noopener\" data-start=\"6823\" data-end=\"6849\">https:\/\/esentyaestate.com\/<\/a> Nie mog\u0105c zagwarantowa\u0107 absolutnego bezpiecze\u0144stwa internetu ani braku haker\u00f3w lub innych os\u00f3b, kt\u00f3re w spos\u00f3b nieuczciwy uzyskuj\u0105 dost\u0119p do danych osobowych, Administrator Danych zobowi\u0105zuje si\u0119 do niezw\u0142ocznego powiadomienia U\u017cytkownika o wyst\u0105pieniu naruszenia bezpiecze\u0144stwa danych osobowych, kt\u00f3re mo\u017ce poci\u0105ga\u0107 za sob\u0105 wysokie ryzyko naruszenia praw i wolno\u015bci os\u00f3b fizycznych. Zgodnie z art. 4 RODO, naruszenie bezpiecze\u0144stwa danych osobowych oznacza ka\u017cde naruszenie bezpiecze\u0144stwa prowadz\u0105ce do przypadkowego lub niezgodnego z prawem zniszczenia, utraty lub modyfikacji danych osobowych przesy\u0142anych, przechowywanych lub w inny spos\u00f3b przetwarzanych, lub nieuprawnionego ujawnienia lub dost\u0119pu do takich danych.<\/p>\n<p data-start=\"7468\" data-end=\"7741\">Administrator Danych b\u0119dzie traktowa\u0142 dane osobowe jako poufne, a tak\u017ce zobowi\u0105zuje si\u0119 poinformowa\u0107 o tym fakcie i zapewni\u0107 poprzez zobowi\u0105zanie prawne lub umowne, \u017ce poufno\u015b\u0107 ta b\u0119dzie respektowana przez jego pracownik\u00f3w, partner\u00f3w i wszelkie osoby, kt\u00f3rym udost\u0119pniono te informacje.<\/p>\n<p data-start=\"7743\" data-end=\"7946\"><strong data-start=\"7743\" data-end=\"7798\">Prawa wynikaj\u0105ce z przetwarzania danych osobowych<\/strong><br data-start=\"7798\" data-end=\"7801\" \/>U\u017cytkownik ma prawo do skorzystania z przys\u0142uguj\u0105cych mu praw <a class=\"decorated-link\" href=\"https:\/\/esentyaestate.com\/pl\" target=\"_new\" rel=\"noopener\" data-start=\"7850\" data-end=\"7876\">https:\/\/esentyaestate.com\/<\/a> a Administratorowi Danych przys\u0142uguj\u0105 nast\u0119puj\u0105ce prawa uznane w RODO:<\/p>\n<ul data-start=\"7948\" data-end=\"10570\">\n<li data-start=\"7948\" data-end=\"8393\">\n<p data-start=\"7950\" data-end=\"8393\"><strong data-start=\"7950\" data-end=\"7970\">Prawo dost\u0119pu:<\/strong> U\u017cytkownik ma prawo uzyska\u0107 potwierdzenie, czy <a class=\"decorated-link\" href=\"https:\/\/esentyaestate.com\/pl\" target=\"_new\" rel=\"noopener\" data-start=\"8031\" data-end=\"8057\">https:\/\/esentyaestate.com\/<\/a> przetwarza swoje dane osobowe i, je\u015bli tak, uzyska\u0107 informacje o swoich konkretnych danych osobowych i przetwarzaniu, <a class=\"decorated-link\" href=\"https:\/\/esentyaestate.com\/pl\" target=\"_new\" rel=\"noopener\" data-start=\"8185\" data-end=\"8211\">https:\/\/esentyaestate.com\/<\/a> przeprowadzi\u0142 lub mo\u017ce przeprowadzi\u0107, a tak\u017ce mi\u0119dzy innymi dost\u0119pne informacje o pochodzeniu takich danych i odbiorcach przeprowadzanych lub planowanych komunikat\u00f3w.<\/p>\n<\/li>\n<li data-start=\"8394\" data-end=\"8560\">\n<p data-start=\"8396\" data-end=\"8560\"><strong data-start=\"8396\" data-end=\"8423\">Prawo do sprostowania:<\/strong> U\u017cytkownik ma prawo \u017c\u0105dania sprostowania lub uzupe\u0142nienia danych osobowych, kt\u00f3re oka\u017c\u0105 si\u0119 nieprawid\u0142owe, bior\u0105c pod uwag\u0119 cele przetwarzania.<\/p>\n<\/li>\n<li data-start=\"8561\" data-end=\"9452\">\n<p data-start=\"8563\" data-end=\"9452\"><strong data-start=\"8563\" data-end=\"8610\">Prawo do usuni\u0119cia danych (\u201eprawo do bycia zapomnianym\u201d):<\/strong> U\u017cytkownik ma prawo, o ile obowi\u0105zuj\u0105ce przepisy prawa nie stanowi\u0105 inaczej, do \u017c\u0105dania usuni\u0119cia swoich danych osobowych, gdy dane te nie s\u0105 ju\u017c niezb\u0119dne do cel\u00f3w, dla kt\u00f3rych zosta\u0142y zebrane lub przetworzone; gdy U\u017cytkownik cofnie zgod\u0119 i nie ma innej podstawy prawnej; gdy U\u017cytkownik sprzeciwia si\u0119 przetwarzaniu i nie ma innej uzasadnionej przyczyny do jego kontynuowania; gdy dane by\u0142y przetwarzane niezgodnie z prawem; gdy dane musz\u0105 zosta\u0107 usuni\u0119te z powodu obowi\u0105zku prawnego; lub gdy dane zosta\u0142y uzyskane w wyniku bezpo\u015bredniej oferty us\u0142ug spo\u0142ecze\u0144stwa informacyjnego skierowanej do osoby ma\u0142oletniej poni\u017cej 14. roku \u017cycia. Ponadto Administrator Danych, bior\u0105c pod uwag\u0119 dost\u0119pn\u0105 technologi\u0119 i koszty wdro\u017cenia, musi podj\u0105\u0107 rozs\u0105dne kroki w celu poinformowania administrator\u00f3w przetwarzaj\u0105cych dane osobowe o \u017c\u0105daniu osoby, kt\u00f3rej dane dotycz\u0105, o usuni\u0119ciu wszelkich powi\u0105za\u0144 z takimi danymi osobowymi.<\/p>\n<\/li>\n<li data-start=\"9454\" data-end=\"9798\">\n<p data-start=\"9456\" data-end=\"9798\"><strong data-start=\"9456\" data-end=\"9495\">Prawo do ograniczenia przetwarzania:<\/strong> U\u017cytkownik ma prawo do ograniczenia przetwarzania swoich danych osobowych, gdy kwestionuje prawid\u0142owo\u015b\u0107 swoich danych osobowych; gdy przetwarzanie jest niezgodne z prawem; gdy Administrator Danych nie potrzebuje ju\u017c danych osobowych, ale U\u017cytkownik potrzebuje ich w celu dochodzenia roszcze\u0144; a tak\u017ce gdy U\u017cytkownik wni\u00f3s\u0142 sprzeciw wobec przetwarzania.<\/p>\n<\/li>\n<li data-start=\"9799\" data-end=\"10175\">\n<p data-start=\"9801\" data-end=\"10175\"><strong data-start=\"9801\" data-end=\"9831\">Prawo do przenoszenia danych:<\/strong> W przypadku gdy przetwarzanie odbywa si\u0119 w spos\u00f3b zautomatyzowany, U\u017cytkownik ma prawo otrzyma\u0107 od Administratora Danych swoje dane osobowe w ustrukturyzowanym, powszechnie u\u017cywanym formacie nadaj\u0105cym si\u0119 do odczytu maszynowego oraz przes\u0142a\u0107 je innemu administratorowi. Je\u017celi jest to technicznie mo\u017cliwe, Administrator Danych przeka\u017ce dane bezpo\u015brednio temu innemu administratorowi.<\/p>\n<\/li>\n<li data-start=\"10176\" data-end=\"10305\">\n<p data-start=\"10178\" data-end=\"10305\"><strong data-start=\"10178\" data-end=\"10198\">Prawo do sprzeciwu:<\/strong> U\u017cytkownik ma prawo wnie\u015b\u0107 sprzeciw wobec przetwarzania jego danych osobowych przez <a class=\"decorated-link\" href=\"https:\/\/esentyaestate.com\/pl\" target=\"_new\" rel=\"noopener\" data-start=\"10276\" data-end=\"10302\">https:\/\/esentyaestate.com\/<\/a>.<\/p>\n<\/li>\n<li data-start=\"10306\" data-end=\"10570\">\n<p data-start=\"10308\" data-end=\"10570\"><strong data-start=\"10308\" data-end=\"10397\">Prawo do niepodlegania zautomatyzowanemu podejmowaniu decyzji w indywidualnych przypadkach, w tym profilowaniu:<\/strong> U\u017cytkownik ma prawo do tego, by jego dane osobowe nie by\u0142y poddawane decyzji, kt\u00f3ra opiera si\u0119 wy\u0142\u0105cznie na zautomatyzowanym przetwarzaniu, w tym profilowaniu, chyba \u017ce przepisy prawa stanowi\u0105 inaczej.<\/p>\n<\/li>\n<\/ul>\n<p data-start=\"10572\" data-end=\"10738\">W zwi\u0105zku z powy\u017cszym U\u017cytkownik mo\u017ce skorzysta\u0107 ze swoich praw w drodze pisemnej korespondencji skierowanej do Administratora Danych z dopiskiem \u201eRODO \u2013 <a class=\"decorated-link cursor-pointer\" target=\"_new\" rel=\"noopener\" data-start=\"10698\" data-end=\"10725\">https:\/\/esentyaestate.com\/\u201d<\/a>, okre\u015blaj\u0105c:<\/p>\n<ul data-start=\"10740\" data-end=\"11268\">\n<li data-start=\"10740\" data-end=\"11049\">\n<p data-start=\"10742\" data-end=\"11049\">Imi\u0119, nazwisko (nazwiska) U\u017cytkownika oraz kopia jego dowodu osobistego. W przypadku dopuszczenia przedstawiciela, wymagana jest r\u00f3wnie\u017c identyfikacja przedstawiciela za pomoc\u0105 tego samego \u015brodka, a tak\u017ce dokument potwierdzaj\u0105cy jego to\u017csamo\u015b\u0107. Kopi\u0119 dowodu osobistego mo\u017cna zast\u0105pi\u0107 innym prawnie wa\u017cnym dokumentem potwierdzaj\u0105cym to\u017csamo\u015b\u0107.<\/p>\n<\/li>\n<li data-start=\"11050\" data-end=\"11141\">\n<p data-start=\"11052\" data-end=\"11141\">Wniosek zawieraj\u0105cy szczeg\u00f3\u0142owe uzasadnienie wniosku lub podanie przyczyny dost\u0119pu do informacji.<\/p>\n<\/li>\n<li data-start=\"11142\" data-end=\"11180\">\n<p data-start=\"11144\" data-end=\"11180\">Adres do cel\u00f3w powiadomie\u0144.<\/p>\n<\/li>\n<li data-start=\"11181\" data-end=\"11221\">\n<p data-start=\"11183\" data-end=\"11221\">Data i podpis wnioskodawcy.<\/p>\n<\/li>\n<li data-start=\"11222\" data-end=\"11268\">\n<p data-start=\"11224\" data-end=\"11268\">Ka\u017cdy dokument potwierdzaj\u0105cy z\u0142o\u017cenie wniosku.<\/p>\n<\/li>\n<\/ul>\n<p data-start=\"11270\" data-end=\"11421\">Niniejsz\u0105 pro\u015bb\u0119 i wszelkie za\u0142\u0105czone dokumenty mo\u017cna przes\u0142a\u0107 na nast\u0119puj\u0105cy adres e-mail:<br data-start=\"11359\" data-end=\"11362\" \/><a class=\"decorated-link cursor-pointer\" rel=\"noopener\" data-start=\"11362\" data-end=\"11394\">administracion@esentyaestate.com<\/a> <a class=\"decorated-link\" href=\"https:\/\/esentyaestate.com\/pl\" target=\"_new\" rel=\"noopener\" data-start=\"11395\" data-end=\"11421\">https:\/\/esentyaestate.com\/<\/a><\/p>\n<p data-start=\"11423\" data-end=\"11946\"><strong data-start=\"11423\" data-end=\"11470\">Skargi do organu nadzorczego<\/strong><br data-start=\"11470\" data-end=\"11473\" \/>Je\u017celi U\u017cytkownik uzna, \u017ce przetwarzanie jego danych osobowych narusza obowi\u0105zuj\u0105ce przepisy lub narusza obowi\u0105zuj\u0105ce przepisy, przys\u0142uguje mu prawo do skutecznej ochrony s\u0105dowej oraz do wniesienia skargi do organu nadzorczego, w szczeg\u00f3lno\u015bci w pa\u0144stwie, w kt\u00f3rym ma miejsce zamieszkania, miejsce pracy lub miejsce domniemanego naruszenia. W przypadku Hiszpanii organem nadzorczym jest Hiszpa\u0144ska Agencja Ochrony Danych (Hiszpa\u0144ski Urz\u0105d Ochrony Danych Osobowych).<a class=\"decorated-link\" href=\"http:\/\/www.aepd.es\/\" target=\"_new\" rel=\"noopener\" data-start=\"11926\" data-end=\"11944\">http:\/\/www.aepd.es<\/a>).<\/p>\n<p data-start=\"11948\" data-end=\"12335\">U\u017cytkownik musi zapozna\u0107 si\u0119 z warunkami ochrony danych osobowych zawartymi w niniejszej Polityce Prywatno\u015bci i Plik\u00f3w Cookie oraz wyrazi\u0107 zgod\u0119 na przetwarzanie swoich danych osobowych, aby Administrator Danych m\u00f3g\u0142 je przetwarza\u0107 w spos\u00f3b, w okre\u015blonych ramach czasowych i celach. Korzystanie ze Strony internetowej oznacza akceptacj\u0119 niniejszej Polityki Prywatno\u015bci i Plik\u00f3w Cookie.<\/p>\n<p data-start=\"12337\" data-end=\"12655\"><a class=\"decorated-link\" href=\"https:\/\/esentyaestate.com\/pl\" target=\"_new\" rel=\"noopener\" data-start=\"12337\" data-end=\"12363\">https:\/\/esentyaestate.com\/<\/a> zastrzega sobie prawo do zmiany swojej Polityki Prywatno\u015bci i Plik\u00f3w Cookie wed\u0142ug w\u0142asnych kryteri\u00f3w lub w przypadku zmiany przepis\u00f3w, orzecznictwa lub doktryny wprowadzonej przez Hiszpa\u0144sk\u0105 Agencj\u0119 Ochrony Danych. O wszelkich zmianach lub aktualizacjach niniejszej Polityki Prywatno\u015bci i Plik\u00f3w Cookie U\u017cytkownik zostanie wyra\u017anie powiadomiony.<\/p>\n<p data-start=\"12657\" data-end=\"12942\">Niniejsza Polityka Prywatno\u015bci i Plik\u00f3w Cookie zosta\u0142a zaktualizowana 12 maja 2025 r. w celu dostosowania jej do Rozporz\u0105dzenia Parlamentu Europejskiego i Rady (UE) 2016\/679 z dnia 27 kwietnia 2016 r. w sprawie ochrony os\u00f3b fizycznych w zwi\u0105zku z przetwarzaniem danych osobowych i swobodnym przep\u0142ywem takich danych (RODO).<\/p>","protected":false},"excerpt":{"rendered":"<p>In compliance with the provisions of current legislation, https:\/\/esentyaestate.com\/ (hereinafter also the Website) undertakes to adopt the necessary technical and organisational measures, according to the appropriate level of security to the risk of the data collected. Laws incorporated into this privacy policyThis privacy policy is adapted to current Spanish and European regulations on the protection of personal data on the internet. Specifically, it complies &#8230;<\/p>","protected":false},"author":1,"featured_media":0,"parent":0,"menu_order":0,"comment_status":"closed","ping_status":"closed","template":"","meta":{"inline_featured_image":false,"footnotes":""},"class_list":["post-18153","page","type-page","status-publish","hentry"],"_links":{"self":[{"href":"https:\/\/esentyaestate.com\/pl\/wp-json\/wp\/v2\/pages\/18153","targetHints":{"allow":["GET"]}}],"collection":[{"href":"https:\/\/esentyaestate.com\/pl\/wp-json\/wp\/v2\/pages"}],"about":[{"href":"https:\/\/esentyaestate.com\/pl\/wp-json\/wp\/v2\/types\/page"}],"author":[{"embeddable":true,"href":"https:\/\/esentyaestate.com\/pl\/wp-json\/wp\/v2\/users\/1"}],"replies":[{"embeddable":true,"href":"https:\/\/esentyaestate.com\/pl\/wp-json\/wp\/v2\/comments?post=18153"}],"version-history":[{"count":0,"href":"https:\/\/esentyaestate.com\/pl\/wp-json\/wp\/v2\/pages\/18153\/revisions"}],"wp:attachment":[{"href":"https:\/\/esentyaestate.com\/pl\/wp-json\/wp\/v2\/media?parent=18153"}],"curies":[{"name":"wp","href":"https:\/\/api.w.org\/{rel}","templated":true}]}}