{"id":21942,"date":"2025-11-27T08:40:21","date_gmt":"2025-11-27T08:40:21","guid":{"rendered":"https:\/\/esentyaestate.com\/?page_id=21942"},"modified":"2025-11-27T08:44:30","modified_gmt":"2025-11-27T08:44:30","slug":"cookies-policy","status":"publish","type":"page","link":"https:\/\/esentyaestate.com\/pl\/cookies-policy\/","title":{"rendered":"Polityka plik\u00f3w cookie"},"content":{"rendered":"<p data-start=\"245\" data-end=\"653\">Dost\u0119p do tej Witryny mo\u017ce wi\u0105za\u0107 si\u0119 z u\u017cyciem plik\u00f3w cookie. Pliki cookie to niewielkie ilo\u015bci informacji, kt\u00f3re s\u0105 przechowywane w przegl\u0105darce u\u017cywanej przez ka\u017cdego U\u017cytkownika \u2013 na r\u00f3\u017cnych urz\u0105dzeniach, z kt\u00f3rych mo\u017ce korzysta\u0107 do przegl\u0105dania \u2013 w celu zapami\u0119tywania przez serwer okre\u015blonych informacji, kt\u00f3re p\u00f3\u017aniej b\u0119d\u0105 odczytywane wy\u0142\u0105cznie przez serwer, kt\u00f3ry je wdro\u017cy\u0142. Pliki cookie u\u0142atwiaj\u0105 przegl\u0105danie, czyni\u0105 je bardziej przyjaznym dla u\u017cytkownika i nie powoduj\u0105 uszkodze\u0144 urz\u0105dzenia przegl\u0105daj\u0105cego.<\/p>\n<p data-start=\"655\" data-end=\"953\">Pliki cookie to automatyczne procedury zbieraj\u0105ce informacje dotycz\u0105ce preferencji U\u017cytkownika okre\u015blonych podczas wizyty na Stronie Internetowej w celu rozpoznania go jako U\u017cytkownika, personalizacji jego do\u015bwiadcze\u0144 i korzystania ze Strony Internetowej, a tak\u017ce mog\u0105ce na przyk\u0142ad pom\u00f3c w identyfikowaniu i rozwi\u0105zywaniu b\u0142\u0119d\u00f3w.<\/p>\n<p data-start=\"955\" data-end=\"1513\">Informacje gromadzone za pomoc\u0105 plik\u00f3w cookie mog\u0105 obejmowa\u0107 dat\u0119 i godzin\u0119 wizyt na Stronie Internetowej, przegl\u0105dane strony, czas sp\u0119dzony na Stronie Internetowej oraz strony odwiedzane tu\u017c przed i po wizycie. Jednak\u017ce \u017caden plik cookie nie umo\u017cliwia nawi\u0105zania kontaktu z numerem telefonu U\u017cytkownika ani za po\u015brednictwem innych \u015brodk\u00f3w kontaktu osobistego. \u017baden plik cookie nie mo\u017ce pobiera\u0107 informacji z dysku twardego U\u017cytkownika ani kra\u015b\u0107 danych osobowych. Jedynym sposobem, aby prywatne informacje U\u017cytkownika znalaz\u0142y si\u0119 w pliku cookie, jest osobiste przekazanie tych informacji serwerowi przez U\u017cytkownika.<\/p>\n<p data-start=\"1515\" data-end=\"1924\">Pliki cookie umo\u017cliwiaj\u0105ce identyfikacj\u0119 osoby s\u0105 uwa\u017cane za dane osobowe. W zwi\u0105zku z tym zastosowanie ma do nich wcze\u015bniej opisana Polityka Prywatno\u015bci. W tym kontek\u015bcie korzystanie z tych plik\u00f3w cookie b\u0119dzie wymaga\u0142o zgody U\u017cytkownika. Zgoda ta b\u0119dzie udzielana na podstawie autentycznego wyboru, wyra\u017conego w formie decyzji twierdz\u0105cej i pozytywnej, przed rozpocz\u0119ciem przetwarzania, a tak\u017ce b\u0119dzie usuwalna i udokumentowana.<\/p>\n<h2 data-start=\"1931\" data-end=\"1949\"><strong data-start=\"1934\" data-end=\"1949\">W\u0142asne pliki cookie<\/strong><\/h2>\n<p data-start=\"1951\" data-end=\"2380\">S\u0105 to pliki cookie wysy\u0142ane do komputera lub urz\u0105dzenia U\u017cytkownika i zarz\u0105dzane wy\u0142\u0105cznie przez <a class=\"decorated-link\" href=\"https:\/\/esentyaestate.com\/pl\" target=\"_new\" rel=\"noopener\" data-start=\"2043\" data-end=\"2069\">https:\/\/esentyaestate.com\/<\/a>dla lepszego funkcjonowania Witryny. Zebrane informacje s\u0142u\u017c\u0105 do poprawy jako\u015bci Witryny, jej Tre\u015bci i komfortu U\u017cytkownika. Te pliki cookie pozwalaj\u0105 rozpozna\u0107 U\u017cytkownika jako powracaj\u0105cego u\u017cytkownika Witryny i dostosowa\u0107 tre\u015bci, aby oferowa\u0107 tre\u015bci odpowiadaj\u0105ce jego preferencjom.<\/p>\n<p data-start=\"2382\" data-end=\"2969\">Uzyskane informacje dotycz\u0105 na przyk\u0142ad liczby odwiedzonych stron, j\u0119zyka, lokalizacji, z kt\u00f3rej uzyskano dost\u0119p do adresu IP U\u017cytkownika, liczby U\u017cytkownik\u00f3w uzyskuj\u0105cych dost\u0119p, cz\u0119stotliwo\u015bci i powtarzalno\u015bci wizyt, d\u0142ugo\u015bci wizyt, u\u017cywanej przegl\u0105darki, operatora lub rodzaju urz\u0105dzenia, z kt\u00f3rego dokonano wizyty. Informacje te s\u0142u\u017c\u0105 do ulepszania Witryny i wykrywania nowych potrzeb w celu oferowania U\u017cytkownikom Tre\u015bci i\/lub us\u0142ug o optymalnej jako\u015bci. W ka\u017cdym przypadku informacje s\u0105 gromadzone anonimowo, a raporty o trendach w Witrynie s\u0105 sporz\u0105dzane bez identyfikowania poszczeg\u00f3lnych u\u017cytkownik\u00f3w.<\/p>\n<p data-start=\"2971\" data-end=\"3165\">Wi\u0119cej informacji na temat plik\u00f3w cookie, informacji o prywatno\u015bci lub opisu rodzaju wykorzystywanych plik\u00f3w cookie, ich g\u0142\u00f3wnych cech, okresu wa\u017cno\u015bci itp. mo\u017cna uzyska\u0107 pod nast\u0119puj\u0105cym linkiem\/linkami:<\/p>\n<p data-start=\"3167\" data-end=\"3187\"><strong data-start=\"3167\" data-end=\"3187\">GOOGLE ANALYTICS<\/strong><\/p>\n<p data-start=\"3189\" data-end=\"3388\">Podmiot(y) odpowiedzialny(e) za dostarczanie plik\u00f3w cookie mo\u017ce(g\u0105) przekazywa\u0107 te informacje osobom trzecim, pod warunkiem, \u017ce wymaga tego prawo lub gdy osoba trzecia przetwarza te informacje na rzecz tych podmiot\u00f3w.<\/p>\n<h2 data-start=\"3395\" data-end=\"3422\"><strong data-start=\"3398\" data-end=\"3422\">Pliki cookie medi\u00f3w spo\u0142eczno\u015bciowych<\/strong><\/h2>\n<p data-start=\"3424\" data-end=\"4049\"><a class=\"decorated-link\" href=\"https:\/\/esentyaestate.com\/pl\" target=\"_new\" rel=\"noopener\" data-start=\"3424\" data-end=\"3450\">https:\/\/esentyaestate.com\/<\/a> zawiera wtyczki medi\u00f3w spo\u0142eczno\u015bciowych, kt\u00f3re umo\u017cliwiaj\u0105 dost\u0119p do nich z poziomu Witryny. Z tego powodu pliki cookie medi\u00f3w spo\u0142eczno\u015bciowych mog\u0105 by\u0107 przechowywane w przegl\u0105darce U\u017cytkownika. W\u0142a\u015bciciele tych serwis\u00f3w spo\u0142eczno\u015bciowych stosuj\u0105 w\u0142asne polityki ochrony danych i plik\u00f3w cookie, ponosz\u0105c w ka\u017cdym przypadku odpowiedzialno\u015b\u0107 za w\u0142asne pliki i w\u0142asne praktyki dotycz\u0105ce prywatno\u015bci. U\u017cytkownik powinien si\u0119 z nimi zapozna\u0107, aby uzyska\u0107 informacje na temat tych plik\u00f3w cookie oraz, w stosownych przypadkach, przetwarzania swoich danych osobowych. Poni\u017csze linki, wy\u0142\u0105cznie w celach informacyjnych, umo\u017cliwiaj\u0105 zapoznanie si\u0119 z niniejsz\u0105 polityk\u0105 prywatno\u015bci i\/lub plik\u00f3w cookie:<\/p>\n<ul data-start=\"4051\" data-end=\"4486\">\n<li data-start=\"4051\" data-end=\"4107\">\n<p data-start=\"4053\" data-end=\"4107\">Facebook: <a class=\"decorated-link\" href=\"https:\/\/www.facebook.com\/policies\/cookies\/\" target=\"_new\" rel=\"noopener\" data-start=\"4063\" data-end=\"4105\">https:\/\/www.facebook.com\/policies\/cookies\/<\/a><\/p>\n<\/li>\n<li data-start=\"4108\" data-end=\"4151\">\n<p data-start=\"4110\" data-end=\"4151\">\u015awiergot: <a class=\"decorated-link\" href=\"https:\/\/twitter.com\/es\/privacy\" target=\"_new\" rel=\"noopener\" data-start=\"4119\" data-end=\"4149\">https:\/\/twitter.com\/es\/privacy<\/a><\/p>\n<\/li>\n<li data-start=\"4152\" data-end=\"4217\">\n<p data-start=\"4154\" data-end=\"4217\">Instagram: <a class=\"decorated-link\" href=\"https:\/\/help.instagram.com\/1896641480634370?ref=ig\" target=\"_new\" rel=\"noopener\" data-start=\"4165\" data-end=\"4215\">https:\/\/help.instagram.com\/1896641480634370?ref=ig<\/a><\/p>\n<\/li>\n<li data-start=\"4218\" data-end=\"4282\">\n<p data-start=\"4220\" data-end=\"4282\">Youtube: <a class=\"decorated-link\" href=\"https:\/\/policies.google.com\/privacy?hl=es-419&amp;gl=mx\" target=\"_new\" rel=\"noopener\" data-start=\"4229\" data-end=\"4280\">https:\/\/policies.google.com\/privacy?hl=es-419&amp;gl=mx<\/a><\/p>\n<\/li>\n<li data-start=\"4283\" data-end=\"4350\">\n<p data-start=\"4285\" data-end=\"4350\">Google+: <a class=\"decorated-link\" href=\"https:\/\/policies.google.com\/technologies\/cookies?hl=es\" target=\"_new\" rel=\"noopener\" data-start=\"4294\" data-end=\"4348\">https:\/\/policies.google.com\/technologies\/cookies?hl=es<\/a><\/p>\n<\/li>\n<li data-start=\"4351\" data-end=\"4412\">\n<p data-start=\"4353\" data-end=\"4412\">Pinterest: <a class=\"decorated-link\" href=\"https:\/\/policy.pinterest.com\/es\/privacy-policy\" target=\"_new\" rel=\"noopener\" data-start=\"4364\" data-end=\"4410\">https:\/\/policy.pinterest.com\/es\/privacy-policy<\/a><\/p>\n<\/li>\n<li data-start=\"4413\" data-end=\"4486\">\n<p data-start=\"4415\" data-end=\"4486\">LinkedIn: <a class=\"decorated-link\" href=\"https:\/\/www.linkedin.com\/legal\/cookie-policy?trk=hp-cookies\" target=\"_new\" rel=\"noopener\" data-start=\"4425\" data-end=\"4484\">https:\/\/www.linkedin.com\/legal\/cookie-policy?trk=hp-cookies<\/a><\/p>\n<\/li>\n<\/ul>\n<h2 data-start=\"4493\" data-end=\"4534\"><strong data-start=\"4496\" data-end=\"4534\">Wy\u0142\u0105cz, odrzu\u0107 i usu\u0144 pliki cookie<\/strong><\/h2>\n<p data-start=\"4536\" data-end=\"4938\">U\u017cytkownik mo\u017ce wy\u0142\u0105czy\u0107, odrzuci\u0107 i usun\u0105\u0107 pliki cookie \u2013 w ca\u0142o\u015bci lub w cz\u0119\u015bci \u2013 zainstalowane na swoim urz\u0105dzeniu, konfiguruj\u0105c swoj\u0105 przegl\u0105dark\u0119 (w tym na przyk\u0142ad Chrome, Firefox, Safari, Explorer). W tym zakresie procedury odrzucania i usuwania plik\u00f3w cookie mog\u0105 si\u0119 r\u00f3\u017cni\u0107 w zale\u017cno\u015bci od przegl\u0105darki internetowej. W zwi\u0105zku z tym U\u017cytkownik powinien zapozna\u0107 si\u0119 z instrukcjami do\u0142\u0105czonymi do u\u017cywanej przegl\u0105darki internetowej.<\/p>\n<p data-start=\"4940\" data-end=\"5084\">Je\u017celi U\u017cytkownik w ca\u0142o\u015bci lub w cz\u0119\u015bci odrzuci stosowanie plik\u00f3w cookies, b\u0119dzie m\u00f3g\u0142 nadal korzysta\u0107 ze Strony internetowej, cho\u0107 niekt\u00f3re jej funkcje mog\u0105 by\u0107 ograniczone.<\/p>","protected":false},"excerpt":{"rendered":"<p>Dost\u0119p do tej Witryny mo\u017ce wi\u0105za\u0107 si\u0119 z u\u017cyciem plik\u00f3w cookie. Pliki cookie to niewielkie ilo\u015bci informacji, kt\u00f3re s\u0105 przechowywane w przegl\u0105darce u\u017cywanej przez ka\u017cdego U\u017cytkownika \u2013 na r\u00f3\u017cnych urz\u0105dzeniach, z kt\u00f3rych mo\u017ce korzysta\u0107 do przegl\u0105dania \u2013 w celu zapami\u0119tywania przez serwer pewnych informacji, kt\u00f3re p\u00f3\u017aniej b\u0119d\u0105 odczytywane wy\u0142\u0105cznie przez serwer, kt\u00f3ry je wdro\u017cy\u0142. Pliki cookie u\u0142atwiaj\u0105 przegl\u0105danie, czyni\u0105 je bardziej przyjaznym dla u\u017cytkownika i\u2026<\/p>","protected":false},"author":1,"featured_media":0,"parent":0,"menu_order":0,"comment_status":"closed","ping_status":"closed","template":"page-templates\/terms_conditions.php","meta":{"inline_featured_image":false,"footnotes":""},"class_list":["post-21942","page","type-page","status-publish","hentry"],"_links":{"self":[{"href":"https:\/\/esentyaestate.com\/pl\/wp-json\/wp\/v2\/pages\/21942","targetHints":{"allow":["GET"]}}],"collection":[{"href":"https:\/\/esentyaestate.com\/pl\/wp-json\/wp\/v2\/pages"}],"about":[{"href":"https:\/\/esentyaestate.com\/pl\/wp-json\/wp\/v2\/types\/page"}],"author":[{"embeddable":true,"href":"https:\/\/esentyaestate.com\/pl\/wp-json\/wp\/v2\/users\/1"}],"replies":[{"embeddable":true,"href":"https:\/\/esentyaestate.com\/pl\/wp-json\/wp\/v2\/comments?post=21942"}],"version-history":[{"count":0,"href":"https:\/\/esentyaestate.com\/pl\/wp-json\/wp\/v2\/pages\/21942\/revisions"}],"wp:attachment":[{"href":"https:\/\/esentyaestate.com\/pl\/wp-json\/wp\/v2\/media?parent=21942"}],"curies":[{"name":"wp","href":"https:\/\/api.w.org\/{rel}","templated":true}]}}