{"id":22897,"date":"2025-12-09T11:49:25","date_gmt":"2025-12-09T11:49:25","guid":{"rendered":"https:\/\/esentyaestate.com\/?page_id=22897"},"modified":"2026-01-12T13:31:45","modified_gmt":"2026-01-12T13:31:45","slug":"sell-with-us","status":"publish","type":"page","link":"https:\/\/esentyaestate.com\/pl\/sell-with-us\/","title":{"rendered":"Sprzedawaj z nami"},"content":{"rendered":"<div data-elementor-type=\"wp-page\" data-elementor-id=\"22897\" class=\"elementor elementor-22897\" data-elementor-post-type=\"page\">\n\t\t\t\t<div class=\"elementor-element elementor-element-1f8c4a0d e-flex e-con-boxed e-con e-parent\" data-id=\"1f8c4a0d\" data-element_type=\"container\" data-settings=\"{&quot;background_background&quot;:&quot;slideshow&quot;,&quot;background_slideshow_slide_duration&quot;:10000,&quot;background_slideshow_gallery&quot;:[{&quot;id&quot;:22916,&quot;url&quot;:&quot;https:\\\/\\\/esentyaestate.com\\\/wp-content\\\/uploads\\\/2025\\\/12\\\/category-footer3-webp.webp&quot;},{&quot;id&quot;:22917,&quot;url&quot;:&quot;https:\\\/\\\/esentyaestate.com\\\/wp-content\\\/uploads\\\/2025\\\/12\\\/category-footer2-webp.webp&quot;}],&quot;background_slideshow_lazyload&quot;:&quot;yes&quot;,&quot;background_slideshow_ken_burns&quot;:&quot;yes&quot;,&quot;background_slideshow_loop&quot;:&quot;yes&quot;,&quot;background_slideshow_slide_transition&quot;:&quot;fade&quot;,&quot;background_slideshow_transition_duration&quot;:500,&quot;background_slideshow_ken_burns_zoom_direction&quot;:&quot;in&quot;}\">\n\t\t\t\t\t<div class=\"e-con-inner\">\n\t\t<div class=\"elementor-element elementor-element-1029d59 e-con-full e-flex e-con e-child\" data-id=\"1029d59\" data-element_type=\"container\">\n\t\t\t\t<div class=\"elementor-element elementor-element-17c471c7 elementor-widget elementor-widget-heading\" data-id=\"17c471c7\" data-element_type=\"widget\" data-widget_type=\"heading.default\">\n\t\t\t\t\t<h2 class=\"elementor-heading-title elementor-size-default\">Chcesz pozna\u0107 warto\u015b\u0107 swojej nieruchomo\u015bci?<\/h2>\t\t\t\t<\/div>\n\t\t\t\t<div class=\"elementor-element elementor-element-24322dd7 elementor-widget elementor-widget-heading\" data-id=\"24322dd7\" data-element_type=\"widget\" data-widget_type=\"heading.default\">\n\t\t\t\t\t<h2 class=\"elementor-heading-title elementor-size-default\">\nUzyskaj wgl\u0105d w rzeczywist\u0105 warto\u015b\u0107 swojej nieruchomo\u015bci dzi\u0119ki gruntownemu i profesjonalnemu procesowi wyceny. Nasz zesp\u00f3\u0142 ekspert\u00f3w skrupulatnie ocenia r\u00f3\u017cne czynniki, takie jak lokalizacja, wielko\u015b\u0107, stan i aktualne trendy rynkowe, aby przedstawi\u0107 Ci dok\u0142adn\u0105 wycen\u0119 Twojego domu.<\/h2>\t\t\t\t<\/div>\n\t\t\t\t<\/div>\n\t\t<div class=\"elementor-element elementor-element-55baafb3 e-flex e-con-boxed e-con e-child\" data-id=\"55baafb3\" data-element_type=\"container\" data-settings=\"{&quot;background_background&quot;:&quot;classic&quot;}\">\n\t\t\t\t\t<div class=\"e-con-inner\">\n\t\t\t\t<div class=\"elementor-element elementor-element-31b873a elementor-button-align-center elementor-widget elementor-widget-WpResidence_Contact_Form_Builder\" data-id=\"31b873a\" data-element_type=\"widget\" data-widget_type=\"WpResidence_Contact_Form_Builder.default\">\n\t\t\t\t<div class=\"elementor-widget-container\">\n\t\t\t\t\t\n\n\n\n\n        <form class=\"elementor-form wpresidence_elementor_form wpestate_contact_form_parent\"  id=\"wpresidence-elementor-form-31b873a\" method=\"post\" action=\"\" >\n            <div class=\"alert-box error\">\n                <div class=\"alert-message\" id=\"alert-agent-contact\"><\/div>\n            <\/div>\n            <input name=\"prop_id\" type=\"hidden\"  id=\"agent_property_id\" value=\"\">\n            <input name=\"prop_id\" type=\"hidden\"  id=\"agent_id\" value=\"\">\n            <input name=\"prop_id\" type=\"hidden\"  id=\"contact_form_elementor\" value=\"1\">\n            <input type=\"hidden\" name=\"contact_ajax_nonce\" id=\"agent_property_ajax_nonce\"  value=\"7f67143439\" \/>\n\n            \n            \n            <input type=\"hidden\" id=\"wpresidence_form_id\" name=\"wpresidence_form_id\" value=\"wpresidence_form_7934\" \/>\n        \n            <input type=\"hidden\" id=\"elementor_email_subject\" name=\"email_suject\" value=\"New email from Sell with us\" \/>\n\n\n            <div class=\"elementor-form-fields-wrapper elementor-labels-above\">\n        <div class=\"elementor-field-group elementor-column form-group elementor-field-group-24f699d elementor-col-100\"><label for=\"form-field-24f699d\" class=\"elementor-field-label elementor-screen-only\">Imi\u0119<\/label><input type=\"text\" name=\"name\" id=\"form-field-24f699d\" class=\"elementor-field form-control elementor-size-md elementor-field-textual\" placeholder=\"Pe\u0142ne imi\u0119 i nazwisko\"><\/div><div class=\"elementor-field-group elementor-column form-group elementor-field-group-email elementor-field-required elementor-col-100\"><label for=\"form-field-email\" class=\"elementor-field-label elementor-screen-only\">E-mail*<\/label><input type=\"email\" name=\"email\" id=\"form-field-email\" class=\"elementor-field form-control elementor-size-md elementor-field-textual\" required=\"required\" placeholder=\"E-mail\"><\/div><div class=\"elementor-field-group elementor-column form-group elementor-field-group-message elementor-field-required elementor-col-100\"><label for=\"form-field-message\" class=\"elementor-field-label elementor-screen-only\">Przeno\u015bny*<\/label><input type=\"text\" name=\"mobile\" id=\"form-field-message\" class=\"elementor-field form-control elementor-size-md elementor-field-textual\" required=\"required\" placeholder=\"Telefon\"><\/div><div class=\"elementor-field-group elementor-column form-group elementor-field-group-f1e07cd elementor-field-required elementor-col-100\"><label for=\"form-field-f1e07cd\" class=\"elementor-field-label elementor-screen-only\">Wiadomo\u015b\u0107*<\/label><textarea class=\"form-control elementor-field-textual elementor-field elementor-size-md\" name=\"message\" id=\"form-field-f1e07cd\" rows=\"4\" required=\"required\" placeholder=\"Dodaj kr\u00f3tki opis swojej nieruchomo\u015bci\"><\/textarea><\/div>\n                <div class=\"elementor-field-group elementor-column elementor-field-type-submit elementor-col-100\">\n        <div class=\"gpr_wrapper\"><input type=\"checkbox\"  role=\"checkbox\" aria-checked=\"false\" id=\"wpestate_agree_gdpr\" class=\"wpestate_agree_gdpr\" name=\"wpestate_agree_gdpr\" \/>\n                    <label for=\"wpestate_agree_gdpr\"><a target=\"_blank\" href=\"https:\/\/esentyaestate.com\/pl\/\">Aktywuj opcj\u0119 wyboru \u201eLectura y Aceptaci\u00f3n\u201d de nuestra Pol\u00edtica de Privacidad, kt\u00f3ra jest indicando que ha le\u00eddo, entiende, acepta y autoriza todas las cl\u00e1usulas especificadas para recogida, almacenamiento y el tratamiento de sus datos personales. Ver nuestra Politica de Privacidad.<\/a><\/label><\/div>\n\t\t\t\t\t\t\t\t\t\t\t\t                    <button type=\"submit\" class=\"agent_submit_class_elementor wpresidence_button wpresidence_button_elementor elementor-button elementor-size-md\">\n                    Wy\u015blij e-mail                            <\/button>\n\n                <\/div>\n            <\/div>\n\n\n\n        <input type=\"hidden\" name=\"trp-form-language\" value=\"pl\"\/><\/form>\n\n\n\n\n        \t\t\t\t<\/div>\n\t\t\t\t<\/div>\n\t\t\t\t\t<\/div>\n\t\t\t\t<\/div>\n\t\t\t\t\t<\/div>\n\t\t\t\t<\/div>\n\t\t<div class=\"elementor-element elementor-element-7351f3a0 e-flex e-con-boxed e-con e-parent\" data-id=\"7351f3a0\" data-element_type=\"container\" data-settings=\"{&quot;background_background&quot;:&quot;classic&quot;}\">\n\t\t\t\t\t<div class=\"e-con-inner\">\n\t\t\t\t<div class=\"elementor-element elementor-element-baf9eea elementor-invisible elementor-widget elementor-widget-Wpresidence_Sliding_Box\" data-id=\"baf9eea\" data-element_type=\"widget\" data-settings=\"{&quot;_animation&quot;:&quot;fadeIn&quot;}\" data-widget_type=\"Wpresidence_Sliding_Box.default\">\n\t\t\t\t<div class=\"elementor-widget-container\">\n\t\t\t\t\t<div class=\"wpestate_sliding_box_wrapper\">            <div class=\"wpestate_sliding_box active-element slider_box_size_3\">\n                <div class=\"sliding-image\" style=\"background-image:url(https:\/\/esentyaestate.com\/wp-content\/uploads\/2025\/12\/inspection_esentya.jpg)\"><\/div>\n                <div class=\"sliding-content-wrapper\">\n                    <h4>Inspekcje<\/h4>\n                    <p>Podczas inspekcji szczeg\u00f3\u0142owo obejrzymy dom i znajdziemy istotne informacje, kt\u00f3re zainteresuj\u0105 potencjalnych nabywc\u00f3w. Inspekcja stanowi podstaw\u0119 do okre\u015blenia warto\u015bci nieruchomo\u015bci. Chcemy pozna\u0107 Ci\u0119 jako klienta, aby\u015bmy mogli wsp\u00f3lnie opracowa\u0107 optymalne podej\u015bcie do sprzeda\u017cy Twojego domu. Inspekcja jest ca\u0142kowicie bezp\u0142atna i niezobowi\u0105zuj\u0105ca.<\/p>\n                    <div class=\"sliding-content-action\">\n                        <a class=\"wpresidence_button\" href=\"\"  rel=\"nofollow\"><span class=\"\"><\/span> <\/a>\n                    <\/div>\n                <\/div>\n            <\/div>\n                        <div class=\"wpestate_sliding_box  slider_box_size_3\">\n                <div class=\"sliding-image\" style=\"background-image:url(https:\/\/esentyaestate.com\/wp-content\/uploads\/2025\/12\/advertising_marketing_esentya.jpg)\"><\/div>\n                <div class=\"sliding-content-wrapper\">\n                    <h4>Reklama i marketing<\/h4>\n                    <p>Dotarcie do jak najwi\u0119kszej liczby potencjalnych nabywc\u00f3w jest kluczowe w przypadku sprzeda\u017cy w domu, a nasze newslettery otrzymuj\u0105 setki potencjalnych nabywc\u00f3w. Promujemy nasze oferty w najwi\u0119kszych i najwa\u017cniejszych portalach nieruchomo\u015bci na \u015bwiecie oraz wsp\u00f3\u0142pracujemy z innymi powa\u017cnymi po\u015brednikami specjalizuj\u0105cymi si\u0119 w rynkach innych ni\u017c nasz. Najwa\u017cniejsze rynki, na kt\u00f3re warto zwr\u00f3ci\u0107 uwag\u0119, to Belgia, Niemcy, Holandia, Francja, Wielka Brytania, Hiszpania i pozosta\u0142e kraje skandynawskie.<\/p>\n                    <div class=\"sliding-content-action\">\n                        <a class=\"wpresidence_button\" href=\"\"  rel=\"nofollow\"><span class=\"\"><\/span> <\/a>\n                    <\/div>\n                <\/div>\n            <\/div>\n            <\/div>\t\t\t\t<\/div>\n\t\t\t\t<\/div>\n\t\t\t\t<div class=\"elementor-element elementor-element-9062453 elementor-invisible elementor-widget elementor-widget-Wpresidence_Sliding_Box\" data-id=\"9062453\" data-element_type=\"widget\" data-settings=\"{&quot;_animation&quot;:&quot;fadeIn&quot;}\" data-widget_type=\"Wpresidence_Sliding_Box.default\">\n\t\t\t\t<div class=\"elementor-widget-container\">\n\t\t\t\t\t<div class=\"wpestate_sliding_box_wrapper\">            <div class=\"wpestate_sliding_box  slider_box_size_3\">\n                <div class=\"sliding-image\" style=\"background-image:url(https:\/\/esentyaestate.com\/wp-content\/uploads\/2025\/12\/staging_the_property_esentya.jpg)\"><\/div>\n                <div class=\"sliding-content-wrapper\">\n                    <h4>Przygotowanie nieruchomo\u015bci do sprzeda\u017cy<\/h4>\n                    <p>Jednym z najwa\u017cniejszych element\u00f3w udanej sprzeda\u017cy domu jest jego prezentacja; wierzymy, \u017ce wszystko tkwi w szczeg\u00f3\u0142ach. Wsp\u00f3\u0142pracujemy z utalentowanym fotografem i stylist\u0105, a tak\u017ce zapewniamy wszelkie niezb\u0119dne wirtualne stylizacje. Oferujemy r\u00f3wnie\u017c prezentacj\u0119 360 stopni, zdj\u0119cia z drona oraz wideoprezentacj\u0119 nieruchomo\u015bci. Wsp\u00f3lnie dobierzemy pakiet odpowiedni dla Twojego domu.<\/p>\n                    <div class=\"sliding-content-action\">\n                        <a class=\"wpresidence_button\" href=\"\"  rel=\"nofollow\"><span class=\"\"><\/span> <\/a>\n                    <\/div>\n                <\/div>\n            <\/div>\n                        <div class=\"wpestate_sliding_box active-element slider_box_size_3\">\n                <div class=\"sliding-image\" style=\"background-image:url(https:\/\/esentyaestate.com\/wp-content\/uploads\/2025\/12\/settlement_esentya.jpg)\"><\/div>\n                <div class=\"sliding-content-wrapper\">\n                    <h4>Osada<\/h4>\n                    <p>Jednym z najwa\u017cniejszych element\u00f3w udanej sprzeda\u017cy domu jest jego prezentacja; wierzymy, \u017ce wszystko tkwi w szczeg\u00f3\u0142ach. Wsp\u00f3\u0142pracujemy z utalentowanym fotografem i stylist\u0105, a tak\u017ce zapewniamy wszelkie niezb\u0119dne wirtualne stylizacje. Oferujemy r\u00f3wnie\u017c prezentacj\u0119 360 stopni, zdj\u0119cia z drona oraz wideoprezentacj\u0119 nieruchomo\u015bci. Wsp\u00f3lnie dobierzemy pakiet odpowiedni dla Twojego domu.<\/p>\n                    <div class=\"sliding-content-action\">\n                        <a class=\"wpresidence_button\" href=\"\"  rel=\"nofollow\"><span class=\"\"><\/span> <\/a>\n                    <\/div>\n                <\/div>\n            <\/div>\n            <\/div>\t\t\t\t<\/div>\n\t\t\t\t<\/div>\n\t\t\t\t<div class=\"elementor-element elementor-element-51dbf923 elementor-invisible elementor-widget elementor-widget-Wpresidence_Sliding_Box\" data-id=\"51dbf923\" data-element_type=\"widget\" data-settings=\"{&quot;_animation&quot;:&quot;fadeIn&quot;}\" data-widget_type=\"Wpresidence_Sliding_Box.default\">\n\t\t\t\t<div class=\"elementor-widget-container\">\n\t\t\t\t\t<div class=\"wpestate_sliding_box_wrapper\">            <div class=\"wpestate_sliding_box active-element slider_box_size_3\">\n                <div class=\"sliding-image\" style=\"background-image:url(https:\/\/esentyaestate.com\/wp-content\/uploads\/2025\/11\/buy_property.jpeg)\"><\/div>\n                <div class=\"sliding-content-wrapper\">\n                    <h4>Dokumentacja<\/h4>\n                    <p>Kopia dokumentu NIE dla w\u0142a\u015bcicieli Kopia paszport\u00f3w w\u0142a\u015bcicieli nieruchomo\u015bci i akt w\u0142asno\u015bci Kopia ostatnio zap\u0142aconego podatku od nieruchomo\u015bci i rachunku za wod\u0119\/pr\u0105d Certyfikat energetyczny (je\u015bli go nie posiadasz, pomo\u017cemy w jego uzyskaniu) Je\u015bli na dom zaci\u0105gni\u0119to kredyt hipoteczny, potrzebujemy nazwy i oddzia\u0142u banku Skontaktuj si\u0119 z administracj\u0105 nale\u017c\u0105c\u0105 do Twojej urbanizacji Umowa sprzeda\u017cy, kt\u00f3ra potwierdza porozumienie mi\u0119dzy Esentya Real Estate a sprzedaj\u0105cym.<\/p>\n                    <div class=\"sliding-content-action\">\n                        <a class=\"wpresidence_button\" href=\"\"  rel=\"nofollow\"><span class=\"\"><\/span> <\/a>\n                    <\/div>\n                <\/div>\n            <\/div>\n                        <div class=\"wpestate_sliding_box  slider_box_size_3\">\n                <div class=\"sliding-image\" style=\"background-image:url(https:\/\/esentyaestate.com\/wp-content\/uploads\/2025\/12\/documents_esentya.jpg)\"><\/div>\n                <div class=\"sliding-content-wrapper\">\n                    <h4>Koszty i podatki<\/h4>\n                    <p>Podatek komunalny, Plusvalia, od wzrostu warto\u015bci wed\u0142ug warto\u015bci dzia\u0142ki. Uzgodniona prowizja dla po\u015brednika. Podatek od zysk\u00f3w kapita\u0142owych. Podatek od zysk\u00f3w mi\u0119dzy zadeklarowanymi warto\u015bciami przy zakupie\/sprzeda\u017cy. Sprzedaj\u0105cy niepodlegaj\u0105cy opodatkowaniu: 3% od ceny sprzeda\u017cy jest potr\u0105cane i rozliczane na poczet potencjalnego podatku od zysk\u00f3w kapita\u0142owych. IBI\/SUMA za rok sprzeda\u017cy. Prawnik. C\u00e9dula de habitabilidad (za\u015bwiadczenie potwierdzaj\u0105ce, \u017ce dom zosta\u0142 zbudowany prawid\u0142owo).<\/p>\n                    <div class=\"sliding-content-action\">\n                        <a class=\"wpresidence_button\" href=\"\"  rel=\"nofollow\"><span class=\"\"><\/span> <\/a>\n                    <\/div>\n                <\/div>\n            <\/div>\n            <\/div>\t\t\t\t<\/div>\n\t\t\t\t<\/div>\n\t\t\t\t\t<\/div>\n\t\t\t\t<\/div>\n\t\t\t\t<\/div>","protected":false},"excerpt":{"rendered":"<p>Chcesz pozna\u0107 warto\u015b\u0107 swojej nieruchomo\u015bci? Uzyskaj wgl\u0105d w jej rzeczywist\u0105 warto\u015b\u0107 dzi\u0119ki dok\u0142adnemu i profesjonalnemu procesowi wyceny. Nasz zesp\u00f3\u0142 ekspert\u00f3w skrupulatnie ocenia r\u00f3\u017cne czynniki, takie jak lokalizacja, wielko\u015b\u0107, stan i najnowsze trendy rynkowe, aby przedstawi\u0107 Ci dok\u0142adn\u0105 wycen\u0119 Twojego domu. Imi\u0119E-mail*Telefon kom\u00f3rkowy*Wiadomo\u015b\u0107* Aktywuj \u201eCzytanie i akceptacja\u201d naszej Polityki Prywatno\u015bci\u2026<\/p>","protected":false},"author":1,"featured_media":0,"parent":0,"menu_order":0,"comment_status":"closed","ping_status":"closed","template":"elementor_header_footer","meta":{"inline_featured_image":false,"footnotes":""},"class_list":["post-22897","page","type-page","status-publish","hentry"],"_links":{"self":[{"href":"https:\/\/esentyaestate.com\/pl\/wp-json\/wp\/v2\/pages\/22897","targetHints":{"allow":["GET"]}}],"collection":[{"href":"https:\/\/esentyaestate.com\/pl\/wp-json\/wp\/v2\/pages"}],"about":[{"href":"https:\/\/esentyaestate.com\/pl\/wp-json\/wp\/v2\/types\/page"}],"author":[{"embeddable":true,"href":"https:\/\/esentyaestate.com\/pl\/wp-json\/wp\/v2\/users\/1"}],"replies":[{"embeddable":true,"href":"https:\/\/esentyaestate.com\/pl\/wp-json\/wp\/v2\/comments?post=22897"}],"version-history":[{"count":0,"href":"https:\/\/esentyaestate.com\/pl\/wp-json\/wp\/v2\/pages\/22897\/revisions"}],"wp:attachment":[{"href":"https:\/\/esentyaestate.com\/pl\/wp-json\/wp\/v2\/media?parent=22897"}],"curies":[{"name":"wp","href":"https:\/\/api.w.org\/{rel}","templated":true}]}}