{"id":26589,"date":"2025-12-16T13:40:28","date_gmt":"2025-12-16T13:40:28","guid":{"rendered":"https:\/\/esentyaestate.com\/?page_id=26589"},"modified":"2025-12-23T08:05:34","modified_gmt":"2025-12-23T08:05:34","slug":"free-property-sale","status":"publish","type":"page","link":"https:\/\/esentyaestate.com\/pl\/free-property-sale\/","title":{"rendered":"Bezp\u0142atna sprzeda\u017c nieruchomo\u015bci"},"content":{"rendered":"<div data-elementor-type=\"wp-page\" data-elementor-id=\"26589\" class=\"elementor elementor-26589\" data-elementor-post-type=\"page\">\n\t\t\t\t\t\t<section class=\"elementor-section elementor-top-section elementor-element elementor-element-33eb9a76 elementor-section-boxed elementor-section-height-default elementor-section-height-default\" data-id=\"33eb9a76\" data-element_type=\"section\">\n\t\t\t\t\t\t<div class=\"elementor-container elementor-column-gap-default\">\n\t\t\t\t\t<div class=\"elementor-column elementor-col-100 elementor-top-column elementor-element elementor-element-4e4fe8d3\" data-id=\"4e4fe8d3\" data-element_type=\"column\" data-settings=\"{&quot;background_background&quot;:&quot;slideshow&quot;,&quot;background_slideshow_gallery&quot;:[{&quot;id&quot;:26594,&quot;url&quot;:&quot;https:\\\/\\\/esentyaestate.com\\\/wp-content\\\/uploads\\\/2025\\\/12\\\/property-free-sale.jpg&quot;}],&quot;background_slideshow_loop&quot;:&quot;yes&quot;,&quot;background_slideshow_slide_duration&quot;:5000,&quot;background_slideshow_slide_transition&quot;:&quot;fade&quot;,&quot;background_slideshow_transition_duration&quot;:500}\">\n\t\t\t<div class=\"elementor-widget-wrap elementor-element-populated\">\n\t\t\t\t\t\t<div class=\"elementor-element elementor-element-bba19bb elementor-widget elementor-widget-spacer\" data-id=\"bba19bb\" data-element_type=\"widget\" data-widget_type=\"spacer.default\">\n\t\t\t\t\t\t\t<div class=\"elementor-spacer\">\n\t\t\t<div class=\"elementor-spacer-inner\"><\/div>\n\t\t<\/div>\n\t\t\t\t\t\t<\/div>\n\t\t\t\t<div class=\"elementor-element elementor-element-5c6fd94b elementor-widget elementor-widget-heading\" data-id=\"5c6fd94b\" data-element_type=\"widget\" data-widget_type=\"heading.default\">\n\t\t\t\t\t<h1 class=\"elementor-heading-title elementor-size-default\">Wygraj bezp\u0142atn\u0105 sprzeda\u017c nieruchomo\u015bci!<\/h1>\t\t\t\t<\/div>\n\t\t\t\t<div class=\"elementor-element elementor-element-5d2fb7f4 elementor-widget elementor-widget-heading\" data-id=\"5d2fb7f4\" data-element_type=\"widget\" data-widget_type=\"heading.default\">\n\t\t\t\t\t<h2 class=\"elementor-heading-title elementor-size-default\">Esentya Estate oferuje bezp\u0142atn\u0105 sprzeda\u017c nieruchomo\u015bci.<\/h2>\t\t\t\t<\/div>\n\t\t\t\t<div class=\"elementor-element elementor-element-6a7bde84 elementor-widget elementor-widget-spacer\" data-id=\"6a7bde84\" data-element_type=\"widget\" data-widget_type=\"spacer.default\">\n\t\t\t\t\t\t\t<div class=\"elementor-spacer\">\n\t\t\t<div class=\"elementor-spacer-inner\"><\/div>\n\t\t<\/div>\n\t\t\t\t\t\t<\/div>\n\t\t\t\t\t<\/div>\n\t\t<\/div>\n\t\t\t\t\t<\/div>\n\t\t<\/section>\n\t\t\t\t<section class=\"elementor-section elementor-top-section elementor-element elementor-element-1612cbe7 elementor-section-boxed elementor-section-height-default elementor-section-height-default\" data-id=\"1612cbe7\" data-element_type=\"section\">\n\t\t\t\t\t\t<div class=\"elementor-container elementor-column-gap-default\">\n\t\t\t\t\t<div class=\"elementor-column elementor-col-100 elementor-top-column elementor-element elementor-element-aa27c5f\" data-id=\"aa27c5f\" data-element_type=\"column\">\n\t\t\t<div class=\"elementor-widget-wrap elementor-element-populated\">\n\t\t\t\t\t\t<div class=\"elementor-element elementor-element-3304b504 elementor-widget elementor-widget-heading\" data-id=\"3304b504\" data-element_type=\"widget\" data-widget_type=\"heading.default\">\n\t\t\t\t\t<h3 class=\"elementor-heading-title elementor-size-default\">Wype\u0142nij formularz, aby wzi\u0105\u0107 udzia\u0142 w konkursie.<\/h3>\t\t\t\t<\/div>\n\t\t\t\t\t<\/div>\n\t\t<\/div>\n\t\t\t\t\t<\/div>\n\t\t<\/section>\n\t\t\t\t<section class=\"elementor-section elementor-top-section elementor-element elementor-element-1630f8c2 elementor-section-full_width elementor-section-height-default elementor-section-height-default\" data-id=\"1630f8c2\" data-element_type=\"section\" data-settings=\"{&quot;background_background&quot;:&quot;classic&quot;}\">\n\t\t\t\t\t\t\t<div class=\"elementor-background-overlay\"><\/div>\n\t\t\t\t\t\t\t<div class=\"elementor-container elementor-column-gap-default\">\n\t\t\t\t\t<div class=\"elementor-column elementor-col-100 elementor-top-column elementor-element elementor-element-6cc9f8fc\" data-id=\"6cc9f8fc\" data-element_type=\"column\" data-settings=\"{&quot;background_background&quot;:&quot;slideshow&quot;,&quot;background_slideshow_gallery&quot;:[],&quot;background_slideshow_slide_duration&quot;:5000,&quot;background_slideshow_slide_transition&quot;:&quot;fade&quot;,&quot;background_slideshow_transition_duration&quot;:500}\">\n\t\t\t<div class=\"elementor-widget-wrap elementor-element-populated\">\n\t\t\t\t\t\t<div class=\"elementor-element elementor-element-6079aecf elementor-button-align-stretch elementor-widget elementor-widget-form\" data-id=\"6079aecf\" data-element_type=\"widget\" data-settings=\"{&quot;step_next_label&quot;:&quot;Next&quot;,&quot;step_previous_label&quot;:&quot;Previous&quot;,&quot;button_width&quot;:&quot;100&quot;,&quot;step_type&quot;:&quot;number_text&quot;,&quot;step_icon_shape&quot;:&quot;circle&quot;}\" data-widget_type=\"form.default\">\n\t\t\t\t\t\t\t<form class=\"elementor-form\" method=\"post\" name=\"New Form\" aria-label=\"Nowy formularz\" action=\"\">\n\t\t\t<input type=\"hidden\" name=\"post_id\" value=\"26589\"\/>\n\t\t\t<input type=\"hidden\" name=\"form_id\" value=\"6079aecf\"\/>\n\t\t\t<input type=\"hidden\" name=\"referer_title\" value=\"\" \/>\n\n\t\t\t\n\t\t\t<div class=\"elementor-form-fields-wrapper elementor-labels-\">\n\t\t\t\t\t\t\t\t<div class=\"elementor-field-type-text elementor-field-group elementor-column elementor-field-group-name elementor-col-100 elementor-field-required\">\n\t\t\t\t\t\t\t\t\t\t\t\t<label for=\"form-field-name\" class=\"elementor-field-label elementor-screen-only\">\n\t\t\t\t\t\t\t\tNazwa\t\t\t\t\t\t\t<\/label>\n\t\t\t\t\t\t\t\t\t\t\t\t\t\t<input size=\"1\" type=\"text\" name=\"form_fields[name]\" id=\"form-field-name\" class=\"elementor-field elementor-size-sm  elementor-field-textual\" placeholder=\"Pe\u0142ne imi\u0119 i nazwisko\" required=\"required\">\n\t\t\t\t\t\t\t\t\t\t\t<\/div>\n\t\t\t\t\t\t\t\t<div class=\"elementor-field-type-email elementor-field-group elementor-column elementor-field-group-email elementor-col-100 elementor-field-required\">\n\t\t\t\t\t\t\t\t\t\t\t\t<label for=\"form-field-email\" class=\"elementor-field-label elementor-screen-only\">\n\t\t\t\t\t\t\t\tE-mail\t\t\t\t\t\t\t<\/label>\n\t\t\t\t\t\t\t\t\t\t\t\t\t\t<input size=\"1\" type=\"email\" name=\"form_fields[email]\" id=\"form-field-email\" class=\"elementor-field elementor-size-sm  elementor-field-textual\" placeholder=\"E-mail\" required=\"required\">\n\t\t\t\t\t\t\t\t\t\t\t<\/div>\n\t\t\t\t\t\t\t\t<div class=\"elementor-field-type-tel elementor-field-group elementor-column elementor-field-group-field_0f17aba elementor-col-100 elementor-field-required\">\n\t\t\t\t\t\t\t\t\t\t\t\t<label for=\"form-field-field_0f17aba\" class=\"elementor-field-label elementor-screen-only\">\n\t\t\t\t\t\t\t\tTelefon\t\t\t\t\t\t\t<\/label>\n\t\t\t\t\t\t\t\t<input size=\"1\" type=\"tel\" name=\"form_fields[field_0f17aba]\" id=\"form-field-field_0f17aba\" class=\"elementor-field elementor-size-sm  elementor-field-textual\" placeholder=\"Telefon\" required=\"required\" pattern=\"[0-9()#&amp;+*-=.]+\" title=\"Akceptowane s\u0105 wy\u0142\u0105cznie cyfry i znaki telefoniczne (#, -, *, itd.).\">\n\n\t\t\t\t\t\t<\/div>\n\t\t\t\t\t\t\t\t<div class=\"elementor-field-type-text elementor-field-group elementor-column elementor-field-group-field_c3807a2 elementor-col-100 elementor-field-required\">\n\t\t\t\t\t\t\t\t\t\t\t\t<label for=\"form-field-field_c3807a2\" class=\"elementor-field-label elementor-screen-only\">\n\t\t\t\t\t\t\t\tLokalizacja\t\t\t\t\t\t\t<\/label>\n\t\t\t\t\t\t\t\t\t\t\t\t\t\t<input size=\"1\" type=\"text\" name=\"form_fields[field_c3807a2]\" id=\"form-field-field_c3807a2\" class=\"elementor-field elementor-size-sm  elementor-field-textual\" placeholder=\"Miasto \/ Strefa \/ Urbanizacja\" required=\"required\">\n\t\t\t\t\t\t\t\t\t\t\t<\/div>\n\t\t\t\t\t\t\t\t<div class=\"elementor-field-type-textarea elementor-field-group elementor-column elementor-field-group-message elementor-col-100\">\n\t\t\t\t\t\t\t\t\t\t\t\t<label for=\"form-field-message\" class=\"elementor-field-label elementor-screen-only\">\n\t\t\t\t\t\t\t\tWiadomo\u015b\u0107\t\t\t\t\t\t\t<\/label>\n\t\t\t\t\t\t<textarea class=\"elementor-field-textual elementor-field  elementor-size-sm\" name=\"form_fields[message]\" id=\"form-field-message\" rows=\"4\" placeholder=\"Dodaj kr\u00f3tki opis swojego domu\"><\/textarea>\t\t\t\t<\/div>\n\t\t\t\t\t\t\t\t<div class=\"elementor-field-type-recaptcha_v3 elementor-field-group elementor-column elementor-field-group-field_6134f3f elementor-col-100 recaptcha_v3-bottomright\">\n\t\t\t\t\t<div class=\"elementor-field\" id=\"form-field-field_6134f3f\"><div class=\"elementor-g-recaptcha\" data-sitekey=\"6LezZTQsAAAAAOKt42u1Kv9XH3fmnFRCYeNTuqmV\" data-type=\"v3\" data-action=\"Form\" data-badge=\"bottomright\" data-size=\"invisible\"><\/div><\/div>\t\t\t\t<\/div>\n\t\t\t\t\t\t\t\t<div class=\"elementor-field-group elementor-column elementor-field-type-submit elementor-col-100 e-form__buttons\">\n\t\t\t\t\t<button class=\"elementor-button elementor-size-sm\" type=\"submit\">\n\t\t\t\t\t\t<span class=\"elementor-button-content-wrapper\">\n\t\t\t\t\t\t\t\t\t\t\t\t\t\t\t\t\t\t\t\t\t\t<span class=\"elementor-button-text\">Wys\u0142a\u0107<\/span>\n\t\t\t\t\t\t\t\t\t\t\t\t\t<\/span>\n\t\t\t\t\t<\/button>\n\t\t\t\t<\/div>\n\t\t\t<\/div>\n\t\t<input type=\"hidden\" name=\"trp-form-language\" value=\"pl\"\/><\/form>\n\t\t\t\t\t\t<\/div>\n\t\t\t\t\t<\/div>\n\t\t<\/div>\n\t\t\t\t\t<\/div>\n\t\t<\/section>\n\t\t\t\t<section class=\"elementor-section elementor-top-section elementor-element elementor-element-65998217 elementor-section-boxed elementor-section-height-default elementor-section-height-default\" data-id=\"65998217\" data-element_type=\"section\">\n\t\t\t\t\t\t<div class=\"elementor-container elementor-column-gap-default\">\n\t\t\t\t\t<div class=\"elementor-column elementor-col-100 elementor-top-column elementor-element elementor-element-3692d0ea\" data-id=\"3692d0ea\" data-element_type=\"column\">\n\t\t\t<div class=\"elementor-widget-wrap elementor-element-populated\">\n\t\t\t\t\t\t<div class=\"elementor-element elementor-element-6025cfdd elementor-widget elementor-widget-heading\" data-id=\"6025cfdd\" data-element_type=\"widget\" data-widget_type=\"heading.default\">\n\t\t\t\t\t<h3 class=\"elementor-heading-title elementor-size-default\">W dniach od 15 grudnia 2025 r. do 29 stycznia 2026 r. mo\u017cesz wzi\u0105\u0107 udzia\u0142 w losowaniu, w kt\u00f3rym do wygrania jest bezp\u0142atna sprzeda\u017c nieruchomo\u015bci o warto\u015bci od 5000 EUR do 50 000 EUR.<\/h3>\t\t\t\t<\/div>\n\t\t\t\t<div class=\"elementor-element elementor-element-153c311 elementor-widget elementor-widget-text-editor\" data-id=\"153c311\" data-element_type=\"widget\" data-widget_type=\"text-editor.default\">\n\t\t\t\t\t\t\t\t\t<p>Oto co zapewniamy zwyci\u0119zcy:<\/p><ul><li>Zamawia\u0107<\/li><li>Op\u0142ata za u\u0142atwienie<\/li><li>Op\u0142ata za rozliczenie<\/li><li>Ogl\u0105dania<\/li><li>Marketing<\/li><li>Profesjonalny fotograf<\/li><\/ul><p>(Pomoc prawna za po\u015brednictwem zewn\u0119trznego prawnika nie jest wliczona w cen\u0119)<\/p><p>Losowanie: poniedzia\u0142ek 30 stycznia 2026 r. Zwyci\u0119zcy zostan\u0105 skontaktowani bezpo\u015brednio i og\u0142oszeni na naszej stronie na Facebooku.<\/p><p>Regulamin konkursu: <br \/>Ka\u017cda osoba, kt\u00f3ra zarejestruje si\u0119 do 30 stycznia, we\u017amie udzia\u0142 w losowaniu bezp\u0142atnej sprzeda\u017cy nieruchomo\u015bci. <br \/>Zwyci\u0119zca musi wystawi\u0107 nieruchomo\u015b\u0107 na wy\u0142\u0105czn\u0105 sprzeda\u017c w Esentya w 2026 roku. Nagroda jest imienna i nie mo\u017cna jej przenie\u015b\u0107 ani wymieni\u0107 na got\u00f3wk\u0119. <br \/>Konkurs nie jest sponsorowany ani administrowany przez Instagram i Facebook.<\/p><p>\ud83d\udc49 Zarejestruj si\u0119 ju\u017c teraz i we\u017a udzia\u0142 w losowaniu! <br \/><br \/>Skontaktuj si\u0119 z nami, aby uzyska\u0107 bezp\u0142atn\u0105 wycen\u0119 lub porad\u0119 dotycz\u0105c\u0105 zakupu lub sprzeda\u017cy.<\/p>\t\t\t\t\t\t\t\t<\/div>\n\t\t\t\t\t<\/div>\n\t\t<\/div>\n\t\t\t\t\t<\/div>\n\t\t<\/section>\n\t\t\t\t<\/div>","protected":false},"excerpt":{"rendered":"<p>Wygraj darmow\u0105 sprzeda\u017c nieruchomo\u015bci! Esentya Estate rozdaje darmow\u0105 sprzeda\u017c nieruchomo\u015bci. Wype\u0142nij formularz, aby wzi\u0105\u0107 udzia\u0142 w konkursie. Od 15 grudnia 2025 do 29 stycznia 2026 roku mo\u017cesz wzi\u0105\u0107 udzia\u0142 w losowaniu, w kt\u00f3rym do wygrania jest darmowa sprzeda\u017c nieruchomo\u015bci o warto\u015bci od 5000 do 50 000 euro. Oto, co zapewniamy zwyci\u0119zcy: Prowizja, Op\u0142ata za po\u015brednictwo, Op\u0142ata za rozliczenie, Wizyty, Marketing, Profesjonalny fotograf\u2026<\/p>","protected":false},"author":1,"featured_media":0,"parent":0,"menu_order":0,"comment_status":"closed","ping_status":"closed","template":"elementor_header_footer","meta":{"inline_featured_image":false,"footnotes":""},"class_list":["post-26589","page","type-page","status-publish","hentry"],"_links":{"self":[{"href":"https:\/\/esentyaestate.com\/pl\/wp-json\/wp\/v2\/pages\/26589","targetHints":{"allow":["GET"]}}],"collection":[{"href":"https:\/\/esentyaestate.com\/pl\/wp-json\/wp\/v2\/pages"}],"about":[{"href":"https:\/\/esentyaestate.com\/pl\/wp-json\/wp\/v2\/types\/page"}],"author":[{"embeddable":true,"href":"https:\/\/esentyaestate.com\/pl\/wp-json\/wp\/v2\/users\/1"}],"replies":[{"embeddable":true,"href":"https:\/\/esentyaestate.com\/pl\/wp-json\/wp\/v2\/comments?post=26589"}],"version-history":[{"count":0,"href":"https:\/\/esentyaestate.com\/pl\/wp-json\/wp\/v2\/pages\/26589\/revisions"}],"wp:attachment":[{"href":"https:\/\/esentyaestate.com\/pl\/wp-json\/wp\/v2\/media?parent=26589"}],"curies":[{"name":"wp","href":"https:\/\/api.w.org\/{rel}","templated":true}]}}