{"id":18153,"date":"2014-05-24T13:54:01","date_gmt":"2014-05-24T13:54:01","guid":{"rendered":"http:\/\/wpresidence.net\/?page_id=13"},"modified":"2025-11-27T08:43:34","modified_gmt":"2025-11-27T08:43:34","slug":"privacy-policy","status":"publish","type":"page","link":"https:\/\/esentyaestate.com\/sv\/privacy-policy\/","title":{"rendered":"Integritetspolicy"},"content":{"rendered":"<p data-start=\"305\" data-end=\"596\">I enlighet med best\u00e4mmelserna i g\u00e4llande lagstiftning, <a class=\"decorated-link\" href=\"https:\/\/esentyaestate.com\/sv\" target=\"_new\" rel=\"noopener\" data-start=\"384\" data-end=\"410\">https:\/\/esentyaestate.com\/<\/a> (nedan \u00e4ven Webbplatsen) \u00e5tar sig att vidta n\u00f6dv\u00e4ndiga tekniska och organisatoriska \u00e5tg\u00e4rder, i enlighet med l\u00e4mplig s\u00e4kerhetsniv\u00e5 i f\u00f6rh\u00e5llande till risken f\u00f6r de insamlade uppgifterna.<\/p>\n<p data-start=\"598\" data-end=\"831\"><strong data-start=\"598\" data-end=\"644\">Lagar som ing\u00e5r i denna integritetspolicy<\/strong><br data-start=\"644\" data-end=\"647\" \/>Denna integritetspolicy \u00e4r anpassad till g\u00e4llande spanska och europeiska best\u00e4mmelser om skydd av personuppgifter p\u00e5 internet. Mer specifikt f\u00f6ljer den f\u00f6ljande best\u00e4mmelser:<\/p>\n<ul data-start=\"833\" data-end=\"1369\">\n<li data-start=\"833\" data-end=\"1056\">\n<p data-start=\"835\" data-end=\"1056\">Europaparlamentets och r\u00e5dets f\u00f6rordning (EU) 2016\/679 av den 27 april 2016 om skydd f\u00f6r fysiska personer med avseende p\u00e5 behandling av personuppgifter och om det fria fl\u00f6det av s\u00e5dana uppgifter (GDPR).<\/p>\n<\/li>\n<li data-start=\"1057\" data-end=\"1220\">\n<p data-start=\"1059\" data-end=\"1220\">Kungligt dekret 1720\/2007 av den 21 december om godk\u00e4nnande av f\u00f6rordningen om genomf\u00f6rande av den organiska lagen 15\/1999 av den 13 december om skydd av personuppgifter (RDLOPD).<\/p>\n<\/li>\n<li data-start=\"1221\" data-end=\"1323\">\n<p data-start=\"1223\" data-end=\"1323\">Lag 34\/2002, av den 11 juli, om informationssamh\u00e4llets tj\u00e4nster och elektronisk handel (LSSI-CE).<\/p>\n<\/li>\n<li data-start=\"1324\" data-end=\"1369\">\n<p data-start=\"1326\" data-end=\"1369\">Organisk lag 3\/2018 av den 5 december (LOPDGDD).<\/p>\n<\/li>\n<\/ul>\n<p data-start=\"1371\" data-end=\"1759\"><strong data-start=\"1371\" data-end=\"1418\">Identitet f\u00f6r den personuppgiftsansvarige<\/strong><br data-start=\"1418\" data-end=\"1421\" \/>Den personuppgiftsansvarige f\u00f6r de personuppgifter som samlas in p\u00e5 <a class=\"decorated-link\" href=\"https:\/\/esentyaestate.com\/sv\" target=\"_new\" rel=\"noopener\" data-start=\"1470\" data-end=\"1496\">https:\/\/esentyaestate.com\/<\/a> \u00e4r ESENTYA ESTATE &amp; PROMOTIONS SL, med skatte-ID-nummer: B10715092 (nedan kallad personuppgiftsansvarig). Dess kontaktuppgifter \u00e4r f\u00f6ljande:<br data-start=\"1627\" data-end=\"1630\" \/>Adress: CALLE MAYOR, N.11, Torrevieja, 03188, Alicante.<br data-start=\"1686\" data-end=\"1689\" \/>Kontakt-e-postadress: <a class=\"decorated-link cursor-pointer\" rel=\"noopener\" data-start=\"1704\" data-end=\"1736\">administracion@esentyaestate.com<\/a><br data-start=\"1736\" data-end=\"1739\" \/>Telefon: 634205959<\/p>\n<p data-start=\"1761\" data-end=\"1947\"><strong data-start=\"1761\" data-end=\"1821\">Principer till\u00e4mpliga p\u00e5 behandling av personuppgifter<\/strong><br data-start=\"1821\" data-end=\"1824\" \/>Behandlingen av anv\u00e4ndarens personuppgifter ska omfattas av f\u00f6ljande principer som anges i artikel 5 i GDPR:<\/p>\n<ul data-start=\"1948\" data-end=\"2998\">\n<li data-start=\"1948\" data-end=\"2157\">\n<p data-start=\"1950\" data-end=\"2157\"><strong data-start=\"1950\" data-end=\"2005\">Principen om laglighet, r\u00e4ttvisa och transparens:<\/strong> Anv\u00e4ndarens samtycke ska alltid kr\u00e4vas efter fullst\u00e4ndig transparent information om de syften f\u00f6r vilka personuppgifter samlas in.<\/p>\n<\/li>\n<li data-start=\"2158\" data-end=\"2280\">\n<p data-start=\"2160\" data-end=\"2280\"><strong data-start=\"2160\" data-end=\"2196\">Principen om \u00e4ndam\u00e5lsbegr\u00e4nsning:<\/strong> personuppgifter ska samlas in f\u00f6r uttryckligen angivna och ber\u00e4ttigade \u00e4ndam\u00e5l.<\/p>\n<\/li>\n<li data-start=\"2281\" data-end=\"2445\">\n<p data-start=\"2283\" data-end=\"2445\"><strong data-start=\"2283\" data-end=\"2318\">Principen f\u00f6r dataminimering:<\/strong> De personuppgifter som samlas in ska endast vara de som \u00e4r absolut n\u00f6dv\u00e4ndiga f\u00f6r de \u00e4ndam\u00e5l f\u00f6r vilka de behandlas.<\/p>\n<\/li>\n<li data-start=\"2446\" data-end=\"2530\">\n<p data-start=\"2448\" data-end=\"2530\"><strong data-start=\"2448\" data-end=\"2474\">Principen f\u00f6r noggrannhet:<\/strong> personuppgifter m\u00e5ste vara korrekta och alltid uppdaterade.<\/p>\n<\/li>\n<li data-start=\"2531\" data-end=\"2715\">\n<p data-start=\"2533\" data-end=\"2715\"><strong data-start=\"2533\" data-end=\"2569\">Princip f\u00f6r lagringsbegr\u00e4nsning:<\/strong> Personuppgifter ska endast lagras i en form som m\u00f6jligg\u00f6r identifiering av Anv\u00e4ndaren under den tid som \u00e4r n\u00f6dv\u00e4ndig f\u00f6r behandlingen av dem.<\/p>\n<\/li>\n<li data-start=\"2716\" data-end=\"2861\">\n<p data-start=\"2718\" data-end=\"2861\"><strong data-start=\"2718\" data-end=\"2765\">Principen om integritet och sekretess:<\/strong> personuppgifter ska behandlas p\u00e5 ett s\u00e4tt som s\u00e4kerst\u00e4ller deras s\u00e4kerhet och sekretess.<\/p>\n<\/li>\n<li data-start=\"2862\" data-end=\"2998\">\n<p data-start=\"2864\" data-end=\"2998\"><strong data-start=\"2864\" data-end=\"2906\">Principen om proaktivt ansvar:<\/strong> Den personuppgiftsansvarige ska ansvara f\u00f6r att s\u00e4kerst\u00e4lla att ovanst\u00e5ende principer f\u00f6ljs.<\/p>\n<\/li>\n<\/ul>\n<p data-start=\"3000\" data-end=\"3234\"><strong data-start=\"3000\" data-end=\"3031\">Kategorier av personuppgifter<\/strong><br data-start=\"3031\" data-end=\"3034\" \/>De kategorier av uppgifter som behandlas p\u00e5 <a class=\"decorated-link\" href=\"https:\/\/esentyaestate.com\/sv\" target=\"_new\" rel=\"noopener\" data-start=\"3070\" data-end=\"3096\">https:\/\/esentyaestate.com\/<\/a> \u00e4r enbart identifieringsuppgifter. Under inga omst\u00e4ndigheter behandlas s\u00e4rskilda kategorier av personuppgifter i den mening som avses i artikel 9 i GDPR.<\/p>\n<p data-start=\"3236\" data-end=\"3505\"><strong data-start=\"3236\" data-end=\"3280\">R\u00e4ttslig grund f\u00f6r behandling av personuppgifter<\/strong><br data-start=\"3280\" data-end=\"3283\" \/>Den r\u00e4ttsliga grunden f\u00f6r behandling av personuppgifter \u00e4r samtycke. <a class=\"decorated-link\" href=\"https:\/\/esentyaestate.com\/sv\" target=\"_new\" rel=\"noopener\" data-start=\"3340\" data-end=\"3366\">https:\/\/esentyaestate.com\/<\/a> \u00e5tar sig att inh\u00e4mta Anv\u00e4ndarens uttryckliga och verifierbara samtycke till behandling av deras personuppgifter f\u00f6r ett eller flera specifika \u00e4ndam\u00e5l.<\/p>\n<p data-start=\"3507\" data-end=\"3711\">Anv\u00e4ndaren har r\u00e4tt att n\u00e4r som helst \u00e5terkalla sitt samtycke. Att \u00e5terkalla samtycket ska vara lika enkelt som att ge det. Som en allm\u00e4n regel ska \u00e5terkallelse av samtycke inte vara villkorligt f\u00f6r anv\u00e4ndningen av webbplatsen.<\/p>\n<p data-start=\"3713\" data-end=\"4064\">I de fall d\u00e5 anv\u00e4ndaren m\u00e5ste eller kan l\u00e4mna sina uppgifter via formul\u00e4r f\u00f6r att g\u00f6ra f\u00f6rfr\u00e5gningar, beg\u00e4ra information eller av sk\u00e4l som r\u00f6r webbplatsens inneh\u00e5ll, ska anv\u00e4ndaren informeras om det \u00e4r obligatoriskt att fylla i s\u00e5dana formul\u00e4r p\u00e5 grund av att s\u00e5dana uppgifter \u00e4r avg\u00f6rande f\u00f6r att den utf\u00f6rda \u00e5tg\u00e4rden ska kunna utf\u00f6ras korrekt.<\/p>\n<p data-start=\"4066\" data-end=\"4425\"><strong data-start=\"4066\" data-end=\"4113\">Syften med behandlingen av personuppgifter<\/strong><br data-start=\"4113\" data-end=\"4116\" \/>Personuppgifter samlas in och hanteras av <a class=\"decorated-link\" href=\"https:\/\/esentyaestate.com\/sv\" target=\"_new\" rel=\"noopener\" data-start=\"4159\" data-end=\"4185\">https:\/\/esentyaestate.com\/<\/a> i syfte att underl\u00e4tta, effektivisera och uppfylla de \u00e5taganden som uppr\u00e4ttats mellan webbplatsen och anv\u00e4ndaren eller att uppr\u00e4tth\u00e5lla den relation som uppr\u00e4ttats i de formul\u00e4r som den senare fyller i eller f\u00f6r att hantera en f\u00f6rfr\u00e5gan eller f\u00f6rfr\u00e5gan.<\/p>\n<p data-start=\"4427\" data-end=\"4784\">Likas\u00e5 kan uppgifterna anv\u00e4ndas f\u00f6r kommersiella, operativa och statistiska \u00e4ndam\u00e5l, och f\u00f6r aktiviteter relaterade till f\u00f6retagets syfte att <a class=\"decorated-link\" href=\"https:\/\/esentyaestate.com\/sv\" target=\"_new\" rel=\"noopener\" data-start=\"4563\" data-end=\"4589\">https:\/\/esentyaestate.com\/<\/a>, samt f\u00f6r utvinning, lagring av data och marknadsf\u00f6ringsstudier f\u00f6r att skr\u00e4ddarsy inneh\u00e5llet som erbjuds anv\u00e4ndaren, samt f\u00f6rb\u00e4ttra webbplatsens kvalitet, drift och webbupplevelse.<\/p>\n<p data-start=\"4786\" data-end=\"4996\">N\u00e4r personuppgifterna erh\u00e5lls ska anv\u00e4ndaren informeras om det\/de specifika syften f\u00f6r vilka personuppgifterna kommer att behandlas, det vill s\u00e4ga hur den insamlade informationen kommer att anv\u00e4ndas.<\/p>\n<p data-start=\"4998\" data-end=\"5292\"><strong data-start=\"4998\" data-end=\"5037\">Lagringsperioder f\u00f6r personuppgifter<\/strong><br data-start=\"5037\" data-end=\"5040\" \/>Personuppgifter ska endast lagras under den kortaste tid som \u00e4r n\u00f6dv\u00e4ndig f\u00f6r deras behandling och under alla omst\u00e4ndigheter endast under f\u00f6ljande period: den tid som kr\u00e4vs f\u00f6r att utf\u00f6ra de avtalade aktiviteterna, eller tills anv\u00e4ndaren beg\u00e4r att de raderas.<\/p>\n<p data-start=\"5294\" data-end=\"5498\">N\u00e4r personuppgifter inh\u00e4mtas ska anv\u00e4ndaren informeras om hur l\u00e4nge personuppgifterna kommer att lagras eller, om detta inte \u00e4r m\u00f6jligt, de kriterier som anv\u00e4nds f\u00f6r att fastst\u00e4lla denna period.<\/p>\n<p data-start=\"5500\" data-end=\"5598\"><strong data-start=\"5500\" data-end=\"5531\">Mottagare av personuppgifter<\/strong><br data-start=\"5531\" data-end=\"5534\" \/>Anv\u00e4ndarens personuppgifter f\u00e5r inte delas med tredje part.<\/p>\n<p data-start=\"5600\" data-end=\"5755\">I vilket fall som helst ska anv\u00e4ndaren, n\u00e4r personuppgifterna erh\u00e5lls, informeras om mottagarna eller kategorierna av mottagare av personuppgifterna.<\/p>\n<p data-start=\"5757\" data-end=\"6180\"><strong data-start=\"5757\" data-end=\"5784\">Personuppgifter f\u00f6r minder\u00e5riga<\/strong><br data-start=\"5784\" data-end=\"5787\" \/>I enlighet med artikel 8 i GDPR och 13 i RDLOPD f\u00e5r endast personer \u00f6ver 14 \u00e5r lagligen ge sitt samtycke till behandling av deras personuppgifter genom att <a class=\"decorated-link\" href=\"https:\/\/esentyaestate.com\/sv\" target=\"_new\" rel=\"noopener\" data-start=\"5961\" data-end=\"5987\">https:\/\/esentyaestate.com\/<\/a>Om anv\u00e4ndaren \u00e4r under 14 \u00e5r kr\u00e4vs f\u00f6r\u00e4lders eller v\u00e5rdnadshavares samtycke f\u00f6r behandlingen, och s\u00e5dan behandling ska endast anses vara laglig i den m\u00e5n de har godk\u00e4nt den.<\/p>\n<p data-start=\"6182\" data-end=\"6581\"><strong data-start=\"6182\" data-end=\"6223\">Sekretess och s\u00e4kerhet f\u00f6r personuppgifter<\/strong><br data-start=\"6223\" data-end=\"6226\" \/><a class=\"decorated-link\" href=\"https:\/\/esentyaestate.com\/sv\" target=\"_new\" rel=\"noopener\" data-start=\"6226\" data-end=\"6252\">https:\/\/esentyaestate.com\/<\/a> \u00e5tar sig att vidta n\u00f6dv\u00e4ndiga tekniska och organisatoriska \u00e5tg\u00e4rder, i enlighet med l\u00e4mplig s\u00e4kerhetsniv\u00e5 i f\u00f6rh\u00e5llande till risken f\u00f6r de insamlade uppgifterna, f\u00f6r att s\u00e4kerst\u00e4lla s\u00e4kerheten f\u00f6r personuppgifter och f\u00f6rhindra att de oavsiktligt eller olagligen f\u00f6rst\u00f6rs, f\u00f6rloras eller \u00e4ndras, eller att uppgifterna l\u00e4mnas ut eller \u00e5tkoms obeh\u00f6rigt.<\/p>\n<p data-start=\"6583\" data-end=\"6809\">Webbplatsen har ett SSL-certifikat (Secure Socket Layer), vilket s\u00e4kerst\u00e4ller att personuppgifter \u00f6verf\u00f6rs s\u00e4kert och konfidentiellt, eftersom data\u00f6verf\u00f6ringen mellan servern och anv\u00e4ndaren, samt i feedback, \u00e4r helt krypterad.<\/p>\n<p data-start=\"6811\" data-end=\"7466\">Men som <a class=\"decorated-link\" href=\"https:\/\/esentyaestate.com\/sv\" target=\"_new\" rel=\"noopener\" data-start=\"6823\" data-end=\"6849\">https:\/\/esentyaestate.com\/<\/a> inte kan garantera absolut s\u00e4kerhet p\u00e5 internet eller fr\u00e5nvaron av hackare eller andra som bedr\u00e4gligt f\u00e5r tillg\u00e5ng till personuppgifter, \u00e5tar sig den personuppgiftsansvarige att utan on\u00f6digt dr\u00f6jsm\u00e5l meddela anv\u00e4ndaren n\u00e4r ett brott mot personuppgiftss\u00e4kerheten intr\u00e4ffar som sannolikt inneb\u00e4r en h\u00f6g risk f\u00f6r fysiska personers r\u00e4ttigheter och friheter. Enligt artikel 4 i GDPR avses med ett brott mot personuppgiftss\u00e4kerheten varje brott mot s\u00e4kerhets\u00e5tg\u00e4rden som leder till oavsiktlig eller olaglig f\u00f6rst\u00f6relse, f\u00f6rlust eller \u00e4ndring av personuppgifter som \u00f6verf\u00f6rts, lagrats eller p\u00e5 annat s\u00e4tt behandlats, eller obeh\u00f6rig kommunikation av eller \u00e5tkomst till s\u00e5dana uppgifter.<\/p>\n<p data-start=\"7468\" data-end=\"7741\">Personuppgifter ska behandlas konfidentiellt av den personuppgiftsansvarige, som \u00e5tar sig att informera och s\u00e4kerst\u00e4lla genom en r\u00e4ttslig eller avtalsenlig skyldighet att s\u00e5dan sekretess respekteras av dess anst\u00e4llda, partners och alla personer som informationen g\u00f6rs tillg\u00e4nglig f\u00f6r.<\/p>\n<p data-start=\"7743\" data-end=\"7946\"><strong data-start=\"7743\" data-end=\"7798\">R\u00e4ttigheter som f\u00f6ljer av behandling av personuppgifter<\/strong><br data-start=\"7798\" data-end=\"7801\" \/>Anv\u00e4ndaren har, och kan d\u00e4rf\u00f6r g\u00f6ra g\u00e4llande, <a class=\"decorated-link\" href=\"https:\/\/esentyaestate.com\/sv\" target=\"_new\" rel=\"noopener\" data-start=\"7850\" data-end=\"7876\">https:\/\/esentyaestate.com\/<\/a> och den personuppgiftsansvarige, f\u00f6ljande r\u00e4ttigheter som erk\u00e4nns i GDPR:<\/p>\n<ul data-start=\"7948\" data-end=\"10570\">\n<li data-start=\"7948\" data-end=\"8393\">\n<p data-start=\"7950\" data-end=\"8393\"><strong data-start=\"7950\" data-end=\"7970\">R\u00e4tt till tillg\u00e5ng:<\/strong> Anv\u00e4ndaren har r\u00e4tt att f\u00e5 bekr\u00e4ftelse p\u00e5 huruvida <a class=\"decorated-link\" href=\"https:\/\/esentyaestate.com\/sv\" target=\"_new\" rel=\"noopener\" data-start=\"8031\" data-end=\"8057\">https:\/\/esentyaestate.com\/<\/a> behandlar deras personuppgifter och, i s\u00e5 fall, att f\u00e5 information om deras specifika personuppgifter och den behandling som <a class=\"decorated-link\" href=\"https:\/\/esentyaestate.com\/sv\" target=\"_new\" rel=\"noopener\" data-start=\"8185\" data-end=\"8211\">https:\/\/esentyaestate.com\/<\/a> har utf\u00f6rt eller kan komma att utf\u00f6ra, samt bland annat tillg\u00e4nglig information om ursprunget till s\u00e5dana uppgifter och mottagarna av de utf\u00f6rda eller planerade kommunikationerna.<\/p>\n<\/li>\n<li data-start=\"8394\" data-end=\"8560\">\n<p data-start=\"8396\" data-end=\"8560\"><strong data-start=\"8396\" data-end=\"8423\">R\u00e4tt till r\u00e4ttelse:<\/strong> Anv\u00e4ndaren har r\u00e4tt att f\u00e5 personuppgifter som visar sig vara felaktiga \u00e4ndrade eller, med h\u00e4nsyn till \u00e4ndam\u00e5len med behandlingen, kompletterade.<\/p>\n<\/li>\n<li data-start=\"8561\" data-end=\"9452\">\n<p data-start=\"8563\" data-end=\"9452\"><strong data-start=\"8563\" data-end=\"8610\">R\u00e4tt till radering (&quot;r\u00e4tten att bli bortgl\u00f6md&quot;):<\/strong> Anv\u00e4ndaren har r\u00e4tt, om inte annat f\u00f6ljer av g\u00e4llande lagstiftning, att f\u00e5 sina personuppgifter raderade n\u00e4r dessa uppgifter inte l\u00e4ngre \u00e4r n\u00f6dv\u00e4ndiga f\u00f6r de \u00e4ndam\u00e5l f\u00f6r vilka de samlades in eller behandlades; n\u00e4r anv\u00e4ndaren \u00e5terkallar sitt samtycke och det inte finns n\u00e5gon annan r\u00e4ttslig grund; n\u00e4r anv\u00e4ndaren inv\u00e4nder mot behandlingen och det inte finns n\u00e5gon annan legitim anledning att forts\u00e4tta den; n\u00e4r uppgifterna har behandlats olagligt; n\u00e4r uppgifterna m\u00e5ste raderas p\u00e5 grund av en r\u00e4ttslig skyldighet; eller n\u00e4r uppgifterna erh\u00f6lls fr\u00e5n ett direkt erbjudande om informationssamh\u00e4llets tj\u00e4nster till en minder\u00e5rig under 14 \u00e5r. Dessutom ska den personuppgiftsansvarige, med h\u00e4nsyn till tillg\u00e4nglig teknik och implementeringskostnader, vidta rimliga \u00e5tg\u00e4rder f\u00f6r att informera personuppgiftsansvariga som behandlar personuppgifterna om den registrerades beg\u00e4ran om radering av alla l\u00e4nkar till s\u00e5dana personuppgifter.<\/p>\n<\/li>\n<li data-start=\"9454\" data-end=\"9798\">\n<p data-start=\"9456\" data-end=\"9798\"><strong data-start=\"9456\" data-end=\"9495\">R\u00e4tt till begr\u00e4nsning av behandling:<\/strong> Anv\u00e4ndaren har r\u00e4tt att begr\u00e4nsa behandlingen av sina personuppgifter n\u00e4r de bestrider riktigheten av deras personuppgifter; n\u00e4r behandlingen \u00e4r olaglig; n\u00e4r den personuppgiftsansvarige inte l\u00e4ngre beh\u00f6ver personuppgifterna men anv\u00e4ndaren beh\u00f6ver dem f\u00f6r anspr\u00e5k; och n\u00e4r anv\u00e4ndaren har inv\u00e4nt mot behandlingen.<\/p>\n<\/li>\n<li data-start=\"9799\" data-end=\"10175\">\n<p data-start=\"9801\" data-end=\"10175\"><strong data-start=\"9801\" data-end=\"9831\">R\u00e4tt till dataportabilitet:<\/strong> Om behandlingen sker automatiserat har anv\u00e4ndaren r\u00e4tt att f\u00e5 sina personuppgifter fr\u00e5n den personuppgiftsansvarige i ett strukturerat, allm\u00e4nt anv\u00e4nt och maskinl\u00e4sbart format och att \u00f6verf\u00f6ra dem till en annan personuppgiftsansvarig. Om det \u00e4r tekniskt m\u00f6jligt ska den personuppgiftsansvarige direkt \u00f6verf\u00f6ra uppgifterna till den andra personuppgiftsansvarige.<\/p>\n<\/li>\n<li data-start=\"10176\" data-end=\"10305\">\n<p data-start=\"10178\" data-end=\"10305\"><strong data-start=\"10178\" data-end=\"10198\">R\u00e4tt att inv\u00e4nda:<\/strong> Anv\u00e4ndaren har r\u00e4tt att inv\u00e4nda mot behandlingen av sina personuppgifter genom att <a class=\"decorated-link\" href=\"https:\/\/esentyaestate.com\/sv\" target=\"_new\" rel=\"noopener\" data-start=\"10276\" data-end=\"10302\">https:\/\/esentyaestate.com\/<\/a>.<\/p>\n<\/li>\n<li data-start=\"10306\" data-end=\"10570\">\n<p data-start=\"10308\" data-end=\"10570\"><strong data-start=\"10308\" data-end=\"10397\">R\u00e4tt att inte bli f\u00f6rem\u00e5l f\u00f6r automatiserat individuellt beslutsfattande, inklusive profilering:<\/strong> Anv\u00e4ndaren har r\u00e4tt att inte bli f\u00f6rem\u00e5l f\u00f6r ett beslut som enbart grundar sig p\u00e5 automatiserad behandling av deras personuppgifter, inklusive profilering, om inte annat f\u00f6ljer av lag.<\/p>\n<\/li>\n<\/ul>\n<p data-start=\"10572\" data-end=\"10738\">Anv\u00e4ndaren kan s\u00e5ledes ut\u00f6va sina r\u00e4ttigheter genom skriftlig kommunikation riktad till den personuppgiftsansvarige med h\u00e4nvisningen \u201dGDPR \u2013 <a class=\"decorated-link cursor-pointer\" target=\"_new\" rel=\"noopener\" data-start=\"10698\" data-end=\"10725\">https:\/\/esentyaestate.com\/\u201d<\/a>, specificerande:<\/p>\n<ul data-start=\"10740\" data-end=\"11268\">\n<li data-start=\"10740\" data-end=\"11049\">\n<p data-start=\"10742\" data-end=\"11049\">Anv\u00e4ndarens namn, efternamn och en kopia av deras ID-kort. Om representation \u00e4r till\u00e5ten kr\u00e4vs \u00e4ven identifiering av ombudet p\u00e5 samma s\u00e4tt, samt dokument som styrker representationen. Kopian av ID-kortet kan ers\u00e4ttas med andra juridiskt giltiga bevis.<\/p>\n<\/li>\n<li data-start=\"11050\" data-end=\"11141\">\n<p data-start=\"11052\" data-end=\"11141\">Beg\u00e4ran med angivande av de specifika sk\u00e4len f\u00f6r beg\u00e4ran eller den information som \u00e5tkomst g\u00f6rs.<\/p>\n<\/li>\n<li data-start=\"11142\" data-end=\"11180\">\n<p data-start=\"11144\" data-end=\"11180\">Adress f\u00f6r aviserings\u00e4ndam\u00e5l.<\/p>\n<\/li>\n<li data-start=\"11181\" data-end=\"11221\">\n<p data-start=\"11183\" data-end=\"11221\">Datum och s\u00f6kandens underskrift.<\/p>\n<\/li>\n<li data-start=\"11222\" data-end=\"11268\">\n<p data-start=\"11224\" data-end=\"11268\">Alla dokument som styrker att beg\u00e4ran har gjorts.<\/p>\n<\/li>\n<\/ul>\n<p data-start=\"11270\" data-end=\"11421\">Denna beg\u00e4ran och eventuella andra bifogade dokument kan skickas till f\u00f6ljande e-postadress:<br data-start=\"11359\" data-end=\"11362\" \/><a class=\"decorated-link cursor-pointer\" rel=\"noopener\" data-start=\"11362\" data-end=\"11394\">administracion@esentyaestate.com<\/a> <a class=\"decorated-link\" href=\"https:\/\/esentyaestate.com\/sv\" target=\"_new\" rel=\"noopener\" data-start=\"11395\" data-end=\"11421\">https:\/\/esentyaestate.com\/<\/a><\/p>\n<p data-start=\"11423\" data-end=\"11946\"><strong data-start=\"11423\" data-end=\"11470\">Klagom\u00e5l till tillsynsmyndigheten<\/strong><br data-start=\"11470\" data-end=\"11473\" \/>Om anv\u00e4ndaren anser att det finns ett problem eller ett brott mot g\u00e4llande lagstiftning i hur deras personuppgifter behandlas, har de r\u00e4tt till ett effektivt r\u00e4ttsligt skydd och att l\u00e4mna in ett klagom\u00e5l till en tillsynsmyndighet, s\u00e4rskilt i den stat d\u00e4r de har sin vanliga bos\u00e4ttning, arbetsplats eller platsen f\u00f6r den p\u00e5st\u00e5dda \u00f6vertr\u00e4delsen. N\u00e4r det g\u00e4ller Spanien \u00e4r tillsynsmyndigheten den spanska dataskyddsmyndigheten (<a class=\"decorated-link\" href=\"http:\/\/www.aepd.es\/\" target=\"_new\" rel=\"noopener\" data-start=\"11926\" data-end=\"11944\">http:\/\/www.aepd.es<\/a>).<\/p>\n<p data-start=\"11948\" data-end=\"12335\">Anv\u00e4ndaren m\u00e5ste ha l\u00e4st och godk\u00e4nna villkoren f\u00f6r skydd av personuppgifter i denna integritets- och cookiepolicy, och m\u00e5ste godk\u00e4nna behandlingen av deras personuppgifter s\u00e5 att den personuppgiftsansvarige kan forts\u00e4tta med s\u00e5dan behandling p\u00e5 det s\u00e4tt, i de tidsramar och till de \u00e4ndam\u00e5l som anges. Anv\u00e4ndning av webbplatsen inneb\u00e4r godk\u00e4nnande av denna integritets- och cookiepolicy.<\/p>\n<p data-start=\"12337\" data-end=\"12655\"><a class=\"decorated-link\" href=\"https:\/\/esentyaestate.com\/sv\" target=\"_new\" rel=\"noopener\" data-start=\"12337\" data-end=\"12363\">https:\/\/esentyaestate.com\/<\/a> f\u00f6rbeh\u00e5ller sig r\u00e4tten att \u00e4ndra sin integritets- och cookiepolicy, enligt sina egna kriterier, eller p\u00e5 grund av en lagstiftande, r\u00e4ttsvetenskaplig eller doktrin\u00e4r \u00e4ndring av den spanska dataskyddsmyndigheten. Alla \u00e4ndringar eller uppdateringar av denna integritets- och cookiepolicy ska uttryckligen meddelas anv\u00e4ndaren.<\/p>\n<p data-start=\"12657\" data-end=\"12942\">Denna integritets- och cookiepolicy uppdaterades den 12 maj 2025 f\u00f6r att anpassas till Europaparlamentets och r\u00e5dets f\u00f6rordning (EU) 2016\/679 av den 27 april 2016 om skydd f\u00f6r fysiska personer med avseende p\u00e5 behandling av personuppgifter och det fria fl\u00f6det av s\u00e5dana uppgifter (GDPR).<\/p>","protected":false},"excerpt":{"rendered":"<p>In compliance with the provisions of current legislation, https:\/\/esentyaestate.com\/ (hereinafter also the Website) undertakes to adopt the necessary technical and organisational measures, according to the appropriate level of security to the risk of the data collected. Laws incorporated into this privacy policyThis privacy policy is adapted to current Spanish and European regulations on the protection of personal data on the internet. Specifically, it complies &#8230;<\/p>","protected":false},"author":1,"featured_media":0,"parent":0,"menu_order":0,"comment_status":"closed","ping_status":"closed","template":"","meta":{"inline_featured_image":false,"footnotes":""},"class_list":["post-18153","page","type-page","status-publish","hentry"],"_links":{"self":[{"href":"https:\/\/esentyaestate.com\/sv\/wp-json\/wp\/v2\/pages\/18153","targetHints":{"allow":["GET"]}}],"collection":[{"href":"https:\/\/esentyaestate.com\/sv\/wp-json\/wp\/v2\/pages"}],"about":[{"href":"https:\/\/esentyaestate.com\/sv\/wp-json\/wp\/v2\/types\/page"}],"author":[{"embeddable":true,"href":"https:\/\/esentyaestate.com\/sv\/wp-json\/wp\/v2\/users\/1"}],"replies":[{"embeddable":true,"href":"https:\/\/esentyaestate.com\/sv\/wp-json\/wp\/v2\/comments?post=18153"}],"version-history":[{"count":0,"href":"https:\/\/esentyaestate.com\/sv\/wp-json\/wp\/v2\/pages\/18153\/revisions"}],"wp:attachment":[{"href":"https:\/\/esentyaestate.com\/sv\/wp-json\/wp\/v2\/media?parent=18153"}],"curies":[{"name":"wp","href":"https:\/\/api.w.org\/{rel}","templated":true}]}}