{"id":21942,"date":"2025-11-27T08:40:21","date_gmt":"2025-11-27T08:40:21","guid":{"rendered":"https:\/\/esentyaestate.com\/?page_id=21942"},"modified":"2025-11-27T08:44:30","modified_gmt":"2025-11-27T08:44:30","slug":"cookies-policy","status":"publish","type":"page","link":"https:\/\/esentyaestate.com\/sv\/cookies-policy\/","title":{"rendered":"Cookiepolicy"},"content":{"rendered":"<p data-start=\"245\" data-end=\"653\">\u00c5tkomst till denna webbplats kan inneb\u00e4ra anv\u00e4ndning av cookies. Cookies \u00e4r sm\u00e5 m\u00e4ngder information som lagras i webbl\u00e4saren som anv\u00e4nds av varje anv\u00e4ndare \u2013 p\u00e5 de olika enheter de kan anv\u00e4nda f\u00f6r att surfa \u2013 s\u00e5 att servern kommer ih\u00e5g viss information som senare och endast kommer att l\u00e4sas av den server som implementerade den. Cookies underl\u00e4ttar surfning, g\u00f6r den mer anv\u00e4ndarv\u00e4nlig och skadar inte surfenheten.<\/p>\n<p data-start=\"655\" data-end=\"953\">Kakor (cookies) \u00e4r automatiska procedurer f\u00f6r att samla in information om de preferenser som anv\u00e4ndaren g\u00f6r under sitt bes\u00f6k p\u00e5 webbplatsen i syfte att k\u00e4nna igen dem som anv\u00e4ndare, anpassa deras upplevelse och anv\u00e4ndningen av webbplatsen, och kan till exempel ocks\u00e5 hj\u00e4lpa till att identifiera och \u00e5tg\u00e4rda fel.<\/p>\n<p data-start=\"955\" data-end=\"1513\">Informationen som samlas in via cookies kan inkludera datum och tid f\u00f6r bes\u00f6k p\u00e5 webbplatsen, vilka sidor som visats, hur l\u00e4nge du spenderar p\u00e5 webbplatsen och vilka webbplatser som bes\u00f6kts strax f\u00f6re och efter den. Ingen cookie till\u00e5ter dock kontakt med anv\u00e4ndarens telefonnummer eller med andra personliga kontaktmedel. Ingen cookie kan extrahera information fr\u00e5n anv\u00e4ndarens h\u00e5rddisk eller stj\u00e4la personlig information. Det enda s\u00e4ttet f\u00f6r anv\u00e4ndarens privata information att ing\u00e5 i cookiefilen \u00e4r att anv\u00e4ndaren personligen l\u00e4mnar den informationen till servern.<\/p>\n<p data-start=\"1515\" data-end=\"1924\">Kakor som m\u00f6jligg\u00f6r identifiering av en person betraktas som personuppgifter. D\u00e4rf\u00f6r g\u00e4ller den tidigare beskrivna integritetspolicyn f\u00f6r dem. I denna mening kr\u00e4ver anv\u00e4ndningen av dessa kakor anv\u00e4ndarens samtycke. Detta samtycke ska meddelas baserat p\u00e5 ett autentiskt val, som ges genom ett bekr\u00e4ftande och positivt beslut, f\u00f6re den initiala behandlingen, samt tas bort och dokumenteras.<\/p>\n<h2 data-start=\"1931\" data-end=\"1949\"><strong data-start=\"1934\" data-end=\"1949\">Egna kakor<\/strong><\/h2>\n<p data-start=\"1951\" data-end=\"2380\">Det h\u00e4r \u00e4r cookies som skickas till anv\u00e4ndarens dator eller enhet och hanteras exklusivt av <a class=\"decorated-link\" href=\"https:\/\/esentyaestate.com\/sv\" target=\"_new\" rel=\"noopener\" data-start=\"2043\" data-end=\"2069\">https:\/\/esentyaestate.com\/<\/a>f\u00f6r att webbplatsen ska fungera b\u00e4ttre. Den information som samlas in anv\u00e4nds f\u00f6r att f\u00f6rb\u00e4ttra webbplatsens kvalitet, dess inneh\u00e5ll och anv\u00e4ndarens upplevelse. Dessa cookies g\u00f6r det m\u00f6jligt f\u00f6r anv\u00e4ndaren att k\u00e4nna igen sig som en \u00e5terkommande bes\u00f6kare p\u00e5 webbplatsen och att anpassa inneh\u00e5llet f\u00f6r att erbjuda inneh\u00e5ll som passar deras preferenser.<\/p>\n<p data-start=\"2382\" data-end=\"2969\">Den information som erh\u00e5lls avser till exempel antalet bes\u00f6kta sidor, spr\u00e5ket, platsen fr\u00e5n vilken anv\u00e4ndarens IP-adress n\u00e5s, antalet anv\u00e4ndare som bes\u00f6ker webbplatsen, bes\u00f6kens frekvens och \u00e5terkommande period, bes\u00f6kens l\u00e4ngd, vilken webbl\u00e4sare som anv\u00e4nds, operat\u00f6ren eller typen av enhet som bes\u00f6ket g\u00f6rs fr\u00e5n. Denna information anv\u00e4nds f\u00f6r att f\u00f6rb\u00e4ttra webbplatsen och uppt\u00e4cka nya behov f\u00f6r att kunna erbjuda anv\u00e4ndarna inneh\u00e5ll och\/eller tj\u00e4nster av optimal kvalitet. Informationen samlas i alla fall in anonymt och rapporter om webbplatsens trender uppr\u00e4ttas utan att enskilda anv\u00e4ndare identifieras.<\/p>\n<p data-start=\"2971\" data-end=\"3165\">Mer information om cookies, sekretessinformation eller beskrivningen av vilken typ av cookies som anv\u00e4nds, deras huvudsakliga egenskaper, utg\u00e5ngsdatum etc. kan erh\u00e5llas p\u00e5 f\u00f6ljande l\u00e4nk(ar):<\/p>\n<p data-start=\"3167\" data-end=\"3187\"><strong data-start=\"3167\" data-end=\"3187\">GOOGLE ANALYTICS<\/strong><\/p>\n<p data-start=\"3189\" data-end=\"3388\">Den\/de enheter som ansvarar f\u00f6r att tillhandah\u00e5lla cookies f\u00e5r \u00f6verf\u00f6ra denna information till tredje part, f\u00f6rutsatt att lagen kr\u00e4ver det eller n\u00e4r en tredje part behandlar denna information f\u00f6r n\u00e4mnda enheter.<\/p>\n<h2 data-start=\"3395\" data-end=\"3422\"><strong data-start=\"3398\" data-end=\"3422\">Cookies f\u00f6r sociala medier<\/strong><\/h2>\n<p data-start=\"3424\" data-end=\"4049\"><a class=\"decorated-link\" href=\"https:\/\/esentyaestate.com\/sv\" target=\"_new\" rel=\"noopener\" data-start=\"3424\" data-end=\"3450\">https:\/\/esentyaestate.com\/<\/a> inneh\u00e5ller plugins f\u00f6r sociala medier, som ger \u00e5tkomst till dem fr\u00e5n webbplatsen. Av denna anledning kan cookies f\u00f6r sociala medier lagras i anv\u00e4ndarens webbl\u00e4sare. \u00c4garna av dessa sociala n\u00e4tverk har sina egna policyer f\u00f6r dataskydd och cookies och \u00e4r sj\u00e4lva, i varje enskilt fall, ansvariga f\u00f6r sina egna filer och sin egen integritetspraxis. Anv\u00e4ndaren m\u00e5ste h\u00e4nvisa till dem f\u00f6r att f\u00e5 information om dessa cookies och, i f\u00f6rekommande fall, behandlingen av deras personuppgifter. F\u00f6ljande l\u00e4nkar tillhandah\u00e5lls endast i informationssyfte d\u00e4r dessa integritets- och\/eller cookiepolicyer kan konsulteras:<\/p>\n<ul data-start=\"4051\" data-end=\"4486\">\n<li data-start=\"4051\" data-end=\"4107\">\n<p data-start=\"4053\" data-end=\"4107\">Facebook: <a class=\"decorated-link\" href=\"https:\/\/www.facebook.com\/policies\/cookies\/\" target=\"_new\" rel=\"noopener\" data-start=\"4063\" data-end=\"4105\">https:\/\/www.facebook.com\/policies\/cookies\/<\/a><\/p>\n<\/li>\n<li data-start=\"4108\" data-end=\"4151\">\n<p data-start=\"4110\" data-end=\"4151\">Kvittra: <a class=\"decorated-link\" href=\"https:\/\/twitter.com\/es\/privacy\" target=\"_new\" rel=\"noopener\" data-start=\"4119\" data-end=\"4149\">https:\/\/twitter.com\/es\/privacy<\/a><\/p>\n<\/li>\n<li data-start=\"4152\" data-end=\"4217\">\n<p data-start=\"4154\" data-end=\"4217\">Instagram: <a class=\"decorated-link\" href=\"https:\/\/help.instagram.com\/1896641480634370?ref=ig\" target=\"_new\" rel=\"noopener\" data-start=\"4165\" data-end=\"4215\">https:\/\/help.instagram.com\/1896641480634370?ref=ig<\/a><\/p>\n<\/li>\n<li data-start=\"4218\" data-end=\"4282\">\n<p data-start=\"4220\" data-end=\"4282\">Youtube: <a class=\"decorated-link\" href=\"https:\/\/policies.google.com\/privacy?hl=es-419&amp;gl=mx\" target=\"_new\" rel=\"noopener\" data-start=\"4229\" data-end=\"4280\">https:\/\/policies.google.com\/privacy?hl=es-419&amp;gl=mx<\/a><\/p>\n<\/li>\n<li data-start=\"4283\" data-end=\"4350\">\n<p data-start=\"4285\" data-end=\"4350\">Google+: <a class=\"decorated-link\" href=\"https:\/\/policies.google.com\/technologies\/cookies?hl=es\" target=\"_new\" rel=\"noopener\" data-start=\"4294\" data-end=\"4348\">https:\/\/policies.google.com\/technologies\/cookies?hl=es<\/a><\/p>\n<\/li>\n<li data-start=\"4351\" data-end=\"4412\">\n<p data-start=\"4353\" data-end=\"4412\">Pinterest: <a class=\"decorated-link\" href=\"https:\/\/policy.pinterest.com\/es\/privacy-policy\" target=\"_new\" rel=\"noopener\" data-start=\"4364\" data-end=\"4410\">https:\/\/policy.pinterest.com\/es\/privacy-policy<\/a><\/p>\n<\/li>\n<li data-start=\"4413\" data-end=\"4486\">\n<p data-start=\"4415\" data-end=\"4486\">LinkedIn: <a class=\"decorated-link\" href=\"https:\/\/www.linkedin.com\/legal\/cookie-policy?trk=hp-cookies\" target=\"_new\" rel=\"noopener\" data-start=\"4425\" data-end=\"4484\">https:\/\/www.linkedin.com\/legal\/cookie-policy?trk=hp-cookies<\/a><\/p>\n<\/li>\n<\/ul>\n<h2 data-start=\"4493\" data-end=\"4534\"><strong data-start=\"4496\" data-end=\"4534\">Inaktivera, avvisa och ta bort cookies<\/strong><\/h2>\n<p data-start=\"4536\" data-end=\"4938\">Anv\u00e4ndaren kan inaktivera, avvisa och radera cookies \u2013 helt eller delvis \u2013 som installerats p\u00e5 sin enhet genom att konfigurera sin webbl\u00e4sare (inklusive till exempel Chrome, Firefox, Safari, Explorer). I detta avseende kan procedurerna f\u00f6r att avvisa och radera cookies skilja sig fr\u00e5n en webbl\u00e4sare till en annan. F\u00f6ljaktligen m\u00e5ste anv\u00e4ndaren l\u00e4sa instruktionerna f\u00f6r den webbl\u00e4sare de anv\u00e4nder.<\/p>\n<p data-start=\"4940\" data-end=\"5084\">Om anv\u00e4ndaren helt eller delvis avb\u00f6jer anv\u00e4ndningen av cookies kan de forts\u00e4tta att anv\u00e4nda webbplatsen, \u00e4ven om vissa av dess funktioner kan vara begr\u00e4nsade.<\/p>","protected":false},"excerpt":{"rendered":"<p>Access to this Website may involve the use of cookies. Cookies are small amounts of information that are stored in the browser used by each User \u2014on the different devices they may use to browse\u2014 so that the server remembers certain information which will later and only be read by the server that implemented it. Cookies facilitate browsing, make it more user-friendly, and do &#8230;<\/p>","protected":false},"author":1,"featured_media":0,"parent":0,"menu_order":0,"comment_status":"closed","ping_status":"closed","template":"page-templates\/terms_conditions.php","meta":{"inline_featured_image":false,"footnotes":""},"class_list":["post-21942","page","type-page","status-publish","hentry"],"_links":{"self":[{"href":"https:\/\/esentyaestate.com\/sv\/wp-json\/wp\/v2\/pages\/21942","targetHints":{"allow":["GET"]}}],"collection":[{"href":"https:\/\/esentyaestate.com\/sv\/wp-json\/wp\/v2\/pages"}],"about":[{"href":"https:\/\/esentyaestate.com\/sv\/wp-json\/wp\/v2\/types\/page"}],"author":[{"embeddable":true,"href":"https:\/\/esentyaestate.com\/sv\/wp-json\/wp\/v2\/users\/1"}],"replies":[{"embeddable":true,"href":"https:\/\/esentyaestate.com\/sv\/wp-json\/wp\/v2\/comments?post=21942"}],"version-history":[{"count":0,"href":"https:\/\/esentyaestate.com\/sv\/wp-json\/wp\/v2\/pages\/21942\/revisions"}],"wp:attachment":[{"href":"https:\/\/esentyaestate.com\/sv\/wp-json\/wp\/v2\/media?parent=21942"}],"curies":[{"name":"wp","href":"https:\/\/api.w.org\/{rel}","templated":true}]}}