{"id":22897,"date":"2025-12-09T11:49:25","date_gmt":"2025-12-09T11:49:25","guid":{"rendered":"https:\/\/esentyaestate.com\/?page_id=22897"},"modified":"2026-01-12T13:31:45","modified_gmt":"2026-01-12T13:31:45","slug":"sell-with-us","status":"publish","type":"page","link":"https:\/\/esentyaestate.com\/sv\/sell-with-us\/","title":{"rendered":"S\u00e4lj med oss"},"content":{"rendered":"<div data-elementor-type=\"wp-page\" data-elementor-id=\"22897\" class=\"elementor elementor-22897\" data-elementor-post-type=\"page\">\n\t\t\t\t<div class=\"elementor-element elementor-element-1f8c4a0d e-flex e-con-boxed e-con e-parent\" data-id=\"1f8c4a0d\" data-element_type=\"container\" data-settings=\"{&quot;background_background&quot;:&quot;slideshow&quot;,&quot;background_slideshow_slide_duration&quot;:10000,&quot;background_slideshow_gallery&quot;:[{&quot;id&quot;:22916,&quot;url&quot;:&quot;https:\\\/\\\/esentyaestate.com\\\/wp-content\\\/uploads\\\/2025\\\/12\\\/category-footer3-webp.webp&quot;},{&quot;id&quot;:22917,&quot;url&quot;:&quot;https:\\\/\\\/esentyaestate.com\\\/wp-content\\\/uploads\\\/2025\\\/12\\\/category-footer2-webp.webp&quot;}],&quot;background_slideshow_lazyload&quot;:&quot;yes&quot;,&quot;background_slideshow_ken_burns&quot;:&quot;yes&quot;,&quot;background_slideshow_loop&quot;:&quot;yes&quot;,&quot;background_slideshow_slide_transition&quot;:&quot;fade&quot;,&quot;background_slideshow_transition_duration&quot;:500,&quot;background_slideshow_ken_burns_zoom_direction&quot;:&quot;in&quot;}\">\n\t\t\t\t\t<div class=\"e-con-inner\">\n\t\t<div class=\"elementor-element elementor-element-1029d59 e-con-full e-flex e-con e-child\" data-id=\"1029d59\" data-element_type=\"container\">\n\t\t\t\t<div class=\"elementor-element elementor-element-17c471c7 elementor-widget elementor-widget-heading\" data-id=\"17c471c7\" data-element_type=\"widget\" data-widget_type=\"heading.default\">\n\t\t\t\t\t<h2 class=\"elementor-heading-title elementor-size-default\">Vill du veta v\u00e4rdet p\u00e5 din fastighet?<\/h2>\t\t\t\t<\/div>\n\t\t\t\t<div class=\"elementor-element elementor-element-24322dd7 elementor-widget elementor-widget-heading\" data-id=\"24322dd7\" data-element_type=\"widget\" data-widget_type=\"heading.default\">\n\t\t\t\t\t<h2 class=\"elementor-heading-title elementor-size-default\">\nF\u00e5 insikt i det verkliga v\u00e4rdet av din fastighet genom en grundlig och professionell v\u00e4rderingsprocess. V\u00e5rt expertteam bed\u00f6mer noggrant olika faktorer, inklusive l\u00e4ge, storlek, skick och aktuella marknadstrender, f\u00f6r att ge dig en korrekt uppskattning av ditt hems v\u00e4rde.<\/h2>\t\t\t\t<\/div>\n\t\t\t\t<\/div>\n\t\t<div class=\"elementor-element elementor-element-55baafb3 e-flex e-con-boxed e-con e-child\" data-id=\"55baafb3\" data-element_type=\"container\" data-settings=\"{&quot;background_background&quot;:&quot;classic&quot;}\">\n\t\t\t\t\t<div class=\"e-con-inner\">\n\t\t\t\t<div class=\"elementor-element elementor-element-31b873a elementor-button-align-center elementor-widget elementor-widget-WpResidence_Contact_Form_Builder\" data-id=\"31b873a\" data-element_type=\"widget\" data-widget_type=\"WpResidence_Contact_Form_Builder.default\">\n\t\t\t\t<div class=\"elementor-widget-container\">\n\t\t\t\t\t\n\n\n\n\n        <form class=\"elementor-form wpresidence_elementor_form wpestate_contact_form_parent\"  id=\"wpresidence-elementor-form-31b873a\" method=\"post\" action=\"\" >\n            <div class=\"alert-box error\">\n                <div class=\"alert-message\" id=\"alert-agent-contact\"><\/div>\n            <\/div>\n            <input name=\"prop_id\" type=\"hidden\"  id=\"agent_property_id\" value=\"\">\n            <input name=\"prop_id\" type=\"hidden\"  id=\"agent_id\" value=\"\">\n            <input name=\"prop_id\" type=\"hidden\"  id=\"contact_form_elementor\" value=\"1\">\n            <input type=\"hidden\" name=\"contact_ajax_nonce\" id=\"agent_property_ajax_nonce\"  value=\"b1c54580e4\" \/>\n\n            \n            \n            <input type=\"hidden\" id=\"wpresidence_form_id\" name=\"wpresidence_form_id\" value=\"wpresidence_form_7934\" \/>\n        \n            <input type=\"hidden\" id=\"elementor_email_subject\" name=\"email_suject\" value=\"New email from Sell with us\" \/>\n\n\n            <div class=\"elementor-form-fields-wrapper elementor-labels-above\">\n        <div class=\"elementor-field-group elementor-column form-group elementor-field-group-24f699d elementor-col-100\"><label for=\"form-field-24f699d\" class=\"elementor-field-label elementor-screen-only\">F\u00f6rnamn<\/label><input type=\"text\" name=\"name\" id=\"form-field-24f699d\" class=\"elementor-field form-control elementor-size-md elementor-field-textual\" placeholder=\"Fullst\u00e4ndigt namn\"><\/div><div class=\"elementor-field-group elementor-column form-group elementor-field-group-email elementor-field-required elementor-col-100\"><label for=\"form-field-email\" class=\"elementor-field-label elementor-screen-only\">E-post*<\/label><input type=\"email\" name=\"email\" id=\"form-field-email\" class=\"elementor-field form-control elementor-size-md elementor-field-textual\" required=\"required\" placeholder=\"E-post\"><\/div><div class=\"elementor-field-group elementor-column form-group elementor-field-group-message elementor-field-required elementor-col-100\"><label for=\"form-field-message\" class=\"elementor-field-label elementor-screen-only\">Mobil*<\/label><input type=\"text\" name=\"mobile\" id=\"form-field-message\" class=\"elementor-field form-control elementor-size-md elementor-field-textual\" required=\"required\" placeholder=\"Telefon\"><\/div><div class=\"elementor-field-group elementor-column form-group elementor-field-group-f1e07cd elementor-field-required elementor-col-100\"><label for=\"form-field-f1e07cd\" class=\"elementor-field-label elementor-screen-only\">Meddelande*<\/label><textarea class=\"form-control elementor-field-textual elementor-field elementor-size-md\" name=\"message\" id=\"form-field-f1e07cd\" rows=\"4\" required=\"required\" placeholder=\"L\u00e4gg till en kort beskrivning av din fastighet\"><\/textarea><\/div>\n                <div class=\"elementor-field-group elementor-column elementor-field-type-submit elementor-col-100\">\n        <div class=\"gpr_wrapper\"><input type=\"checkbox\"  role=\"checkbox\" aria-checked=\"false\" id=\"wpestate_agree_gdpr\" class=\"wpestate_agree_gdpr\" name=\"wpestate_agree_gdpr\" \/>\n                    <label for=\"wpestate_agree_gdpr\"><a target=\"_blank\" href=\"https:\/\/esentyaestate.com\/sv\/\">Al activar el check de &quot;Lectura y Aceptaci\u00f3n&quot; de nuestra Pol\u00edtica de Privacidad , usted est\u00e1 indicando que ha le\u00eddo, entiende, acepta y autoriza todas las cl\u00e1usulas especificadas para recogida, almacenamiento y el tratamiento de sus. Ver nuestra Politica de Privacidad.<\/a><\/label><\/div>\n\t\t\t\t\t\t\t\t\t\t\t\t                    <button type=\"submit\" class=\"agent_submit_class_elementor wpresidence_button wpresidence_button_elementor elementor-button elementor-size-md\">\n                    Skicka e-post                            <\/button>\n\n                <\/div>\n            <\/div>\n\n\n\n        <input type=\"hidden\" name=\"trp-form-language\" value=\"sv\"\/><\/form>\n\n\n\n\n        \t\t\t\t<\/div>\n\t\t\t\t<\/div>\n\t\t\t\t\t<\/div>\n\t\t\t\t<\/div>\n\t\t\t\t\t<\/div>\n\t\t\t\t<\/div>\n\t\t<div class=\"elementor-element elementor-element-7351f3a0 e-flex e-con-boxed e-con e-parent\" data-id=\"7351f3a0\" data-element_type=\"container\" data-settings=\"{&quot;background_background&quot;:&quot;classic&quot;}\">\n\t\t\t\t\t<div class=\"e-con-inner\">\n\t\t\t\t<div class=\"elementor-element elementor-element-baf9eea elementor-invisible elementor-widget elementor-widget-Wpresidence_Sliding_Box\" data-id=\"baf9eea\" data-element_type=\"widget\" data-settings=\"{&quot;_animation&quot;:&quot;fadeIn&quot;}\" data-widget_type=\"Wpresidence_Sliding_Box.default\">\n\t\t\t\t<div class=\"elementor-widget-container\">\n\t\t\t\t\t<div class=\"wpestate_sliding_box_wrapper\">            <div class=\"wpestate_sliding_box active-element slider_box_size_3\">\n                <div class=\"sliding-image\" style=\"background-image:url(https:\/\/esentyaestate.com\/wp-content\/uploads\/2025\/12\/inspection_esentya.jpg)\"><\/div>\n                <div class=\"sliding-content-wrapper\">\n                    <h4>Inspektioner<\/h4>\n                    <p>Under en besiktning g\u00e5r vi tillsammans igenom huset i detalj och hittar viktig information som potentiella k\u00f6pare kommer att tycka \u00e4r intressant. Besiktningen fungerar som grund f\u00f6r att fastst\u00e4lla bostadens v\u00e4rde. Vi vill l\u00e4ra k\u00e4nna dig som kund s\u00e5 att vi tillsammans kan utveckla den perfekta f\u00f6rs\u00e4ljningsmetoden f\u00f6r ditt hus. Besiktningen \u00e4r helt kostnadsfri och utan f\u00f6rpliktelser.<\/p>\n                    <div class=\"sliding-content-action\">\n                        <a class=\"wpresidence_button\" href=\"\"  rel=\"nofollow\"><span class=\"\"><\/span> <\/a>\n                    <\/div>\n                <\/div>\n            <\/div>\n                        <div class=\"wpestate_sliding_box  slider_box_size_3\">\n                <div class=\"sliding-image\" style=\"background-image:url(https:\/\/esentyaestate.com\/wp-content\/uploads\/2025\/12\/advertising_marketing_esentya.jpg)\"><\/div>\n                <div class=\"sliding-content-wrapper\">\n                    <h4>Reklam och marknadsf\u00f6ring<\/h4>\n                    <p>Att n\u00e5 ut till s\u00e5 m\u00e5nga potentiella k\u00f6pare som m\u00f6jligt \u00e4r viktigt vid bostadsf\u00f6rs\u00e4ljning, och vi har hundratals potentiella k\u00f6pare som f\u00e5r v\u00e5ra nyhetsbrev. Vi marknadsf\u00f6r oss p\u00e5 v\u00e4rldens st\u00f6rsta och viktigaste fastighetsportaler och samarbetar med andra seri\u00f6sa m\u00e4klare som specialiserar sig p\u00e5 andra marknader \u00e4n v\u00e5r egen. De viktigaste marknaderna att lyfta fram h\u00e4r \u00e4r Belgien, Tyskland, Nederl\u00e4nderna, Frankrike, Storbritannien, Spanien och resten av Skandinavien.<\/p>\n                    <div class=\"sliding-content-action\">\n                        <a class=\"wpresidence_button\" href=\"\"  rel=\"nofollow\"><span class=\"\"><\/span> <\/a>\n                    <\/div>\n                <\/div>\n            <\/div>\n            <\/div>\t\t\t\t<\/div>\n\t\t\t\t<\/div>\n\t\t\t\t<div class=\"elementor-element elementor-element-9062453 elementor-invisible elementor-widget elementor-widget-Wpresidence_Sliding_Box\" data-id=\"9062453\" data-element_type=\"widget\" data-settings=\"{&quot;_animation&quot;:&quot;fadeIn&quot;}\" data-widget_type=\"Wpresidence_Sliding_Box.default\">\n\t\t\t\t<div class=\"elementor-widget-container\">\n\t\t\t\t\t<div class=\"wpestate_sliding_box_wrapper\">            <div class=\"wpestate_sliding_box  slider_box_size_3\">\n                <div class=\"sliding-image\" style=\"background-image:url(https:\/\/esentyaestate.com\/wp-content\/uploads\/2025\/12\/staging_the_property_esentya.jpg)\"><\/div>\n                <div class=\"sliding-content-wrapper\">\n                    <h4>Uppst\u00e4llning av fastigheten<\/h4>\n                    <p>En av de viktigaste komponenterna i en lyckad bostadsf\u00f6rs\u00e4ljning \u00e4r presentationen av bostaden; vi tror att allt ligger i detaljerna. Vi arbetar med en beg\u00e5vad fotograf och stylist, och erbjuder \u00e4ven virtuell styling som beh\u00f6vs. Vi erbjuder \u00e4ven 360-gradersvisning, dr\u00f6narbilder och en videopresentation av fastigheten. Vi arbetar tillsammans f\u00f6r att v\u00e4lja det paket som passar just ditt hem.<\/p>\n                    <div class=\"sliding-content-action\">\n                        <a class=\"wpresidence_button\" href=\"\"  rel=\"nofollow\"><span class=\"\"><\/span> <\/a>\n                    <\/div>\n                <\/div>\n            <\/div>\n                        <div class=\"wpestate_sliding_box active-element slider_box_size_3\">\n                <div class=\"sliding-image\" style=\"background-image:url(https:\/\/esentyaestate.com\/wp-content\/uploads\/2025\/12\/settlement_esentya.jpg)\"><\/div>\n                <div class=\"sliding-content-wrapper\">\n                    <h4>L\u00f6sning<\/h4>\n                    <p>En av de viktigaste komponenterna i en lyckad bostadsf\u00f6rs\u00e4ljning \u00e4r presentationen av bostaden; vi tror att allt ligger i detaljerna. Vi arbetar med en beg\u00e5vad fotograf och stylist, och erbjuder \u00e4ven virtuell styling som beh\u00f6vs. Vi erbjuder \u00e4ven 360-gradersvisning, dr\u00f6narbilder och en videopresentation av fastigheten. Vi arbetar tillsammans f\u00f6r att v\u00e4lja det paket som passar just ditt hem.<\/p>\n                    <div class=\"sliding-content-action\">\n                        <a class=\"wpresidence_button\" href=\"\"  rel=\"nofollow\"><span class=\"\"><\/span> <\/a>\n                    <\/div>\n                <\/div>\n            <\/div>\n            <\/div>\t\t\t\t<\/div>\n\t\t\t\t<\/div>\n\t\t\t\t<div class=\"elementor-element elementor-element-51dbf923 elementor-invisible elementor-widget elementor-widget-Wpresidence_Sliding_Box\" data-id=\"51dbf923\" data-element_type=\"widget\" data-settings=\"{&quot;_animation&quot;:&quot;fadeIn&quot;}\" data-widget_type=\"Wpresidence_Sliding_Box.default\">\n\t\t\t\t<div class=\"elementor-widget-container\">\n\t\t\t\t\t<div class=\"wpestate_sliding_box_wrapper\">            <div class=\"wpestate_sliding_box active-element slider_box_size_3\">\n                <div class=\"sliding-image\" style=\"background-image:url(https:\/\/esentyaestate.com\/wp-content\/uploads\/2025\/11\/buy_property.jpeg)\"><\/div>\n                <div class=\"sliding-content-wrapper\">\n                    <h4>Dokumentation<\/h4>\n                    <p>Kopia av NIE-dokumentet till \u00e4garna Kopia av pass fr\u00e5n \u00e4gare av fastigheten och k\u00f6pekontrakt Kopia av senast betalda fastighetsskatt och vatten-\/elr\u00e4kning Energicertifikat (Om du inte har detta hj\u00e4lper vi till med detta) Om det finns ett pantbrev p\u00e5 bostaden beh\u00f6ver vi bankens namn och filial Kontakta administrationen som tillh\u00f6r din urbanisering Ett k\u00f6pekontrakt som bekr\u00e4ftar avtalet mellan Esentya Real Estate och s\u00e4ljaren.<\/p>\n                    <div class=\"sliding-content-action\">\n                        <a class=\"wpresidence_button\" href=\"\"  rel=\"nofollow\"><span class=\"\"><\/span> <\/a>\n                    <\/div>\n                <\/div>\n            <\/div>\n                        <div class=\"wpestate_sliding_box  slider_box_size_3\">\n                <div class=\"sliding-image\" style=\"background-image:url(https:\/\/esentyaestate.com\/wp-content\/uploads\/2025\/12\/documents_esentya.jpg)\"><\/div>\n                <div class=\"sliding-content-wrapper\">\n                    <h4>Kostnader och skatter<\/h4>\n                    <p>Kommunalskatt, Plusvalia, p\u00e5 v\u00e4rde\u00f6kningen enligt tomtv\u00e4rdet. Avtalad avgift till m\u00e4klare. Kapitalvinstskatt. Skatt p\u00e5 vinster mellan de deklarerade v\u00e4rdena vid k\u00f6p\/f\u00f6rs\u00e4ljning. Skattefria s\u00e4ljare: 3% av f\u00f6rs\u00e4ljningspriset inneh\u00e5lls och avr\u00e4knas mot en eventuell kapitalvinstskatt. IBI\/SUMA f\u00f6r f\u00f6rs\u00e4ljnings\u00e5ret. Advokat C\u00e9dula de habitabilidad (Intyg som visar att bostaden har byggts korrekt).<\/p>\n                    <div class=\"sliding-content-action\">\n                        <a class=\"wpresidence_button\" href=\"\"  rel=\"nofollow\"><span class=\"\"><\/span> <\/a>\n                    <\/div>\n                <\/div>\n            <\/div>\n            <\/div>\t\t\t\t<\/div>\n\t\t\t\t<\/div>\n\t\t\t\t\t<\/div>\n\t\t\t\t<\/div>\n\t\t\t\t<\/div>","protected":false},"excerpt":{"rendered":"<p>Want to know your property&#8217;s worth? Gain insight into the true worth of your property through a thorough and professional valuation process. Our team of experts meticulously assesses various factors including location, size, condition, and recent market trends to provide you with an accurate estimation of your home&#8217;s value. First NameEmail*Mobile*Message* Al activar el check de &#8220;Lectura y Aceptaci\u00f3n&#8221; de nuestra Pol\u00edtica de Privacidad &#8230;<\/p>","protected":false},"author":1,"featured_media":0,"parent":0,"menu_order":0,"comment_status":"closed","ping_status":"closed","template":"elementor_header_footer","meta":{"inline_featured_image":false,"footnotes":""},"class_list":["post-22897","page","type-page","status-publish","hentry"],"_links":{"self":[{"href":"https:\/\/esentyaestate.com\/sv\/wp-json\/wp\/v2\/pages\/22897","targetHints":{"allow":["GET"]}}],"collection":[{"href":"https:\/\/esentyaestate.com\/sv\/wp-json\/wp\/v2\/pages"}],"about":[{"href":"https:\/\/esentyaestate.com\/sv\/wp-json\/wp\/v2\/types\/page"}],"author":[{"embeddable":true,"href":"https:\/\/esentyaestate.com\/sv\/wp-json\/wp\/v2\/users\/1"}],"replies":[{"embeddable":true,"href":"https:\/\/esentyaestate.com\/sv\/wp-json\/wp\/v2\/comments?post=22897"}],"version-history":[{"count":0,"href":"https:\/\/esentyaestate.com\/sv\/wp-json\/wp\/v2\/pages\/22897\/revisions"}],"wp:attachment":[{"href":"https:\/\/esentyaestate.com\/sv\/wp-json\/wp\/v2\/media?parent=22897"}],"curies":[{"name":"wp","href":"https:\/\/api.w.org\/{rel}","templated":true}]}}