{"id":5275,"date":"2014-05-24T13:51:08","date_gmt":"2014-05-24T13:51:08","guid":{"rendered":"http:\/\/wpresidence.net\/?page_id=9"},"modified":"2025-11-27T08:43:50","modified_gmt":"2025-11-27T08:43:50","slug":"legal-notice","status":"publish","type":"page","link":"https:\/\/esentyaestate.com\/sv\/legal-notice\/","title":{"rendered":"Juridisk information"},"content":{"rendered":"<p style=\"text-align: center;\" data-start=\"279\" data-end=\"305\"><strong>R\u00c4TTSLIGT MEDDELANDE<\/strong><\/p>\n<p style=\"text-align: center;\" data-start=\"279\" data-end=\"305\"><a class=\"decorated-link\" href=\"https:\/\/esentyaestate.com\/sv\" target=\"_new\" rel=\"noopener\" data-start=\"279\" data-end=\"305\">https:\/\/esentyaestate.com\/<\/a><\/p>\n<h2 style=\"text-align: center;\" data-start=\"307\" data-end=\"335\"><strong data-start=\"310\" data-end=\"333\">ALLM\u00c4N INFORMATION<\/strong><\/h2>\n<p data-start=\"336\" data-end=\"586\">I enlighet med informationsskyldigheten i lag 34\/2002 om informationssamh\u00e4llets tj\u00e4nster och elektronisk handel (LSSI-CE) av den 11 juli tillhandah\u00e5lls f\u00f6ljande allm\u00e4nna informationsdata f\u00f6r denna webbplats:<br data-start=\"557\" data-end=\"560\" \/><a class=\"decorated-link\" href=\"https:\/\/esentyaestate.com\/sv\" target=\"_new\" rel=\"noopener\" data-start=\"560\" data-end=\"586\">https:\/\/esentyaestate.com\/<\/a><\/p>\n<p data-start=\"588\" data-end=\"884\">\u00c4garskapet till denna webbplats, <a class=\"decorated-link\" href=\"https:\/\/esentyaestate.com\/sv\" target=\"_new\" rel=\"noopener\" data-start=\"619\" data-end=\"645\">https:\/\/esentyaestate.com\/<\/a>, (nedan kallad Webbplatsen) innehas av: ESENTYA ESTATE &amp; PROMOTIONS SL, med skatte-ID: B10715092, vars kontaktuppgifter \u00e4r:<br data-start=\"765\" data-end=\"768\" \/>CALLE BORGm\u00e4stare, N.11 03188 Torrevieja Alicante<br data-start=\"811\" data-end=\"814\" \/>Kontakt-e-postadress: <a class=\"decorated-link cursor-pointer\" rel=\"noopener\" data-start=\"829\" data-end=\"861\">administracion@esentyaestate.com<\/a><br data-start=\"861\" data-end=\"864\" \/>Telefon: 634205959<\/p>\n<h2 data-start=\"891\" data-end=\"933\"><strong data-start=\"894\" data-end=\"933\">ALLM\u00c4NNA ANV\u00c4NDARVILLKOR<\/strong><\/h2>\n<h3 data-start=\"935\" data-end=\"987\"><strong data-start=\"939\" data-end=\"985\">Syftet med villkoren: Webbplatsen<\/strong><\/h3>\n<p data-start=\"988\" data-end=\"1515\">Syftet med dessa allm\u00e4nna anv\u00e4ndarvillkor (nedan kallade Villkor) \u00e4r att reglera \u00e5tkomst till och anv\u00e4ndning av webbplatsen. I dessa villkor ska webbplatsen f\u00f6rst\u00e5s som: det yttre utseendet p\u00e5 sk\u00e4rmgr\u00e4nssnitten, b\u00e5de statiska och dynamiska, dvs. navigationsstrukturen; och alla element som \u00e4r integrerade i sk\u00e4rmgr\u00e4nssnitten s\u00e5v\u00e4l som i navigationsstrukturen (nedan kallade Inneh\u00e5ll) och alla de tj\u00e4nster eller online-resurser som kan erbjudas anv\u00e4ndare (nedan kallade Tj\u00e4nster).<\/p>\n<p data-start=\"1517\" data-end=\"1898\"><a class=\"decorated-link\" href=\"https:\/\/esentyaestate.com\/sv\" target=\"_new\" rel=\"noopener\" data-start=\"1517\" data-end=\"1543\">https:\/\/esentyaestate.com\/<\/a> f\u00f6rbeh\u00e5ller sig r\u00e4tten att n\u00e4r som helst och utan f\u00f6reg\u00e5ende meddelande \u00e4ndra presentationen och konfigurationen av webbplatsen och inneh\u00e5llet och tj\u00e4nsterna som ing\u00e5r d\u00e4ri. Anv\u00e4ndaren bekr\u00e4ftar och accepterar att n\u00e4r som helst <a class=\"decorated-link\" href=\"https:\/\/esentyaestate.com\/sv\" target=\"_new\" rel=\"noopener\" data-start=\"1765\" data-end=\"1791\">https:\/\/esentyaestate.com\/<\/a> kan avbryta, inaktivera och\/eller avbryta alla element som \u00e4r integrerade i webbplatsen eller \u00e5tkomst till dem.<\/p>\n<p data-start=\"1900\" data-end=\"2182\">Anv\u00e4ndarens \u00e5tkomst till webbplatsen \u00e4r kostnadsfri och, som en allm\u00e4n regel, kostnadsfri utan att anv\u00e4ndaren beh\u00f6ver betala n\u00e5gon ers\u00e4ttning f\u00f6r att anv\u00e4nda den, f\u00f6rutom kostnaden f\u00f6r anslutningen via det telekommunikationsn\u00e4t som tillhandah\u00e5lls av den leverant\u00f6r som anv\u00e4ndaren har avtalat med.<\/p>\n<h3 data-start=\"2189\" data-end=\"2207\"><strong data-start=\"2193\" data-end=\"2205\">Anv\u00e4ndaren<\/strong><\/h3>\n<p data-start=\"2208\" data-end=\"2778\">\u00c5tkomst till, surfning p\u00e5 och anv\u00e4ndning av webbplatsen, s\u00e5v\u00e4l som de utrymmen som m\u00f6jligg\u00f6r interaktion mellan anv\u00e4ndare, och anv\u00e4ndaren och <a class=\"decorated-link\" href=\"https:\/\/esentyaestate.com\/sv\" target=\"_new\" rel=\"noopener\" data-start=\"2323\" data-end=\"2349\">https:\/\/esentyaestate.com\/<\/a>, s\u00e5som kommentarer och\/eller bloggutrymmen, ger Anv\u00e4ndaren villkor, varigenom alla h\u00e4ri fastst\u00e4llda Villkor accepteras fr\u00e5n det \u00f6gonblick d\u00e5 surfningen p\u00e5 Webbplatsen p\u00e5b\u00f6rjas, s\u00e5v\u00e4l som eventuella senare \u00e4ndringar, utan att det p\u00e5verkar till\u00e4mpningen av motsvarande tvingande r\u00e4ttsliga best\u00e4mmelser i f\u00f6rekommande fall. Med tanke p\u00e5 vikten av ovanst\u00e5ende rekommenderas Anv\u00e4ndaren att l\u00e4sa dem varje g\u00e5ng de bes\u00f6ker Webbplatsen.<\/p>\n<p data-start=\"2780\" data-end=\"2985\">Webbplatsen f\u00f6r <a class=\"decorated-link\" href=\"https:\/\/esentyaestate.com\/sv\" target=\"_new\" rel=\"noopener\" data-start=\"2795\" data-end=\"2821\">https:\/\/esentyaestate.com\/<\/a> tillhandah\u00e5ller ett stort utbud av information, tj\u00e4nster och data. Anv\u00e4ndaren tar ansvar f\u00f6r korrekt anv\u00e4ndning av webbplatsen. Detta ansvar omfattar:<\/p>\n<ul data-start=\"2987\" data-end=\"3775\">\n<li data-start=\"2987\" data-end=\"3276\">\n<p data-start=\"2989\" data-end=\"3276\">Anv\u00e4ndning av informationen, inneh\u00e5llet och\/eller tj\u00e4nsterna och data som erbjuds av <a class=\"decorated-link\" href=\"https:\/\/esentyaestate.com\/sv\" target=\"_new\" rel=\"noopener\" data-start=\"3058\" data-end=\"3084\">https:\/\/esentyaestate.com\/<\/a> utan att strida mot dessa Villkor, lagen, moral eller allm\u00e4n ordning, eller p\u00e5 n\u00e5got annat s\u00e4tt som kan skada tredje parts r\u00e4ttigheter eller webbplatsens funktion.<\/p>\n<\/li>\n<li data-start=\"3277\" data-end=\"3775\">\n<p data-start=\"3279\" data-end=\"3775\">Sanningsenligheten och lagligheten av den information som anv\u00e4ndaren l\u00e4mnat i de formul\u00e4r som utf\u00e4rdats av <a class=\"decorated-link\" href=\"https:\/\/esentyaestate.com\/sv\" target=\"_new\" rel=\"noopener\" data-start=\"3372\" data-end=\"3398\">https:\/\/esentyaestate.com\/<\/a> f\u00f6r \u00e5tkomst till visst Inneh\u00e5ll eller Tj\u00e4nster som erbjuds av Webbplatsen. Anv\u00e4ndaren ska i vilket fall som helst omedelbart meddela <a class=\"decorated-link\" href=\"https:\/\/esentyaestate.com\/sv\" target=\"_new\" rel=\"noopener\" data-start=\"3513\" data-end=\"3539\">https:\/\/esentyaestate.com\/<\/a> omst\u00e4ndigheter som m\u00f6jligg\u00f6r felaktig anv\u00e4ndning av informationen som registrerats i s\u00e5dana former, s\u00e5som, men inte begr\u00e4nsat till, st\u00f6ld, f\u00f6rlust eller obeh\u00f6rig \u00e5tkomst till identifierare och\/eller l\u00f6senord, i syfte att omedelbart radera dem.<\/p>\n<\/li>\n<\/ul>\n<p data-start=\"3777\" data-end=\"4117\"><a class=\"decorated-link\" href=\"https:\/\/esentyaestate.com\/sv\" target=\"_new\" rel=\"noopener\" data-start=\"3777\" data-end=\"3803\">https:\/\/esentyaestate.com\/<\/a> f\u00f6rbeh\u00e5ller sig r\u00e4tten att ta bort alla kommentarer och bidrag som bryter mot lagen, respekten f\u00f6r personens v\u00e4rdighet, som \u00e4r diskriminerande, fr\u00e4mlingsfientliga, rasistiska, pornografiska, spammande, som \u00e4r skadliga f\u00f6r ungdomar eller barn, allm\u00e4n ordning eller s\u00e4kerhet eller som enligt dess bed\u00f6mning inte \u00e4r l\u00e4mpliga f\u00f6r publicering.<\/p>\n<p data-start=\"4119\" data-end=\"4293\">I alla fall, <a class=\"decorated-link\" href=\"https:\/\/esentyaestate.com\/sv\" target=\"_new\" rel=\"noopener\" data-start=\"4132\" data-end=\"4158\">https:\/\/esentyaestate.com\/<\/a> ska inte ansvara f\u00f6r de \u00e5sikter som uttrycks av anv\u00e4ndare genom kommentarer eller andra blogg- eller deltagandeverktyg som kan finnas.<\/p>\n<p data-start=\"4295\" data-end=\"4443\">Endast \u00e5tkomst till denna webbplats inneb\u00e4r inte att n\u00e5gon form av kommersiell relation uppr\u00e4ttas mellan <a class=\"decorated-link\" href=\"https:\/\/esentyaestate.com\/sv\" target=\"_new\" rel=\"noopener\" data-start=\"4403\" data-end=\"4429\">https:\/\/esentyaestate.com\/<\/a> och anv\u00e4ndaren.<\/p>\n<p data-start=\"4445\" data-end=\"4598\">Denna webbplats riktar sig alltid till alla personer, oavsett \u00e5lder, som kan bes\u00f6ka och\/eller surfa p\u00e5 webbplatsens sidor, i enlighet med g\u00e4llande lagstiftning.<\/p>\n<p data-start=\"4600\" data-end=\"5122\">Webbplatsen riktar sig huvudsakligen till anv\u00e4ndare bosatta i Spanien.<br data-start=\"4655\" data-end=\"4658\" \/><a class=\"decorated-link\" href=\"https:\/\/esentyaestate.com\/sv\" target=\"_new\" rel=\"noopener\" data-start=\"4658\" data-end=\"4684\">https:\/\/esentyaestate.com\/<\/a> garanterar inte att webbplatsen f\u00f6ljer andra l\u00e4nders lagar, vare sig helt eller delvis. Om anv\u00e4ndaren \u00e4r bosatt eller har sin hemvist n\u00e5gon annanstans och beslutar att bes\u00f6ka och\/eller surfa p\u00e5 webbplatsen, g\u00f6r de det p\u00e5 eget ansvar; de m\u00e5ste se till att s\u00e5dan \u00e5tkomst och surfning f\u00f6ljer g\u00e4llande lokal lagstiftning, och <a class=\"decorated-link\" href=\"https:\/\/esentyaestate.com\/sv\" target=\"_new\" rel=\"noopener\" data-start=\"5027\" data-end=\"5053\">https:\/\/esentyaestate.com\/<\/a> ska inte ta n\u00e5got ansvar som kan uppst\u00e5 till f\u00f6ljd av n\u00e4mnda \u00e5tkomst.<\/p>\n<h2 data-start=\"5129\" data-end=\"5209\"><strong data-start=\"5132\" data-end=\"5209\">\u00c5TKOMST OCH BL\u00c4DDNING P\u00c5 WEBBPLATSEN: UNDANTAG FR\u00c5N GARANTIER OCH ANSVAR<\/strong><\/h2>\n<p data-start=\"5211\" data-end=\"5563\"><a class=\"decorated-link\" href=\"https:\/\/esentyaestate.com\/sv\" target=\"_new\" rel=\"noopener\" data-start=\"5211\" data-end=\"5237\">https:\/\/esentyaestate.com\/<\/a> garanterar inte webbplatsens kontinuitet, tillg\u00e4nglighet och anv\u00e4ndbarhet, inte heller inneh\u00e5llets eller tj\u00e4nsternas. <a class=\"decorated-link\" href=\"https:\/\/esentyaestate.com\/sv\" target=\"_new\" rel=\"noopener\" data-start=\"5350\" data-end=\"5376\">https:\/\/esentyaestate.com\/<\/a> kommer att g\u00f6ra allt f\u00f6r att s\u00e4kerst\u00e4lla att webbplatsen fungerar korrekt; det antar eller garanterar dock inte att \u00e5tkomsten till denna webbplats inte kommer att vara oavbruten eller felfri.<\/p>\n<p data-start=\"5565\" data-end=\"6038\">Det antar eller garanteras inte heller att inneh\u00e5llet eller programvaran som kan n\u00e5s via denna webbplats \u00e4r felfri eller kan orsaka skador p\u00e5 anv\u00e4ndarens datorsystem (programvara och h\u00e5rdvara). Under inga omst\u00e4ndigheter ska <a class=\"decorated-link\" href=\"https:\/\/esentyaestate.com\/sv\" target=\"_new\" rel=\"noopener\" data-start=\"5794\" data-end=\"5820\">https:\/\/esentyaestate.com\/<\/a> vara ansvarig f\u00f6r all f\u00f6rlust, skada eller skada av n\u00e5got slag som uppst\u00e5r till f\u00f6ljd av \u00e5tkomst, surfning och anv\u00e4ndning av webbplatsen, inklusive, men inte begr\u00e4nsat till, skador p\u00e5 datorsystem eller skador orsakade av inf\u00f6rande av virus.<\/p>\n<p data-start=\"6040\" data-end=\"6306\"><a class=\"decorated-link\" href=\"https:\/\/esentyaestate.com\/sv\" target=\"_new\" rel=\"noopener\" data-start=\"6040\" data-end=\"6066\">https:\/\/esentyaestate.com\/<\/a> ska inte heller vara ansvarig f\u00f6r n\u00e5gra skador som kan orsakas Anv\u00e4ndare genom felaktig anv\u00e4ndning av denna webbplats. I synnerhet ska den inte p\u00e5 n\u00e5got s\u00e4tt vara ansvarig f\u00f6r fel, avbrott, brist eller defekt i telekommunikation som kan uppst\u00e5.<\/p>\n<p data-start=\"6308\" data-end=\"6588\">H\u00e4rmed informeras att webbplatsen f\u00f6r <a class=\"decorated-link\" href=\"https:\/\/esentyaestate.com\/sv\" target=\"_new\" rel=\"noopener\" data-start=\"6350\" data-end=\"6376\">https:\/\/esentyaestate.com\/<\/a> tillhandah\u00e5ller eller kan komma att f\u00f6rse Anv\u00e4ndare med l\u00e4nkverktyg (s\u00e5som bland annat l\u00e4nkar, banners, knappar), kataloger och s\u00f6kmotorer som g\u00f6r det m\u00f6jligt f\u00f6r Anv\u00e4ndare att komma \u00e5t webbplatser som tillh\u00f6r och\/eller hanteras av tredje part.<\/p>\n<p data-start=\"6590\" data-end=\"6863\">Installationen av dessa l\u00e4nkar, kataloger och s\u00f6kmotorer p\u00e5 webbplatsen har till syfte att underl\u00e4tta f\u00f6r anv\u00e4ndare att s\u00f6ka efter och f\u00e5 tillg\u00e5ng till information som finns tillg\u00e4nglig p\u00e5 internet, och ska inte betraktas som ett f\u00f6rslag, en rekommendation eller en inbjudan att bes\u00f6ka dem.<\/p>\n<p data-start=\"6865\" data-end=\"7019\"><a class=\"decorated-link\" href=\"https:\/\/esentyaestate.com\/sv\" target=\"_new\" rel=\"noopener\" data-start=\"6865\" data-end=\"6891\">https:\/\/esentyaestate.com\/<\/a> erbjuder eller s\u00e4ljer inte, vare sig sj\u00e4lvt eller via tredje part, de produkter och\/eller tj\u00e4nster som finns tillg\u00e4ngliga p\u00e5 s\u00e5dana l\u00e4nkade webbplatser.<\/p>\n<p data-start=\"7021\" data-end=\"7197\">Likas\u00e5 garanterar den inte den tekniska tillg\u00e4ngligheten, riktigheten, sanningsenligheten, giltigheten eller lagligheten hos webbplatser utanf\u00f6r dess \u00e4go som kan n\u00e5s via l\u00e4nkarna.<\/p>\n<p data-start=\"7199\" data-end=\"7446\"><a class=\"decorated-link\" href=\"https:\/\/esentyaestate.com\/sv\" target=\"_new\" rel=\"noopener\" data-start=\"7199\" data-end=\"7225\">https:\/\/esentyaestate.com\/<\/a> ska inte granska eller kontrollera inneh\u00e5llet p\u00e5 andra webbplatser under n\u00e5gra omst\u00e4ndigheter, och inte heller godk\u00e4nna, granska eller st\u00f6dja produkter och tj\u00e4nster, inneh\u00e5ll, filer och annat material som finns p\u00e5 ovann\u00e4mnda l\u00e4nkade webbplatser.<\/p>\n<p data-start=\"7448\" data-end=\"7730\"><a class=\"decorated-link\" href=\"https:\/\/esentyaestate.com\/sv\" target=\"_new\" rel=\"noopener\" data-start=\"7448\" data-end=\"7474\">https:\/\/esentyaestate.com\/<\/a> tar inget ansvar f\u00f6r eventuella skador som kan uppst\u00e5 till f\u00f6ljd av \u00e5tkomst, anv\u00e4ndning, kvalitet eller laglighet av inneh\u00e5ll, kommunikation, \u00e5sikter, produkter och tj\u00e4nster p\u00e5 webbplatser som inte hanteras av <a class=\"decorated-link\" href=\"https:\/\/esentyaestate.com\/sv\" target=\"_new\" rel=\"noopener\" data-start=\"7666\" data-end=\"7692\">https:\/\/esentyaestate.com\/<\/a> och som \u00e4r l\u00e4nkade p\u00e5 denna webbplats.<\/p>\n<h2 data-start=\"7737\" data-end=\"7754\"><strong data-start=\"7740\" data-end=\"7754\">HYPERL\u00c4NKAR<\/strong><\/h2>\n<p data-start=\"7756\" data-end=\"7889\">Anv\u00e4ndaren eller tredje part som skapar en hyperl\u00e4nk fr\u00e5n en annan webbplats till webbplatsen f\u00f6r <a class=\"decorated-link\" href=\"https:\/\/esentyaestate.com\/sv\" target=\"_new\" rel=\"noopener\" data-start=\"7843\" data-end=\"7869\">https:\/\/esentyaestate.com\/<\/a> m\u00e5ste vara medveten om att:<\/p>\n<ul data-start=\"7891\" data-end=\"8466\">\n<li data-start=\"7891\" data-end=\"8061\">\n<p data-start=\"7893\" data-end=\"8061\">Reproduktion \u2013 helt eller delvis \u2013 av inneh\u00e5llet och\/eller tj\u00e4nsterna p\u00e5 webbplatsen \u00e4r inte till\u00e5ten utan uttryckligt tillst\u00e5nd fr\u00e5n <a class=\"decorated-link\" href=\"https:\/\/esentyaestate.com\/sv\" target=\"_new\" rel=\"noopener\" data-start=\"8033\" data-end=\"8059\">https:\/\/esentyaestate.com\/<\/a><\/p>\n<\/li>\n<li data-start=\"8062\" data-end=\"8225\">\n<p data-start=\"8064\" data-end=\"8225\">Inget falskt, felaktigt eller oriktigt p\u00e5st\u00e5ende om webbplatsen f\u00f6r <a class=\"decorated-link\" href=\"https:\/\/esentyaestate.com\/sv\" target=\"_new\" rel=\"noopener\" data-start=\"8129\" data-end=\"8155\">https:\/\/esentyaestate.com\/<\/a> inte heller om inneh\u00e5llet och\/eller tj\u00e4nsterna p\u00e5 webbplatsen \u00e4r till\u00e5tet.<\/p>\n<\/li>\n<li data-start=\"8226\" data-end=\"8466\">\n<p data-start=\"8228\" data-end=\"8466\">F\u00f6rutom hyperl\u00e4nken f\u00e5r webbplatsen d\u00e4r hyperl\u00e4nken \u00e4r etablerad inte inneh\u00e5lla n\u00e5got element fr\u00e5n denna webbplats som skyddas som immateriella r\u00e4ttigheter enligt spansk lag, s\u00e5vida inte uttryckligen godk\u00e4nts av <a class=\"decorated-link\" href=\"https:\/\/esentyaestate.com\/sv\" target=\"_new\" rel=\"noopener\" data-start=\"8438\" data-end=\"8464\">https:\/\/esentyaestate.com\/<\/a><\/p>\n<\/li>\n<\/ul>\n<p data-start=\"8468\" data-end=\"8780\">Uppr\u00e4ttandet av hyperl\u00e4nken inneb\u00e4r inte att det finns relationer mellan <a class=\"decorated-link\" href=\"https:\/\/esentyaestate.com\/sv\" target=\"_new\" rel=\"noopener\" data-start=\"8554\" data-end=\"8580\">https:\/\/esentyaestate.com\/<\/a> och \u00e4garen av webbplatsen fr\u00e5n vilken den \u00e4r gjord, inte heller k\u00e4nnedomen om och godk\u00e4nnandet av <a class=\"decorated-link\" href=\"https:\/\/esentyaestate.com\/sv\" target=\"_new\" rel=\"noopener\" data-start=\"8669\" data-end=\"8695\">https:\/\/esentyaestate.com\/<\/a> av inneh\u00e5llet, tj\u00e4nsterna och\/eller aktiviteterna som erbjuds p\u00e5 n\u00e4mnda webbplats, och vice versa.<\/p>\n<p data-start=\"8782\" data-end=\"8903\"><em data-start=\"8782\" data-end=\"8903\">(Obs: Det duplicerade stycket p\u00e5 spanska har avsiktligt beh\u00e5llits som det \u00e4r, efter din beg\u00e4ran om ordagrann \u00f6vers\u00e4ttning.)<\/em><\/p>\n<p data-start=\"8905\" data-end=\"9038\">Anv\u00e4ndaren eller tredje part som skapar en hyperl\u00e4nk fr\u00e5n en annan webbplats till webbplatsen f\u00f6r <a class=\"decorated-link\" href=\"https:\/\/esentyaestate.com\/sv\" target=\"_new\" rel=\"noopener\" data-start=\"8992\" data-end=\"9018\">https:\/\/esentyaestate.com\/<\/a> m\u00e5ste vara medveten om att:<\/p>\n<ul data-start=\"9040\" data-end=\"9615\">\n<li data-start=\"9040\" data-end=\"9210\">\n<p data-start=\"9042\" data-end=\"9210\">Reproduktion \u2013 helt eller delvis \u2013 av inneh\u00e5llet och\/eller tj\u00e4nsterna p\u00e5 webbplatsen \u00e4r inte till\u00e5ten utan uttryckligt tillst\u00e5nd fr\u00e5n <a class=\"decorated-link\" href=\"https:\/\/esentyaestate.com\/sv\" target=\"_new\" rel=\"noopener\" data-start=\"9182\" data-end=\"9208\">https:\/\/esentyaestate.com\/<\/a><\/p>\n<\/li>\n<li data-start=\"9211\" data-end=\"9374\">\n<p data-start=\"9213\" data-end=\"9374\">Inget falskt, felaktigt eller oriktigt p\u00e5st\u00e5ende om webbplatsen f\u00f6r <a class=\"decorated-link\" href=\"https:\/\/esentyaestate.com\/sv\" target=\"_new\" rel=\"noopener\" data-start=\"9278\" data-end=\"9304\">https:\/\/esentyaestate.com\/<\/a> inte heller om inneh\u00e5llet och\/eller tj\u00e4nsterna p\u00e5 webbplatsen \u00e4r till\u00e5tet.<\/p>\n<\/li>\n<li data-start=\"9375\" data-end=\"9615\">\n<p data-start=\"9377\" data-end=\"9615\">F\u00f6rutom hyperl\u00e4nken f\u00e5r webbplatsen d\u00e4r hyperl\u00e4nken \u00e4r etablerad inte inneh\u00e5lla n\u00e5got element fr\u00e5n denna webbplats som skyddas som immateriella r\u00e4ttigheter enligt spansk lag, s\u00e5vida inte uttryckligen godk\u00e4nts av <a class=\"decorated-link\" href=\"https:\/\/esentyaestate.com\/sv\" target=\"_new\" rel=\"noopener\" data-start=\"9587\" data-end=\"9613\">https:\/\/esentyaestate.com\/<\/a><\/p>\n<\/li>\n<\/ul>\n<p data-start=\"9617\" data-end=\"9929\">Uppr\u00e4ttandet av hyperl\u00e4nken inneb\u00e4r inte att det finns relationer mellan <a class=\"decorated-link\" href=\"https:\/\/esentyaestate.com\/sv\" target=\"_new\" rel=\"noopener\" data-start=\"9703\" data-end=\"9729\">https:\/\/esentyaestate.com\/<\/a> och \u00e4garen av webbplatsen fr\u00e5n vilken den \u00e4r gjord, inte heller k\u00e4nnedomen om och godk\u00e4nnandet av <a class=\"decorated-link\" href=\"https:\/\/esentyaestate.com\/sv\" target=\"_new\" rel=\"noopener\" data-start=\"9818\" data-end=\"9844\">https:\/\/esentyaestate.com\/<\/a> av inneh\u00e5llet, tj\u00e4nsterna och\/eller aktiviteterna som erbjuds p\u00e5 n\u00e4mnda webbplats, och vice versa.<\/p>\n<h2 data-start=\"9936\" data-end=\"9979\"><strong data-start=\"9939\" data-end=\"9979\">IMMATERIELLA OCH INDUSTRIELLA R\u00c4TTIGHETER<\/strong><\/h2>\n<p data-start=\"9981\" data-end=\"10625\"><a class=\"decorated-link\" href=\"https:\/\/esentyaestate.com\/sv\" target=\"_new\" rel=\"noopener\" data-start=\"9981\" data-end=\"10007\">https:\/\/esentyaestate.com\/<\/a>, sj\u00e4lvst\u00e4ndigt eller som r\u00e4ttighetsinnehavare, \u00e4gare till alla immateriella och industriella r\u00e4ttigheter till webbplatsen, s\u00e5v\u00e4l som till de element som finns d\u00e4ri (inklusive, men inte begr\u00e4nsat till, bilder, ljud, video, programvara eller texter, varum\u00e4rken eller logotyper, f\u00e4rgkombinationer, struktur och design, val av material som anv\u00e4nds, datorprogram som \u00e4r n\u00f6dv\u00e4ndiga f\u00f6r dess drift, \u00e5tkomst och anv\u00e4ndning, etc.). De ska d\u00e4rf\u00f6r vara verk som skyddas som immateriella r\u00e4ttigheter enligt spansk lag, som \u00e4r till\u00e4mplig b\u00e5de spansk och EU-lagstiftning p\u00e5 detta omr\u00e5de, s\u00e5v\u00e4l som internationella f\u00f6rdrag relaterade till \u00e4mnet och undertecknade av Spanien.<\/p>\n<p data-start=\"10627\" data-end=\"11000\">Alla r\u00e4ttigheter f\u00f6rbeh\u00e5llna. I enlighet med best\u00e4mmelserna i immaterialr\u00e4ttslagen f\u00e5r reproduktion, distribution och offentligg\u00f6rande, inklusive s\u00e4ttet att tillg\u00e4ngligg\u00f6ra, av hela eller delar av inneh\u00e5llet p\u00e5 denna webbplats f\u00f6r kommersiella \u00e4ndam\u00e5l, i vilket medium som helst och med vilket tekniskt medel som helst, utan tillst\u00e5nd fr\u00e5n <a class=\"decorated-link\" href=\"https:\/\/esentyaestate.com\/sv\" target=\"_new\" rel=\"noopener\" data-start=\"10947\" data-end=\"10973\">https:\/\/esentyaestate.com\/<\/a>, \u00e4r uttryckligen f\u00f6rbjudna.<\/p>\n<p data-start=\"11002\" data-end=\"11418\">Anv\u00e4ndaren \u00e5tar sig att respektera immateriella och industriella r\u00e4ttigheter som tillh\u00f6r <a class=\"decorated-link\" href=\"https:\/\/esentyaestate.com\/sv\" target=\"_new\" rel=\"noopener\" data-start=\"11084\" data-end=\"11110\">https:\/\/esentyaestate.com\/<\/a>Anv\u00e4ndaren f\u00e5r se webbplatsens element eller till och med skriva ut, kopiera och lagra dem p\u00e5 sin dators h\u00e5rddisk eller n\u00e5got annat fysiskt medium, f\u00f6rutsatt att det enbart \u00e4r f\u00f6r personligt bruk. Anv\u00e4ndaren f\u00e5r dock inte ta bort, \u00e4ndra eller manipulera n\u00e5gon skyddsanordning eller s\u00e4kerhetssystem som \u00e4r installerat p\u00e5 webbplatsen.<\/p>\n<p data-start=\"11420\" data-end=\"11720\">Om anv\u00e4ndaren eller tredje part anser att n\u00e5got av webbplatsens inneh\u00e5ll inneb\u00e4r ett intr\u00e5ng i immateriella r\u00e4ttigheter, m\u00e5ste de omedelbart meddela detta <a class=\"decorated-link\" href=\"https:\/\/esentyaestate.com\/sv\" target=\"_new\" rel=\"noopener\" data-start=\"11584\" data-end=\"11610\">https:\/\/esentyaestate.com\/<\/a> via kontaktuppgifterna i avsnittet ALLM\u00c4N INFORMATION i detta juridiska meddelande och de allm\u00e4nna anv\u00e4ndarvillkoren.<\/p>\n<h2 data-start=\"11727\" data-end=\"11780\"><strong data-start=\"11730\" data-end=\"11780\">R\u00c4TTSLIGA \u00c5TG\u00c4RDER, TILL\u00c4MPLIG LAG OCH JURISDIKTION<\/strong><\/h2>\n<p data-start=\"11782\" data-end=\"11965\"><a class=\"decorated-link\" href=\"https:\/\/esentyaestate.com\/sv\" target=\"_new\" rel=\"noopener\" data-start=\"11782\" data-end=\"11808\">https:\/\/esentyaestate.com\/<\/a> f\u00f6rbeh\u00e5ller sig r\u00e4tten att v\u00e4cka alla civilr\u00e4ttsliga eller straffr\u00e4ttsliga \u00e5tg\u00e4rder som den anser n\u00f6dv\u00e4ndiga f\u00f6r felaktig anv\u00e4ndning av webbplatsen och inneh\u00e5llet, eller f\u00f6r brott mot dessa villkor.<\/p>\n<p data-start=\"11967\" data-end=\"12330\">Relationen mellan anv\u00e4ndaren och <a class=\"decorated-link\" href=\"https:\/\/esentyaestate.com\/sv\" target=\"_new\" rel=\"noopener\" data-start=\"12005\" data-end=\"12031\">https:\/\/esentyaestate.com\/<\/a> ska regleras av g\u00e4llande och till\u00e4mplig lagstiftning i Spanien. Om det uppst\u00e5r n\u00e5gon tvist ang\u00e5ende tolkningen och\/eller till\u00e4mpningen av dessa villkor, ska parterna h\u00e4nskjuta sina tvister till allm\u00e4n jurisdiktion, varvid de domare och domstolar som motsvarar lagen ska underkastas dem.<\/p>\n<p data-start=\"12332\" data-end=\"12366\"><strong data-start=\"12332\" data-end=\"12366\">Senast \u00e4ndrad: 12 maj 2025<\/strong><\/p>","protected":false},"excerpt":{"rendered":"<p>LEGAL NOTICE https:\/\/esentyaestate.com\/ GENERAL INFORMATION In compliance with the duty of information set forth in Law 34\/2002 on Information Society Services and Electronic Commerce (LSSI-CE) of 11 July, the following general information data for this website are provided below:https:\/\/esentyaestate.com\/ The ownership of this website, https:\/\/esentyaestate.com\/, (hereinafter, Website) is held by: ESENTYA ESTATE &amp; PROMOTIONS S.L, with Tax ID: B10715092, whose contact details are:CALLE MAYOR, &#8230;<\/p>","protected":false},"author":1,"featured_media":0,"parent":0,"menu_order":0,"comment_status":"closed","ping_status":"closed","template":"page-templates\/terms_conditions.php","meta":{"inline_featured_image":false,"footnotes":""},"class_list":["post-5275","page","type-page","status-publish","hentry"],"_links":{"self":[{"href":"https:\/\/esentyaestate.com\/sv\/wp-json\/wp\/v2\/pages\/5275","targetHints":{"allow":["GET"]}}],"collection":[{"href":"https:\/\/esentyaestate.com\/sv\/wp-json\/wp\/v2\/pages"}],"about":[{"href":"https:\/\/esentyaestate.com\/sv\/wp-json\/wp\/v2\/types\/page"}],"author":[{"embeddable":true,"href":"https:\/\/esentyaestate.com\/sv\/wp-json\/wp\/v2\/users\/1"}],"replies":[{"embeddable":true,"href":"https:\/\/esentyaestate.com\/sv\/wp-json\/wp\/v2\/comments?post=5275"}],"version-history":[{"count":0,"href":"https:\/\/esentyaestate.com\/sv\/wp-json\/wp\/v2\/pages\/5275\/revisions"}],"wp:attachment":[{"href":"https:\/\/esentyaestate.com\/sv\/wp-json\/wp\/v2\/media?parent=5275"}],"curies":[{"name":"wp","href":"https:\/\/api.w.org\/{rel}","templated":true}]}}